{"id":1410784220,"date":"2025-06-25T19:13:14","date_gmt":"2025-06-25T22:13:14","guid":{"rendered":"https:\/\/dinhosreef.com\/produto\/quatree-select-filhotes-rp-10-1kg\/"},"modified":"2026-02-03T12:04:14","modified_gmt":"2026-02-03T15:04:14","slug":"quatree-select-filhotes-rp-10-1kg","status":"publish","type":"product","link":"https:\/\/dinhosreef.com\/en\/product\/quatree-select-filhotes-rp-10-1kg\/","title":{"rendered":"QUATREE SELECT FILHOTES RP 10.1KG"},"content":{"rendered":"<h2 class=\"ui-pdp-description__title\" data-testid=\"title\">Descri\u00e7\u00e3o<\/h2>\n<p class=\"ui-pdp-description__content\" data-testid=\"content\">Ra\u00e7\u00e3o Quatree Select C\u00e3es Filhotes Ra\u00e7as Pequenas Frango e Arroz \u2013 10,1kg<\/p>\n<p>&#8211; Indicado para c\u00e3es filhotes;<br \/>\n&#8211; Para c\u00e3es de porte pequeno;<br \/>\n&#8211; Cont\u00e9m \u00d4mega 3 e 6;<br \/>\n&#8211; Promove sa\u00fade intestinal.<br \/>\n&#8211; Sabor frango, arroz e batata doce.<\/p>\n<p>Indicado tamb\u00e9m para f\u00eameas a partir da sexta semana de gesta\u00e7\u00e3o at\u00e9 o desmame total dos filhotes. Quatree Select C\u00e3es Filhotes Ra\u00e7as Pequenas tem f\u00f3rmula com batata doce que garante mais energia e saciedade por mais tempo. Com \u00d4megas 3 e 6 para a manuten\u00e7\u00e3o da sa\u00fade da pele e pelagem.<\/p>\n<p>Fornece todos os nutrientes para o desenvolvimento do filhote, contribuindo para o crescimento forte e saud\u00e1vel. Cont\u00e9m DHA que proporciona melhor capacidade de aprendizado e mais sa\u00fade para a vis\u00e3o.<\/p>\n<p>Modo de usar<br \/>\nFornecer diariamente o alimento Quatree Select Filhotes Ra\u00e7as Pequenas dividido em duas a quatro por\u00e7\u00f5es, de acordo com o peso do animal. As quantidades indicadas na tabela acima s\u00e3o uma refer\u00eancia, podendo variar conforme a ra\u00e7a, idade e atividade do c\u00e3o ou de acordo com a orienta\u00e7\u00e3o do m\u00e9dico-veterin\u00e1rio.<\/p>\n<p>Quantidade Di\u00e1ria<\/p>\n<p>Peso Estimado do C\u00e3o Adulto Desmame at\u00e9 3 meses 4 a 6 meses 7 a 12 meses<br \/>\n2kg 60g 60g 50g<br \/>\n4kg 100g 105g 85g<br \/>\n6kg 120g 130g 125g<br \/>\n8kg 140g 170g 155g<br \/>\n10kg 195g 205g 180g<br \/>\n12kg 215g 235g 205g<\/p>","protected":false},"excerpt":{"rendered":"<p>Descri\u00e7\u00e3o Ra\u00e7\u00e3o Quatree Select C\u00e3es Filhotes Ra\u00e7as Pequenas Frango e Arroz \u2013 10,1kg &#8211; Indicado para c\u00e3es filhotes; &#8211; Para c\u00e3es de porte pequeno; &#8211; Cont\u00e9m \u00d4mega 3 e 6; &#8211; Promove sa\u00fade intestinal. &#8211; Sabor frango, arroz e batata doce. Indicado tamb\u00e9m para f\u00eameas a partir da sexta semana de gesta\u00e7\u00e3o at\u00e9 o desmame [&hellip;]<\/p>\n","protected":false},"featured_media":1410784219,"comment_status":"open","ping_status":"closed","template":"","meta":{"googlesitekit_rrm_CAow0N7NCw:productID":"","content-type":"","pmpro_default_level":"","_themeisle_gutenberg_block_has_review":false},"product_brand":[336],"product_cat":[259],"product_tag":[],"class_list":{"0":"post-1410784220","1":"product","2":"type-product","3":"status-publish","4":"has-post-thumbnail","6":"product_brand-quatree","7":"product_cat-racoes-alimento-petisco-e-suplemento-caes","8":"pmpro-has-access","10":"first","11":"outofstock","12":"taxable","13":"shipping-taxable","14":"purchasable","15":"product-type-simple"},"_links":{"self":[{"href":"https:\/\/dinhosreef.com\/en\/wp-json\/wp\/v2\/product\/1410784220","targetHints":{"allow":["GET"]}}],"collection":[{"href":"https:\/\/dinhosreef.com\/en\/wp-json\/wp\/v2\/product"}],"about":[{"href":"https:\/\/dinhosreef.com\/en\/wp-json\/wp\/v2\/types\/product"}],"replies":[{"embeddable":true,"href":"https:\/\/dinhosreef.com\/en\/wp-json\/wp\/v2\/comments?post=1410784220"}],"wp:featuredmedia":[{"embeddable":true,"href":"https:\/\/dinhosreef.com\/en\/wp-json\/wp\/v2\/media\/1410784219"}],"wp:attachment":[{"href":"https:\/\/dinhosreef.com\/en\/wp-json\/wp\/v2\/media?parent=1410784220"}],"wp:term":[{"taxonomy":"product_brand","embeddable":true,"href":"https:\/\/dinhosreef.com\/en\/wp-json\/wp\/v2\/product_brand?post=1410784220"},{"taxonomy":"product_cat","embeddable":true,"href":"https:\/\/dinhosreef.com\/en\/wp-json\/wp\/v2\/product_cat?post=1410784220"},{"taxonomy":"product_tag","embeddable":true,"href":"https:\/\/dinhosreef.com\/en\/wp-json\/wp\/v2\/product_tag?post=1410784220"}],"curies":[{"name":"wp","href":"https:\/\/api.w.org\/{rel}","templated":true}]}}