{"id":1410784230,"date":"2025-06-28T11:31:03","date_gmt":"2025-06-28T14:31:03","guid":{"rendered":"https:\/\/dinhosreef.com\/produto\/racao-gatos-royal-canin-v-diet-renal-400g\/"},"modified":"2025-12-29T09:58:23","modified_gmt":"2025-12-29T12:58:23","slug":"racao-gatos-royal-canin-v-diet-renal-400g","status":"publish","type":"product","link":"https:\/\/dinhosreef.com\/en\/product\/racao-gatos-royal-canin-v-diet-renal-400g\/","title":{"rendered":"Ra\u00e7\u00e3o Gatos Royal Canin V.diet Renal 400g"},"content":{"rendered":"<h2 class=\"ui-pdp-description__title\" data-testid=\"title\">Descri\u00e7\u00e3o<\/h2>\n<p class=\"ui-pdp-description__content\" data-testid=\"content\">&#8211; Indicada para gatos;<br \/>&#8211; Formulada com baixo teor de f\u00f3sforo;<br \/>&#8211; Teor moderado de prote\u00edna de alta qualidade para apoiar a fun\u00e7\u00e3o renal;<br \/>&#8211; Ajuda na qualidade de vida do gato;<br \/>&#8211; Conte\u00fado energ\u00e9tico adaptado para reduzir o volume da refei\u00e7\u00e3o;<br \/>&#8211; Ajudar a compensar a diminui\u00e7\u00e3o do apetite;<br \/>&#8211; Um perfil arom\u00e1tico espec\u00edfico com formato de croquete dedicado para ajudar a estimular o apetite do gato, principalmente em casos de avers\u00e3o alimentar.<\/p>","protected":false},"excerpt":{"rendered":"<p>Descri\u00e7\u00e3o &#8211; Indicada para gatos;&#8211; Formulada com baixo teor de f\u00f3sforo;&#8211; Teor moderado de prote\u00edna de alta qualidade para apoiar a fun\u00e7\u00e3o renal;&#8211; Ajuda na qualidade de vida do gato;&#8211; Conte\u00fado energ\u00e9tico adaptado para reduzir o volume da refei\u00e7\u00e3o;&#8211; Ajudar a compensar a diminui\u00e7\u00e3o do apetite;&#8211; Um perfil arom\u00e1tico espec\u00edfico com formato de croquete dedicado [&hellip;]<\/p>\n","protected":false},"featured_media":1410784229,"comment_status":"open","ping_status":"closed","template":"","meta":{"googlesitekit_rrm_CAow0N7NCw:productID":"","content-type":"","pmpro_default_level":"","_themeisle_gutenberg_block_has_review":false},"product_brand":[],"product_cat":[256],"product_tag":[],"class_list":{"0":"post-1410784230","1":"product","2":"type-product","3":"status-publish","4":"has-post-thumbnail","6":"product_cat-racoes","7":"pmpro-has-access","9":"first","10":"outofstock","11":"taxable","12":"shipping-taxable","13":"purchasable","14":"product-type-simple"},"_links":{"self":[{"href":"https:\/\/dinhosreef.com\/en\/wp-json\/wp\/v2\/product\/1410784230","targetHints":{"allow":["GET"]}}],"collection":[{"href":"https:\/\/dinhosreef.com\/en\/wp-json\/wp\/v2\/product"}],"about":[{"href":"https:\/\/dinhosreef.com\/en\/wp-json\/wp\/v2\/types\/product"}],"replies":[{"embeddable":true,"href":"https:\/\/dinhosreef.com\/en\/wp-json\/wp\/v2\/comments?post=1410784230"}],"wp:featuredmedia":[{"embeddable":true,"href":"https:\/\/dinhosreef.com\/en\/wp-json\/wp\/v2\/media\/1410784229"}],"wp:attachment":[{"href":"https:\/\/dinhosreef.com\/en\/wp-json\/wp\/v2\/media?parent=1410784230"}],"wp:term":[{"taxonomy":"product_brand","embeddable":true,"href":"https:\/\/dinhosreef.com\/en\/wp-json\/wp\/v2\/product_brand?post=1410784230"},{"taxonomy":"product_cat","embeddable":true,"href":"https:\/\/dinhosreef.com\/en\/wp-json\/wp\/v2\/product_cat?post=1410784230"},{"taxonomy":"product_tag","embeddable":true,"href":"https:\/\/dinhosreef.com\/en\/wp-json\/wp\/v2\/product_tag?post=1410784230"}],"curies":[{"name":"wp","href":"https:\/\/api.w.org\/{rel}","templated":true}]}}