{"id":1410784232,"date":"2025-06-28T11:31:10","date_gmt":"2025-06-28T14:31:10","guid":{"rendered":"https:\/\/dinhosreef.com\/produto\/racao-royal-canin-v-diet-canine-urinary-2kg\/"},"modified":"2025-12-15T09:43:08","modified_gmt":"2025-12-15T12:43:08","slug":"racao-royal-canin-v-diet-canine-urinary-2kg","status":"publish","type":"product","link":"https:\/\/dinhosreef.com\/en\/product\/racao-royal-canin-v-diet-canine-urinary-2kg\/","title":{"rendered":"Ra\u00e7\u00e3o Royal Canin V.diet Canine Urinary 2kg"},"content":{"rendered":"<h2 class=\"ui-pdp-description__title\" data-testid=\"title\">Descri\u00e7\u00e3o<\/h2>\n<p class=\"ui-pdp-description__content\" data-testid=\"content\">A Ra\u00e7\u00e3o Royal Canin Canine Veterinary Diet Urinary S\/O para C\u00e3es com Doen\u00e7as Urin\u00e1rias, \u00e9 indicada em casos de cistite bacteriana ou idiop\u00e1tica (adjuvante ao tratamento convencional).<\/p>","protected":false},"excerpt":{"rendered":"<p>Descri\u00e7\u00e3o A Ra\u00e7\u00e3o Royal Canin Canine Veterinary Diet Urinary S\/O para C\u00e3es com Doen\u00e7as Urin\u00e1rias, \u00e9 indicada em casos de cistite bacteriana ou idiop\u00e1tica (adjuvante ao tratamento convencional).<\/p>","protected":false},"featured_media":1410784231,"comment_status":"open","ping_status":"closed","template":"","meta":{"googlesitekit_rrm_CAow0N7NCw:productID":"","content-type":"","pmpro_default_level":"","_themeisle_gutenberg_block_has_review":false},"product_brand":[],"product_cat":[259],"product_tag":[],"class_list":{"0":"post-1410784232","1":"product","2":"type-product","3":"status-publish","4":"has-post-thumbnail","6":"product_cat-racoes-alimento-petisco-e-suplemento-caes","7":"pmpro-has-access","9":"first","10":"outofstock","11":"taxable","12":"shipping-taxable","13":"purchasable","14":"product-type-simple"},"_links":{"self":[{"href":"https:\/\/dinhosreef.com\/en\/wp-json\/wp\/v2\/product\/1410784232","targetHints":{"allow":["GET"]}}],"collection":[{"href":"https:\/\/dinhosreef.com\/en\/wp-json\/wp\/v2\/product"}],"about":[{"href":"https:\/\/dinhosreef.com\/en\/wp-json\/wp\/v2\/types\/product"}],"replies":[{"embeddable":true,"href":"https:\/\/dinhosreef.com\/en\/wp-json\/wp\/v2\/comments?post=1410784232"}],"wp:featuredmedia":[{"embeddable":true,"href":"https:\/\/dinhosreef.com\/en\/wp-json\/wp\/v2\/media\/1410784231"}],"wp:attachment":[{"href":"https:\/\/dinhosreef.com\/en\/wp-json\/wp\/v2\/media?parent=1410784232"}],"wp:term":[{"taxonomy":"product_brand","embeddable":true,"href":"https:\/\/dinhosreef.com\/en\/wp-json\/wp\/v2\/product_brand?post=1410784232"},{"taxonomy":"product_cat","embeddable":true,"href":"https:\/\/dinhosreef.com\/en\/wp-json\/wp\/v2\/product_cat?post=1410784232"},{"taxonomy":"product_tag","embeddable":true,"href":"https:\/\/dinhosreef.com\/en\/wp-json\/wp\/v2\/product_tag?post=1410784232"}],"curies":[{"name":"wp","href":"https:\/\/api.w.org\/{rel}","templated":true}]}}