{"id":1410784240,"date":"2025-06-28T11:32:12","date_gmt":"2025-06-28T14:32:12","guid":{"rendered":"https:\/\/dinhosreef.com\/produto\/simparic-para-caes-de-13-a-25kg-5mg-com-3-comprimidos\/"},"modified":"2025-10-26T21:13:04","modified_gmt":"2025-10-27T00:13:04","slug":"simparic-para-caes-de-13-a-25kg-5mg-com-3-comprimidos","status":"publish","type":"product","link":"https:\/\/dinhosreef.com\/en\/product\/simparic-para-caes-de-13-a-25kg-5mg-com-3-comprimidos\/","title":{"rendered":"Simparic Para C\u00e3es De 1,3 a 2,5kg (5mg) Com 3 Comprimidos"},"content":{"rendered":"<ul>\n<li>Indicado para c\u00e3es de 1,3 a 2,5 kg;<\/p>\n<\/li>\n<\/ul>\n<p>&#8211; Prote\u00e7\u00e3o contra pulgas, carrapatos e sarnas;<\/p>\n<p>&#8211; Comprimido mastig\u00e1vel;\u00a0<\/p>\n<p>&#8211; Indicado para c\u00e3es apartir de 8 semanas e peso acima de 1,3 kg;<\/p>\n<p>&#8211; Come\u00e7a a agir rapidamente;<\/p>\n<p>&#8211; Protege por 35 dias;<\/p>\n<p>&#8211; Dispon\u00edvel em embalagens com 1 ou 3 tabletes mastig\u00e1veis de 5 mg.<\/p>\n<p>\u00a0<\/p>\n<p><strong>Descri\u00e7\u00e3o:<\/strong><\/p>\n<p>O Antipulgas Zoetis Simparic 5 mg para C\u00e3es 1,3 a 2,5 kg \u00e9 utilizado para o tratamento das infesta\u00e7\u00f5es por pulgas e sarna sarc\u00f3tica. Ap\u00f3s a administra\u00e7\u00e3o do Simparic, a sua atividade contra pulgas dura, pelo menos, 5 semanas. O medicamento tamb\u00e9m pode ser utilizado como parte de uma estrat\u00e9gia de tratamento para o controle da dermatite al\u00e9rgica por picada de pulga (uma rea\u00e7\u00e3o al\u00e9rgica \u00e0s picadas de pulga). Cont\u00e9m a subst\u00e2ncia ativa sarolaner.<\/p>\n<p>\u00a0<\/p>\n<p><strong>Especifica\u00e7\u00f5es:<\/strong><\/p>\n<p>Idade: Adulto, Filhote, S\u00eanior, S\u00eanior, Filhote e Adulto<\/p>\n<p>Pet: Cachorros e Cachorros<\/p>\n<p>Porte de Ra\u00e7a: Pequeno<\/p>\n<p>Uso: Oral e Oral<\/p>","protected":false},"excerpt":{"rendered":"<p>Indicado para c\u00e3es de 1,3 a 2,5 kg; &#8211; Prote\u00e7\u00e3o contra pulgas, carrapatos e sarnas; &#8211; Comprimido mastig\u00e1vel;\u00a0 &#8211; Indicado para c\u00e3es apartir de 8 semanas e peso acima de 1,3 kg; &#8211; Come\u00e7a a agir rapidamente; &#8211; Protege por 35 dias; &#8211; Dispon\u00edvel em embalagens com 1 ou 3 tabletes mastig\u00e1veis de 5 mg. [&hellip;]<\/p>\n","protected":false},"featured_media":1410784239,"comment_status":"open","ping_status":"closed","template":"","meta":{"googlesitekit_rrm_CAow0N7NCw:productID":"","content-type":"","pmpro_default_level":"","_themeisle_gutenberg_block_has_review":false},"product_brand":[],"product_cat":[268],"product_tag":[],"class_list":{"0":"post-1410784240","1":"product","2":"type-product","3":"status-publish","4":"has-post-thumbnail","6":"product_cat-tratamentos-anti-pulgas","7":"pmpro-has-access","9":"first","10":"instock","11":"taxable","12":"shipping-taxable","13":"purchasable","14":"product-type-simple"},"_links":{"self":[{"href":"https:\/\/dinhosreef.com\/en\/wp-json\/wp\/v2\/product\/1410784240","targetHints":{"allow":["GET"]}}],"collection":[{"href":"https:\/\/dinhosreef.com\/en\/wp-json\/wp\/v2\/product"}],"about":[{"href":"https:\/\/dinhosreef.com\/en\/wp-json\/wp\/v2\/types\/product"}],"replies":[{"embeddable":true,"href":"https:\/\/dinhosreef.com\/en\/wp-json\/wp\/v2\/comments?post=1410784240"}],"wp:featuredmedia":[{"embeddable":true,"href":"https:\/\/dinhosreef.com\/en\/wp-json\/wp\/v2\/media\/1410784239"}],"wp:attachment":[{"href":"https:\/\/dinhosreef.com\/en\/wp-json\/wp\/v2\/media?parent=1410784240"}],"wp:term":[{"taxonomy":"product_brand","embeddable":true,"href":"https:\/\/dinhosreef.com\/en\/wp-json\/wp\/v2\/product_brand?post=1410784240"},{"taxonomy":"product_cat","embeddable":true,"href":"https:\/\/dinhosreef.com\/en\/wp-json\/wp\/v2\/product_cat?post=1410784240"},{"taxonomy":"product_tag","embeddable":true,"href":"https:\/\/dinhosreef.com\/en\/wp-json\/wp\/v2\/product_tag?post=1410784240"}],"curies":[{"name":"wp","href":"https:\/\/api.w.org\/{rel}","templated":true}]}}