{"id":1410784252,"date":"2025-06-28T11:32:46","date_gmt":"2025-06-28T14:32:46","guid":{"rendered":"https:\/\/dinhosreef.com\/produto\/drontal-puppy-100ml-vermifugo-p-caes-filhotes-original\/"},"modified":"2025-07-09T19:02:39","modified_gmt":"2025-07-09T22:02:39","slug":"drontal-puppy-100ml-vermifugo-p-caes-filhotes-original","status":"publish","type":"product","link":"https:\/\/dinhosreef.com\/en\/product\/drontal-puppy-100ml-vermifugo-p-caes-filhotes-original\/","title":{"rendered":"Drontal Puppy 100ml Vermifugo P\/ Caes Filhotes Original"},"content":{"rendered":"<h2 class=\"ui-pdp-description__title\" data-testid=\"title\">Descri\u00e7\u00e3o<\/h2>\n<p class=\"ui-pdp-description__content\" data-testid=\"content\">Drontal Puppy Elanco Verm\u00edfugo para C\u00e3es &#8211; 100 mL<\/p>\n<p>&#8211; Suspens\u00e3o oral;<br \/>&#8211; Acompanha seringa para facilitar a aplica\u00e7\u00e3o;<br \/>&#8211; Elimina, em dose \u00fanica, os cestoides e nemat\u00f3deos;<br \/>&#8211; Dispensa regime pr\u00e9vio ou jejum pr\u00e9vio para a administra\u00e7\u00e3o;<br \/>&#8211; Extermina com tr\u00eas doses, a gi\u00e1rdia presente no intestino do c\u00e3o;<br \/>&#8211; Filhotes podem ser tratados durante a lacta\u00e7\u00e3o e ap\u00f3s o desmame, com 2, 4, 8 e 12 semanas, e aos 4, 5 e 6 meses.<\/p>\n<p>* Consulte sempre o M\u00e9dico Veterin\u00e1rio de sua confian\u00e7a para o uso apropriado deste produto. Leia a bula ou informa\u00e7\u00f5es descritas na embalagem.<\/p>\n<p>Detalhes<\/p>\n<p>O\u00a0Verm\u00edfugo Drontal Puppy\u00a0&#8211; 100 mL \u00e9 indicado para o tratamento e controle das verminoses intestinais e de giard\u00edase em c\u00e3es filhotes e adultos de ra\u00e7as miniatura, apresentando excelentes resultando contra parasitas cestoides (vermes chatos), nemat\u00f3deos (vermes redondos) e protozo\u00e1rios.<\/p>\n<p>*Consulte sempre o medico Veterin\u00e1rio de sua confian\u00e7a para o uso apropriado deste medicamento. Leia a bula ou informa\u00e7\u00f5es descritas na embalagem.<\/p>\n<p>Dicas Especiais<\/p>\n<p>O que \u00e9:<\/p>\n<p>As verminoses s\u00e3o doen\u00e7as provocadas por endoparasitas que se hospedam nos cachorros e podem representar grandes danos \u00e0 sa\u00fade do bichinho, muitas vezes fatais. Portanto administrar verm\u00edfugos, principalmente na fase de filhote do c\u00e3ozinho \u00e9 a melhor forma de eliminar esse grande problema de sa\u00fade p\u00fablica.<\/p>\n<p>Como funciona:<\/p>\n<p>Para o tratamento das verminoses intestinais, Drontal\u00ae Puppy deve ser administrado em dose \u00fanica 1 mL para cada kg de peso do animal, o equivalente a 15 mg de febantel e 14,4 mg de pamoato de pirantel por kg de peso.<\/p>\n<p>*Leve seu c\u00e3o regularmente ao veterin\u00e1rio.<\/p>\n<p>Indica\u00e7\u00e3o: Cachorros<br \/>Porte\/Ra\u00e7a: Ra\u00e7as Minis, Ra\u00e7as Pequenas, Ra\u00e7as M\u00e9dias, Ra\u00e7as Grandes, Ra\u00e7as Gigantes<br \/>Idade: Filhotes<br \/>Composi\u00e7\u00e3o: Cada 100 mL cont\u00e9m:<br \/>Febantel: \u2026\u2026\u2026\u2026\u2026\u2026\u2026\u2026..1,50 g<br \/>Pamoato de Pirantel: \u2026\u20261,44 g<br \/>Excipiente q.s.p.: \u2026\u2026\u2026\u2026.100,00 mL<br \/>Apresenta\u00e7\u00e3o: Frasco 100 mL<\/p>","protected":false},"excerpt":{"rendered":"<p>Descri\u00e7\u00e3o Drontal Puppy Elanco Verm\u00edfugo para C\u00e3es &#8211; 100 mL &#8211; Suspens\u00e3o oral;&#8211; Acompanha seringa para facilitar a aplica\u00e7\u00e3o;&#8211; Elimina, em dose \u00fanica, os cestoides e nemat\u00f3deos;&#8211; Dispensa regime pr\u00e9vio ou jejum pr\u00e9vio para a administra\u00e7\u00e3o;&#8211; Extermina com tr\u00eas doses, a gi\u00e1rdia presente no intestino do c\u00e3o;&#8211; Filhotes podem ser tratados durante a lacta\u00e7\u00e3o e [&hellip;]<\/p>\n","protected":false},"featured_media":1410784251,"comment_status":"open","ping_status":"closed","template":"","meta":{"googlesitekit_rrm_CAow0N7NCw:productID":"","content-type":"","pmpro_default_level":"","_themeisle_gutenberg_block_has_review":false},"product_brand":[],"product_cat":[268],"product_tag":[],"class_list":{"0":"post-1410784252","1":"product","2":"type-product","3":"status-publish","4":"has-post-thumbnail","6":"product_cat-tratamentos-anti-pulgas","7":"pmpro-has-access","9":"first","10":"outofstock","11":"taxable","12":"shipping-taxable","13":"purchasable","14":"product-type-simple"},"_links":{"self":[{"href":"https:\/\/dinhosreef.com\/en\/wp-json\/wp\/v2\/product\/1410784252","targetHints":{"allow":["GET"]}}],"collection":[{"href":"https:\/\/dinhosreef.com\/en\/wp-json\/wp\/v2\/product"}],"about":[{"href":"https:\/\/dinhosreef.com\/en\/wp-json\/wp\/v2\/types\/product"}],"replies":[{"embeddable":true,"href":"https:\/\/dinhosreef.com\/en\/wp-json\/wp\/v2\/comments?post=1410784252"}],"wp:featuredmedia":[{"embeddable":true,"href":"https:\/\/dinhosreef.com\/en\/wp-json\/wp\/v2\/media\/1410784251"}],"wp:attachment":[{"href":"https:\/\/dinhosreef.com\/en\/wp-json\/wp\/v2\/media?parent=1410784252"}],"wp:term":[{"taxonomy":"product_brand","embeddable":true,"href":"https:\/\/dinhosreef.com\/en\/wp-json\/wp\/v2\/product_brand?post=1410784252"},{"taxonomy":"product_cat","embeddable":true,"href":"https:\/\/dinhosreef.com\/en\/wp-json\/wp\/v2\/product_cat?post=1410784252"},{"taxonomy":"product_tag","embeddable":true,"href":"https:\/\/dinhosreef.com\/en\/wp-json\/wp\/v2\/product_tag?post=1410784252"}],"curies":[{"name":"wp","href":"https:\/\/api.w.org\/{rel}","templated":true}]}}