{"id":1410784256,"date":"2025-06-28T12:01:04","date_gmt":"2025-06-28T15:01:04","guid":{"rendered":"https:\/\/dinhosreef.com\/produto\/vermicats-display-3kg-10x4-comprimidos-caixa\/"},"modified":"2025-06-28T12:01:04","modified_gmt":"2025-06-28T15:01:04","slug":"vermicats-display-3kg-10x4-comprimidos-caixa","status":"publish","type":"product","link":"https:\/\/dinhosreef.com\/en\/product\/vermicats-display-3kg-10x4-comprimidos-caixa\/","title":{"rendered":"VERMICATS DISPLAY 3KG 10X4 COMPRIMIDOS CAIXA"},"content":{"rendered":"<h2 class=\"ui-pdp-description__title\" data-testid=\"title\">Descri\u00e7\u00e3o\u00a0<br \/>Cont\u00e9m 1 Display com 10 blister de 4 comprimidos palat\u00e1veis.<br \/>\u00a0<br \/>O VermiCats \u00e9 um verm\u00edfugo de amplo espectro de a\u00e7\u00e3o para gatos que associa dois princ\u00edpios ativos: o Praziquantel e o Pamoato de Pirantel para combater endoparasitas cest\u00f3deos (\u201cvermes chatos\u201d) e nemat\u00f3deos (\u201cvermes redondos\u201d), proporcionando prote\u00e7\u00e3o aos animais e garantindo uma vida mais saud\u00e1vel. Recomendamos sua administra\u00e7\u00e3o a cada 3 meses, ou de acordo com a orienta\u00e7\u00e3o do M\u00e9dico Veterin\u00e1rio.<br \/>\u00a0<br \/>Mode de usar:<br \/>Administrar, por via oral, diretamente na boca do animal ou misturado a alimentos que facilitem a ingest\u00e3o e sejam totalmente consumidos. Os comprimidos poder\u00e3o ser partidos para ajuste de dosagem. O tratamento \u00e9 feito em dose \u00fanica. Em est\u00e1gio de evolu\u00e7\u00e3o adiantado, a dose poder\u00e1 ser repetida uma ou duas vezes, com intervalos de 7 dias ou a crit\u00e9rio do M\u00e9dico Veterin\u00e1rio.<\/h2>","protected":false},"excerpt":{"rendered":"<p>Descri\u00e7\u00e3o\u00a0Cont\u00e9m 1 Display com 10 blister de 4 comprimidos palat\u00e1veis.\u00a0O VermiCats \u00e9 um verm\u00edfugo de amplo espectro de a\u00e7\u00e3o para gatos que associa dois princ\u00edpios ativos: o Praziquantel e o Pamoato de Pirantel para combater endoparasitas cest\u00f3deos (\u201cvermes chatos\u201d) e nemat\u00f3deos (\u201cvermes redondos\u201d), proporcionando prote\u00e7\u00e3o aos animais e garantindo uma vida mais saud\u00e1vel. Recomendamos sua [&hellip;]<\/p>\n","protected":false},"featured_media":1410784255,"comment_status":"open","ping_status":"closed","template":"","meta":{"googlesitekit_rrm_CAow0N7NCw:productID":"","content-type":"","pmpro_default_level":"","_themeisle_gutenberg_block_has_review":false},"product_brand":[],"product_cat":[254],"product_tag":[],"class_list":{"0":"post-1410784256","1":"product","2":"type-product","3":"status-publish","4":"has-post-thumbnail","6":"product_cat-gatos","7":"pmpro-has-access","9":"first","10":"instock","11":"taxable","12":"shipping-taxable","13":"purchasable","14":"product-type-simple"},"_links":{"self":[{"href":"https:\/\/dinhosreef.com\/en\/wp-json\/wp\/v2\/product\/1410784256","targetHints":{"allow":["GET"]}}],"collection":[{"href":"https:\/\/dinhosreef.com\/en\/wp-json\/wp\/v2\/product"}],"about":[{"href":"https:\/\/dinhosreef.com\/en\/wp-json\/wp\/v2\/types\/product"}],"replies":[{"embeddable":true,"href":"https:\/\/dinhosreef.com\/en\/wp-json\/wp\/v2\/comments?post=1410784256"}],"wp:featuredmedia":[{"embeddable":true,"href":"https:\/\/dinhosreef.com\/en\/wp-json\/wp\/v2\/media\/1410784255"}],"wp:attachment":[{"href":"https:\/\/dinhosreef.com\/en\/wp-json\/wp\/v2\/media?parent=1410784256"}],"wp:term":[{"taxonomy":"product_brand","embeddable":true,"href":"https:\/\/dinhosreef.com\/en\/wp-json\/wp\/v2\/product_brand?post=1410784256"},{"taxonomy":"product_cat","embeddable":true,"href":"https:\/\/dinhosreef.com\/en\/wp-json\/wp\/v2\/product_cat?post=1410784256"},{"taxonomy":"product_tag","embeddable":true,"href":"https:\/\/dinhosreef.com\/en\/wp-json\/wp\/v2\/product_tag?post=1410784256"}],"curies":[{"name":"wp","href":"https:\/\/api.w.org\/{rel}","templated":true}]}}