{"id":1410784258,"date":"2025-06-28T12:01:10","date_gmt":"2025-06-28T15:01:10","guid":{"rendered":"https:\/\/dinhosreef.com\/produto\/vermicanis-800mg-10kg-display-10x4-comprimidos-caixa\/"},"modified":"2025-11-15T13:19:34","modified_gmt":"2025-11-15T16:19:34","slug":"vermicanis-800mg-10kg-display-10x4-comprimidos-caixa","status":"publish","type":"product","link":"https:\/\/dinhosreef.com\/en\/product\/vermicanis-800mg-10kg-display-10x4-comprimidos-caixa\/","title":{"rendered":"VERMICANIS 800MG-10KG-DISPLAY 10X4 COMPRIMIDOS CAIXA"},"content":{"rendered":"<h2 class=\"ui-pdp-description__title\" data-testid=\"title\">Descri\u00e7\u00e3o<\/h2>\n<p class=\"ui-pdp-description__content\" data-testid=\"content\">Verm\u00edfugo de amplo espectro de a\u00e7\u00e3o, para c\u00e3es.<br \/>F\u00f3rmulas:<\/p>\n<p>VermiCanis Plus 10 Kg &#8211; Para c\u00e3es de m\u00e9dio porte.<br \/>Cada Comprimido de 800mg, cont\u00e9m:<br \/>Praziquantel. . . . . . . . . . . . . . . . . . . . . . . . . . . . . . 50 mg<br \/>Pamoato de Pirantel . . . . . . . . . . . . . . . . . . . . . . 150 mg<br \/>Febantel . . . . . . . . . . . . . . . . . . . . . . . . . . . . 150 mg<br \/>Excipiente q.s.p. . . . . . . . . . . . . . . . . . . . . . 800 mg<\/p>\n<p>Indica\u00e7\u00f5es: VermiCanis Plus \u00e9 indicado, para c\u00e3es, como verm\u00edfugo de amplo espectro Combate nemat\u00f3deos (vermes redondos) e cest\u00f3deos (vermes chatos), como: Ancylostoma braziliense, Ancylostoma caninum, Ancylostoma tubaeforme, Dipylidium caninum, Taenia hydatigena,Taenia multiceps,Taenia pisiformis, Echinococcus granulosus, Echinococcus multilocularis,Trichuris vulpis.<\/p>\n<p>Modo de usar: VermiCanis Plus deve ser administrado por via oral, diretamente na boca dos animais ou misturado a alimentos que facilitem a ingest\u00e3o e sejam totalmente consumidos, em est\u00e1gio de evolu\u00e7\u00e3o adiantado, a dose poder\u00e1 ser repetida uma ou duas vezes, com intervalos de 7 dias, a crit\u00e9rio do M\u00e9dico Veterin\u00e1rio, para controlar ninfas resultantes da eclos\u00e3o dos ovos, n\u00e3o atingidos pelo tratamento inicial.<\/p>\n<p>Dosagens:<br \/>VermiCanis Plus comprimidos para c\u00e3es de m\u00e9dio porte:<br \/>1 Comprimido de 800 mg trata 10 kg de peso, conforme tabela abaixo:<br \/>&#8211; C\u00e3es at\u00e9 2,5 kg&#8230;&#8230;&#8230;&#8230;&#8230;&#8230;&#8230;&#8230;&#8230;&#8230;&#8230;&#8230;&#8230;&#8230;&#8230;&#8230;&#8230;&#8230;.1\/4 de comprimido.<br \/>&#8211; C\u00e3es de 2,6 a 5 kg&#8230;&#8230;&#8230;&#8230;&#8230;&#8230;&#8230;&#8230;&#8230;&#8230;&#8230;&#8230;&#8230;&#8230;&#8230;&#8230;..1\/2 de comprimido.<br \/>&#8211; C\u00e3es de 5,1 a 7,5 kg&#8230;&#8230;&#8230;&#8230;&#8230;&#8230;&#8230;&#8230;&#8230;&#8230;&#8230;&#8230;&#8230;&#8230;&#8230;..3\/4 de comprimido.<br \/>&#8211; C\u00e3es de 7,6 a 10 kg&#8230;&#8230;&#8230;&#8230;&#8230;&#8230;&#8230;&#8230;&#8230;&#8230;&#8230;&#8230;&#8230;&#8230;&#8230;&#8230;&#8230;&#8230;..1 comprimido.<br \/>&#8211; C\u00e3es de 10,1 a 15 kg&#8230;&#8230;&#8230;&#8230;&#8230;&#8230;&#8230;&#8230;&#8230;&#8230;&#8230;&#8230;&#8230;&#8230;&#8230;..1 e \u00bd comprimido.<br \/>&#8211; C\u00e3es de 15,1 a 20 kg &#8230;&#8230;&#8230;&#8230;&#8230;&#8230;&#8230;&#8230;&#8230;&#8230;&#8230;&#8230;&#8230;&#8230;&#8230;&#8230;&#8230;.2 comprimidos.<\/p>\n<p>O tratamento \u00e9 feito em dose \u00fanica. Seu uso n\u00e3o compromete a rotina do animal, n\u00e3o sendo necess\u00e1rio jejum<br \/>pr\u00e9vio ou regime especial para o tratamento. Os vermes dos c\u00e3es representam risco de contamina\u00e7\u00e3o para humanos. Recomenda-se vermifugar animais adultos a cada 3 meses. As f\u00eameas podem ser vermifugadas na cobertura, e duas semanas ap\u00f3s o parto. Para evitar reinfesta\u00e7\u00f5es por Dipylidium caninum deve-se, al\u00e9m da vermifuga\u00e7\u00e3o, combater a infesta\u00e7\u00e3o por pulgas, hospedeiros intermedi\u00e1rios deste verme. Consulte o m\u00e9dico veterin\u00e1rio para adequar o tratamento a cada situa\u00e7\u00e3o particular.<\/p>","protected":false},"excerpt":{"rendered":"<p>Descri\u00e7\u00e3o Verm\u00edfugo de amplo espectro de a\u00e7\u00e3o, para c\u00e3es.F\u00f3rmulas: VermiCanis Plus 10 Kg &#8211; Para c\u00e3es de m\u00e9dio porte.Cada Comprimido de 800mg, cont\u00e9m:Praziquantel. . . . . . . . . . . . . . . . . . . . . . . . . . . . . . 50 mgPamoato de [&hellip;]<\/p>\n","protected":false},"featured_media":1410784257,"comment_status":"open","ping_status":"closed","template":"","meta":{"googlesitekit_rrm_CAow0N7NCw:productID":"","content-type":"","pmpro_default_level":"","_themeisle_gutenberg_block_has_review":false},"product_brand":[],"product_cat":[164],"product_tag":[],"class_list":{"0":"post-1410784258","1":"product","2":"type-product","3":"status-publish","4":"has-post-thumbnail","6":"product_cat-pet-shop","7":"pmpro-has-access","9":"first","10":"outofstock","11":"taxable","12":"shipping-taxable","13":"purchasable","14":"product-type-simple"},"_links":{"self":[{"href":"https:\/\/dinhosreef.com\/en\/wp-json\/wp\/v2\/product\/1410784258","targetHints":{"allow":["GET"]}}],"collection":[{"href":"https:\/\/dinhosreef.com\/en\/wp-json\/wp\/v2\/product"}],"about":[{"href":"https:\/\/dinhosreef.com\/en\/wp-json\/wp\/v2\/types\/product"}],"replies":[{"embeddable":true,"href":"https:\/\/dinhosreef.com\/en\/wp-json\/wp\/v2\/comments?post=1410784258"}],"wp:featuredmedia":[{"embeddable":true,"href":"https:\/\/dinhosreef.com\/en\/wp-json\/wp\/v2\/media\/1410784257"}],"wp:attachment":[{"href":"https:\/\/dinhosreef.com\/en\/wp-json\/wp\/v2\/media?parent=1410784258"}],"wp:term":[{"taxonomy":"product_brand","embeddable":true,"href":"https:\/\/dinhosreef.com\/en\/wp-json\/wp\/v2\/product_brand?post=1410784258"},{"taxonomy":"product_cat","embeddable":true,"href":"https:\/\/dinhosreef.com\/en\/wp-json\/wp\/v2\/product_cat?post=1410784258"},{"taxonomy":"product_tag","embeddable":true,"href":"https:\/\/dinhosreef.com\/en\/wp-json\/wp\/v2\/product_tag?post=1410784258"}],"curies":[{"name":"wp","href":"https:\/\/api.w.org\/{rel}","templated":true}]}}