{"id":1410784260,"date":"2025-06-28T12:01:17","date_gmt":"2025-06-28T15:01:17","guid":{"rendered":"https:\/\/dinhosreef.com\/produto\/vermicanis-400mg-5kg-display-10x4-comprimidos\/"},"modified":"2026-03-04T18:57:33","modified_gmt":"2026-03-04T21:57:33","slug":"vermicanis-400mg-5kg-display-10x4-comprimidos","status":"publish","type":"product","link":"https:\/\/dinhosreef.com\/en\/product\/vermicanis-400mg-5kg-display-10x4-comprimidos\/","title":{"rendered":"VERMICANIS 400MG-5KG-DISPLAY 10X4 COMPRIMIDOS"},"content":{"rendered":"<h2 class=\"ui-pdp-description__title\" data-testid=\"title\">Descri\u00e7\u00e3o<\/h2>\n<p class=\"ui-pdp-description__content\" data-testid=\"content\">Somos revendedores Autorizados do Laborat\u00f3rio. Produto Original, Lacrado, Com nota fiscal e validade longa.<\/p>\n<p>Vermicanis Plus 400mg \u00e9 um verm\u00edfugo plus de amplo espectro de a\u00e7\u00e3o para c\u00e3es de at\u00e9 5kg, em comprimidos palat\u00e1veis e bissulcados.<br \/>De a\u00e7\u00e3o comprovada contra endoparasitas nematoides e cestoides o verm\u00edfugo tem a\u00e7\u00e3o ovicida, larvicida e adulticida.<\/p>\n<p>A associa\u00e7\u00e3o de tr\u00eas princ\u00edpios ativos, o Praziquantel, Pamoato de Pirantel e Febantel, proporcionam ao produto uma efic\u00e1cia ampla proporcionando prote\u00e7\u00e3o aos animais e garantindo uma vida mais saud\u00e1vel.<br \/>Recomendada sua administra\u00e7\u00e3o frequente de 4 em 4 meses, ou de acordo com orienta\u00e7\u00e3o do M\u00e9dico Veterin\u00e1rio.<\/p>\n<p>Modo de usar:<br \/>Animais de 2,5 kg | Meio comprimido<br \/>Animais de 5 kg | 1 comprimido<br \/>Animais de 7,5 kg | 1 e meio comprimido<\/p>\n<p>Principais diferenciais:<br \/>Amplo espectro de a\u00e7\u00e3o (combate as formas larvais e adultas dos principais parasitas).<br \/>A\u00e7\u00e3o ovicida, larvicida e adulticida (tratamento feito em dose \u00fanica).<br \/>Comprimidos palat\u00e1veis e bissulcados (simplicidade na aplica\u00e7\u00e3o).<\/p>","protected":false},"excerpt":{"rendered":"<p>Descri\u00e7\u00e3o Somos revendedores Autorizados do Laborat\u00f3rio. Produto Original, Lacrado, Com nota fiscal e validade longa. Vermicanis Plus 400mg \u00e9 um verm\u00edfugo plus de amplo espectro de a\u00e7\u00e3o para c\u00e3es de at\u00e9 5kg, em comprimidos palat\u00e1veis e bissulcados.De a\u00e7\u00e3o comprovada contra endoparasitas nematoides e cestoides o verm\u00edfugo tem a\u00e7\u00e3o ovicida, larvicida e adulticida. A associa\u00e7\u00e3o de [&hellip;]<\/p>\n","protected":false},"featured_media":1410784259,"comment_status":"open","ping_status":"closed","template":"","meta":{"googlesitekit_rrm_CAow0N7NCw:productID":"","content-type":"","pmpro_default_level":"","_themeisle_gutenberg_block_has_review":false},"product_brand":[],"product_cat":[164],"product_tag":[],"class_list":{"0":"post-1410784260","1":"product","2":"type-product","3":"status-publish","4":"has-post-thumbnail","6":"product_cat-pet-shop","7":"pmpro-has-access","9":"first","10":"outofstock","11":"taxable","12":"shipping-taxable","13":"purchasable","14":"product-type-simple"},"_links":{"self":[{"href":"https:\/\/dinhosreef.com\/en\/wp-json\/wp\/v2\/product\/1410784260","targetHints":{"allow":["GET"]}}],"collection":[{"href":"https:\/\/dinhosreef.com\/en\/wp-json\/wp\/v2\/product"}],"about":[{"href":"https:\/\/dinhosreef.com\/en\/wp-json\/wp\/v2\/types\/product"}],"replies":[{"embeddable":true,"href":"https:\/\/dinhosreef.com\/en\/wp-json\/wp\/v2\/comments?post=1410784260"}],"wp:featuredmedia":[{"embeddable":true,"href":"https:\/\/dinhosreef.com\/en\/wp-json\/wp\/v2\/media\/1410784259"}],"wp:attachment":[{"href":"https:\/\/dinhosreef.com\/en\/wp-json\/wp\/v2\/media?parent=1410784260"}],"wp:term":[{"taxonomy":"product_brand","embeddable":true,"href":"https:\/\/dinhosreef.com\/en\/wp-json\/wp\/v2\/product_brand?post=1410784260"},{"taxonomy":"product_cat","embeddable":true,"href":"https:\/\/dinhosreef.com\/en\/wp-json\/wp\/v2\/product_cat?post=1410784260"},{"taxonomy":"product_tag","embeddable":true,"href":"https:\/\/dinhosreef.com\/en\/wp-json\/wp\/v2\/product_tag?post=1410784260"}],"curies":[{"name":"wp","href":"https:\/\/api.w.org\/{rel}","templated":true}]}}