{"id":1410784268,"date":"2025-07-01T11:15:45","date_gmt":"2025-07-01T14:15:45","guid":{"rendered":"https:\/\/dinhosreef.com\/produto\/fonte-pop-durapets-azul-bivolt\/"},"modified":"2026-02-28T12:36:37","modified_gmt":"2026-02-28T15:36:37","slug":"fonte-pop-durapets-azul-bivolt","status":"publish","type":"product","link":"https:\/\/dinhosreef.com\/en\/product\/fonte-pop-durapets-azul-bivolt\/","title":{"rendered":"FONTE POP DURAPETS AZUL BIVOLT"},"content":{"rendered":"<h2 class=\"ui-pdp-description__title\" data-testid=\"title\">Descri\u00e7\u00e3o<\/h2>\n<p class=\"ui-pdp-description__content\" data-testid=\"content\">&#8220;Aten\u00e7\u00e3o: As fontes s\u00e3o despachadas com a bombinha USB.<br \/>N\u00e3o acompanha adaptador usb.<br \/>N\u00e3o acompanha filtro.<\/p>\n<p>Fonte para c\u00e3es e gatos.<br \/>Modelo cascata<br \/>Capacidade: 2,5l<br \/>Bivolt<\/p>\n<p>3 Quedas que atende as necessidades de c\u00e3es e gatos desde pequeninos at\u00e9 sua idade adulta.<br \/>2,5 Litros, capacidade mais que suficiente para matar a sede e manter seu Pet abastecido por at\u00e9 5 dias.<\/p>\n<p>Uma fonte melhora a vida e o bem estar de um animal significativamente em primeiro lugar porque muitos animais como os gatos n\u00e3o bebem \u00e1gua parada, apenas em fluxo constante. Os gatos tem muitos problemas renais porque n\u00e3o oferecemos as condi\u00e7\u00f5es necess\u00e1rias como bebedouros com \u00e1gua corrente.<br \/>Pensando nisso n\u00f3s criamos uma fonte que atende perfeitamente a necessidade de muitos animais que tenham h\u00e1bito de beber \u00e1gua corrente e fresquinha o tempo todo.<br \/>Nossa fonte em cascata \u00e9 ideal para animais maiores e menores e para aqueles que bebem a \u00e1gua direto na base do reservat\u00f3rio. Pensamos em cada detalhe para que voc\u00ea possa expressar todo o seu carinho e cuidado para o pet.<\/p>\n<p>COMPONENTES:<br \/>&#8211; Cascata<br \/>&#8211; Base<br \/>&#8211; Bomba bivolt&#8221;<\/p>","protected":false},"excerpt":{"rendered":"<p>Descri\u00e7\u00e3o &#8220;Aten\u00e7\u00e3o: As fontes s\u00e3o despachadas com a bombinha USB.N\u00e3o acompanha adaptador usb.N\u00e3o acompanha filtro. Fonte para c\u00e3es e gatos.Modelo cascataCapacidade: 2,5lBivolt 3 Quedas que atende as necessidades de c\u00e3es e gatos desde pequeninos at\u00e9 sua idade adulta.2,5 Litros, capacidade mais que suficiente para matar a sede e manter seu Pet abastecido por at\u00e9 5 [&hellip;]<\/p>\n","protected":false},"featured_media":1410784267,"comment_status":"open","ping_status":"closed","template":"","meta":{"googlesitekit_rrm_CAow0N7NCw:productID":"","content-type":"","pmpro_default_level":"","_themeisle_gutenberg_block_has_review":false},"product_brand":[],"product_cat":[270],"product_tag":[],"class_list":{"0":"post-1410784268","1":"product","2":"type-product","3":"status-publish","4":"has-post-thumbnail","6":"product_cat-bebedouros-e-comedouros-gatos","7":"pmpro-has-access","9":"first","10":"outofstock","11":"taxable","12":"shipping-taxable","13":"purchasable","14":"product-type-simple"},"_links":{"self":[{"href":"https:\/\/dinhosreef.com\/en\/wp-json\/wp\/v2\/product\/1410784268","targetHints":{"allow":["GET"]}}],"collection":[{"href":"https:\/\/dinhosreef.com\/en\/wp-json\/wp\/v2\/product"}],"about":[{"href":"https:\/\/dinhosreef.com\/en\/wp-json\/wp\/v2\/types\/product"}],"replies":[{"embeddable":true,"href":"https:\/\/dinhosreef.com\/en\/wp-json\/wp\/v2\/comments?post=1410784268"}],"wp:featuredmedia":[{"embeddable":true,"href":"https:\/\/dinhosreef.com\/en\/wp-json\/wp\/v2\/media\/1410784267"}],"wp:attachment":[{"href":"https:\/\/dinhosreef.com\/en\/wp-json\/wp\/v2\/media?parent=1410784268"}],"wp:term":[{"taxonomy":"product_brand","embeddable":true,"href":"https:\/\/dinhosreef.com\/en\/wp-json\/wp\/v2\/product_brand?post=1410784268"},{"taxonomy":"product_cat","embeddable":true,"href":"https:\/\/dinhosreef.com\/en\/wp-json\/wp\/v2\/product_cat?post=1410784268"},{"taxonomy":"product_tag","embeddable":true,"href":"https:\/\/dinhosreef.com\/en\/wp-json\/wp\/v2\/product_tag?post=1410784268"}],"curies":[{"name":"wp","href":"https:\/\/api.w.org\/{rel}","templated":true}]}}