{"id":1410784280,"date":"2025-07-01T13:56:17","date_gmt":"2025-07-01T16:56:17","guid":{"rendered":"https:\/\/dinhosreef.com\/produto\/areia-gatozim-4-kg\/"},"modified":"2026-04-27T15:49:09","modified_gmt":"2026-04-27T18:49:09","slug":"areia-gatozim-4-kg","status":"publish","type":"product","link":"https:\/\/dinhosreef.com\/en\/product\/areia-gatozim-4-kg\/","title":{"rendered":"AREIA GATOZIM 4 KG"},"content":{"rendered":"<p>Areia Sanit\u00e1ria GATOZIM 4 Kg<\/p>\n<p>Benef\u00edcios<br \/>Seguro para os animais<br \/>Neutraliza rapidamente os odores<br \/>N\u00e3o c\u00e1ustico e n\u00e3o corrosivo<br \/>N\u00e3o irritante<br \/>Pr\u00e1tico e econ\u00f4mico<br \/>Produto elaborado pelos melhores especialistas em gatos<br \/>Pode ser usado por animais de qualquer idade<br \/>Promove a sa\u00fade colaborando com a limpeza do ambiente<br \/>Efeito prolongado<br \/>Cont\u00e9m eliminador natural de odor<br \/>Produto amigo do meio ambiente<br \/>Seguro para sua fam\u00edlia<\/p>\n<p>MODO DE USAR<\/p>\n<p>Coloque uma camada de Gatozim em torno de 5 cm na bandeja higi\u00eanica.<\/p>\n<p>Remova diariamente os pequenos torr\u00f5es e reponha a quantidade de Gatozim.<\/p>\n<p>Lave a bandeja e a p\u00e1 coletora com desinfetante neutro pelo menos a cada 7 dias.<\/p>\n<p>Sem garantia<\/p>","protected":false},"excerpt":{"rendered":"<p>Areia Sanit\u00e1ria GATOZIM 4 Kg Benef\u00edciosSeguro para os animaisNeutraliza rapidamente os odoresN\u00e3o c\u00e1ustico e n\u00e3o corrosivoN\u00e3o irritantePr\u00e1tico e econ\u00f4micoProduto elaborado pelos melhores especialistas em gatosPode ser usado por animais de qualquer idadePromove a sa\u00fade colaborando com a limpeza do ambienteEfeito prolongadoCont\u00e9m eliminador natural de odorProduto amigo do meio ambienteSeguro para sua fam\u00edlia MODO DE USAR [&hellip;]<\/p>\n","protected":false},"featured_media":1410784279,"comment_status":"open","ping_status":"closed","template":"","meta":{"googlesitekit_rrm_CAow0N7NCw:productID":"","content-type":"","pmpro_default_level":"","_themeisle_gutenberg_block_has_review":false},"product_brand":[],"product_cat":[262],"product_tag":[],"class_list":{"0":"post-1410784280","1":"product","2":"type-product","3":"status-publish","4":"has-post-thumbnail","6":"product_cat-areias-higienicas","7":"pmpro-has-access","9":"first","10":"instock","11":"taxable","12":"shipping-taxable","13":"purchasable","14":"product-type-simple"},"_links":{"self":[{"href":"https:\/\/dinhosreef.com\/en\/wp-json\/wp\/v2\/product\/1410784280","targetHints":{"allow":["GET"]}}],"collection":[{"href":"https:\/\/dinhosreef.com\/en\/wp-json\/wp\/v2\/product"}],"about":[{"href":"https:\/\/dinhosreef.com\/en\/wp-json\/wp\/v2\/types\/product"}],"replies":[{"embeddable":true,"href":"https:\/\/dinhosreef.com\/en\/wp-json\/wp\/v2\/comments?post=1410784280"}],"wp:featuredmedia":[{"embeddable":true,"href":"https:\/\/dinhosreef.com\/en\/wp-json\/wp\/v2\/media\/1410784279"}],"wp:attachment":[{"href":"https:\/\/dinhosreef.com\/en\/wp-json\/wp\/v2\/media?parent=1410784280"}],"wp:term":[{"taxonomy":"product_brand","embeddable":true,"href":"https:\/\/dinhosreef.com\/en\/wp-json\/wp\/v2\/product_brand?post=1410784280"},{"taxonomy":"product_cat","embeddable":true,"href":"https:\/\/dinhosreef.com\/en\/wp-json\/wp\/v2\/product_cat?post=1410784280"},{"taxonomy":"product_tag","embeddable":true,"href":"https:\/\/dinhosreef.com\/en\/wp-json\/wp\/v2\/product_tag?post=1410784280"}],"curies":[{"name":"wp","href":"https:\/\/api.w.org\/{rel}","templated":true}]}}