{"id":1410784282,"date":"2025-07-01T14:20:34","date_gmt":"2025-07-01T17:20:34","guid":{"rendered":"https:\/\/dinhosreef.com\/produto\/pipicat-multicat-12kg\/"},"modified":"2026-02-09T18:00:44","modified_gmt":"2026-02-09T21:00:44","slug":"pipicat-multicat-12kg","status":"publish","type":"product","link":"https:\/\/dinhosreef.com\/en\/product\/pipicat-multicat-12kg\/","title":{"rendered":"PIPICAT MULTICAT 12KG"},"content":{"rendered":"<ul>\n<li>Indicada para gatos;<br \/>&#8211; Pipicat Multicat possui controle de odores superior com a exclusiva tecnologia Pipicat Odor Block, que inibe a forma\u00e7\u00e3o de am\u00f4nia, prevenindo o mau odor na bandeja sanit\u00e1ria;<br \/>&#8211; Ideal para lares, possui gr\u00e3os extrafinos, de boa absor\u00e7\u00e3o, forma torr\u00f5es mais firmes que facilitam a limpeza di\u00e1ria;<br \/>&#8211; Com cheiro e cor natural de terra que atraem o instinto do seu animal, n\u00e3o possui fragr\u00e2ncia;<br \/>&#8211; Dispon\u00edvel em embalagem com 12 kg.<\/li>\n<\/ul>","protected":false},"excerpt":{"rendered":"<p>Indicada para gatos;&#8211; Pipicat Multicat possui controle de odores superior com a exclusiva tecnologia Pipicat Odor Block, que inibe a forma\u00e7\u00e3o de am\u00f4nia, prevenindo o mau odor na bandeja sanit\u00e1ria;&#8211; Ideal para lares, possui gr\u00e3os extrafinos, de boa absor\u00e7\u00e3o, forma torr\u00f5es mais firmes que facilitam a limpeza di\u00e1ria;&#8211; Com cheiro e cor natural de terra [&hellip;]<\/p>\n","protected":false},"featured_media":1410784281,"comment_status":"open","ping_status":"closed","template":"","meta":{"googlesitekit_rrm_CAow0N7NCw:productID":"","content-type":"","pmpro_default_level":"","_themeisle_gutenberg_block_has_review":false},"product_brand":[],"product_cat":[262],"product_tag":[],"class_list":{"0":"post-1410784282","1":"product","2":"type-product","3":"status-publish","4":"has-post-thumbnail","6":"product_cat-areias-higienicas","7":"pmpro-has-access","9":"first","10":"instock","11":"taxable","12":"shipping-taxable","13":"purchasable","14":"product-type-simple"},"_links":{"self":[{"href":"https:\/\/dinhosreef.com\/en\/wp-json\/wp\/v2\/product\/1410784282","targetHints":{"allow":["GET"]}}],"collection":[{"href":"https:\/\/dinhosreef.com\/en\/wp-json\/wp\/v2\/product"}],"about":[{"href":"https:\/\/dinhosreef.com\/en\/wp-json\/wp\/v2\/types\/product"}],"replies":[{"embeddable":true,"href":"https:\/\/dinhosreef.com\/en\/wp-json\/wp\/v2\/comments?post=1410784282"}],"wp:featuredmedia":[{"embeddable":true,"href":"https:\/\/dinhosreef.com\/en\/wp-json\/wp\/v2\/media\/1410784281"}],"wp:attachment":[{"href":"https:\/\/dinhosreef.com\/en\/wp-json\/wp\/v2\/media?parent=1410784282"}],"wp:term":[{"taxonomy":"product_brand","embeddable":true,"href":"https:\/\/dinhosreef.com\/en\/wp-json\/wp\/v2\/product_brand?post=1410784282"},{"taxonomy":"product_cat","embeddable":true,"href":"https:\/\/dinhosreef.com\/en\/wp-json\/wp\/v2\/product_cat?post=1410784282"},{"taxonomy":"product_tag","embeddable":true,"href":"https:\/\/dinhosreef.com\/en\/wp-json\/wp\/v2\/product_tag?post=1410784282"}],"curies":[{"name":"wp","href":"https:\/\/api.w.org\/{rel}","templated":true}]}}