{"id":1410784286,"date":"2025-07-01T14:27:39","date_gmt":"2025-07-01T17:27:39","guid":{"rendered":"https:\/\/dinhosreef.com\/produto\/pipicat-floral-12kg\/"},"modified":"2026-04-20T13:14:55","modified_gmt":"2026-04-20T16:14:55","slug":"pipicat-floral-12kg","status":"publish","type":"product","link":"https:\/\/dinhosreef.com\/en\/product\/pipicat-floral-12kg\/","title":{"rendered":"PIPICAT FLORAL 12KG"},"content":{"rendered":"<h2 class=\"ui-pdp-description__title\" data-testid=\"title\">Descri\u00e7\u00e3o<\/h2>\n<p class=\"ui-pdp-description__content\" data-testid=\"content\">A AREIA SANIT\u00c1RIA PIPICAT PERFUMADO FLORAL \u00e9 espec\u00edfica para gatos. Possui alta capacidade de absor\u00e7\u00e3o de urina e odores desagrad\u00e1veis, al\u00e9m de formar torr\u00f5es facilitando a remo\u00e7\u00e3o da \u00e1rea contaminada e liberar um aroma agrad\u00e1vel. Os gr\u00e2nulos sanit\u00e1rios s\u00e3o naturais e n\u00e3o prejudicam o pelo do animal.<\/p>\n<p>O QUE \u00c9:<br \/>Pipicat perfumado cont\u00e9m uma fragr\u00e2ncia exclusiva que neutraliza odores, com gr\u00e2nulos extrafinos que facilitam a higieniza\u00e7\u00e3o do recipiente.<\/p>\n<p>BENEF\u00cdCIOS:<br \/>&#8211; Extra Fino;<br \/>&#8211; Ultra absorvente;<br \/>&#8211; Perfume Floral.<\/p>\n<p>COMO FUNCIONA:<br \/>Coloque uma camada de 5cm de altura da areia no recipiente do gato. A urina em contato com a areia se concentra em uma pequena \u00e1rea, formando um torr\u00e3o. Remova o torr\u00e3o formado pela urina ou fezes, reaproveitando o restante do produto e complete a quantidade retirada.<\/p>","protected":false},"excerpt":{"rendered":"<p>Descri\u00e7\u00e3o A AREIA SANIT\u00c1RIA PIPICAT PERFUMADO FLORAL \u00e9 espec\u00edfica para gatos. Possui alta capacidade de absor\u00e7\u00e3o de urina e odores desagrad\u00e1veis, al\u00e9m de formar torr\u00f5es facilitando a remo\u00e7\u00e3o da \u00e1rea contaminada e liberar um aroma agrad\u00e1vel. Os gr\u00e2nulos sanit\u00e1rios s\u00e3o naturais e n\u00e3o prejudicam o pelo do animal. O QUE \u00c9:Pipicat perfumado cont\u00e9m uma fragr\u00e2ncia [&hellip;]<\/p>\n","protected":false},"featured_media":1410784285,"comment_status":"open","ping_status":"closed","template":"","meta":{"googlesitekit_rrm_CAow0N7NCw:productID":"","content-type":"","pmpro_default_level":"","_themeisle_gutenberg_block_has_review":false},"product_brand":[],"product_cat":[262],"product_tag":[],"class_list":{"0":"post-1410784286","1":"product","2":"type-product","3":"status-publish","4":"has-post-thumbnail","6":"product_cat-areias-higienicas","7":"pmpro-has-access","9":"first","10":"instock","11":"taxable","12":"shipping-taxable","13":"purchasable","14":"product-type-simple"},"_links":{"self":[{"href":"https:\/\/dinhosreef.com\/en\/wp-json\/wp\/v2\/product\/1410784286","targetHints":{"allow":["GET"]}}],"collection":[{"href":"https:\/\/dinhosreef.com\/en\/wp-json\/wp\/v2\/product"}],"about":[{"href":"https:\/\/dinhosreef.com\/en\/wp-json\/wp\/v2\/types\/product"}],"replies":[{"embeddable":true,"href":"https:\/\/dinhosreef.com\/en\/wp-json\/wp\/v2\/comments?post=1410784286"}],"wp:featuredmedia":[{"embeddable":true,"href":"https:\/\/dinhosreef.com\/en\/wp-json\/wp\/v2\/media\/1410784285"}],"wp:attachment":[{"href":"https:\/\/dinhosreef.com\/en\/wp-json\/wp\/v2\/media?parent=1410784286"}],"wp:term":[{"taxonomy":"product_brand","embeddable":true,"href":"https:\/\/dinhosreef.com\/en\/wp-json\/wp\/v2\/product_brand?post=1410784286"},{"taxonomy":"product_cat","embeddable":true,"href":"https:\/\/dinhosreef.com\/en\/wp-json\/wp\/v2\/product_cat?post=1410784286"},{"taxonomy":"product_tag","embeddable":true,"href":"https:\/\/dinhosreef.com\/en\/wp-json\/wp\/v2\/product_tag?post=1410784286"}],"curies":[{"name":"wp","href":"https:\/\/api.w.org\/{rel}","templated":true}]}}