{"id":1410784290,"date":"2025-07-01T20:23:45","date_gmt":"2025-07-01T23:23:45","guid":{"rendered":"https:\/\/dinhosreef.com\/produto\/granulado-pr-madeira-care-pet-20-kg\/"},"modified":"2026-03-23T21:06:21","modified_gmt":"2026-03-24T00:06:21","slug":"granulado-pr-madeira-care-pet-20-kg","status":"publish","type":"product","link":"https:\/\/dinhosreef.com\/en\/product\/granulado-pr-madeira-care-pet-20-kg\/","title":{"rendered":"GRANULADO PR. MADEIRA CARE PET 20 KG"},"content":{"rendered":"<p>Para manter um ambiente mais limpo e livre de odores, a Carepet traz o granulado de madeira para gatos. Este produto utiliza tecnologia avan\u00e7ada e a capacidade de absor\u00e7\u00e3o natural para eliminar a umidade e o odor dos dejetos felinos.<\/p>\n<p>O granulado de madeira Care Pet estimula o instinto do animal ao usar a caixa de areia. Al\u00e9m disso, ajuda a prevenir a prolifera\u00e7\u00e3o de fungos e bact\u00e9rias. Conhe\u00e7a os benef\u00edcios do granulado:<\/p>\n<p>&#8211; Proporciona 4 vezes mais absor\u00e7\u00e3o da urina do gato;<br \/>&#8211; \u00c9 at\u00f3xico e esterilizado;<br \/>&#8211; N\u00e3o cont\u00e9m aditivos qu\u00edmicos.<\/p>","protected":false},"excerpt":{"rendered":"<p>Para manter um ambiente mais limpo e livre de odores, a Carepet traz o granulado de madeira para gatos. Este produto utiliza tecnologia avan\u00e7ada e a capacidade de absor\u00e7\u00e3o natural para eliminar a umidade e o odor dos dejetos felinos. O granulado de madeira Care Pet estimula o instinto do animal ao usar a caixa [&hellip;]<\/p>\n","protected":false},"featured_media":1410784309,"comment_status":"open","ping_status":"closed","template":"","meta":{"googlesitekit_rrm_CAow0N7NCw:productID":"","content-type":"","pmpro_default_level":"","_themeisle_gutenberg_block_has_review":false},"product_brand":[],"product_cat":[262],"product_tag":[],"class_list":{"0":"post-1410784290","1":"product","2":"type-product","3":"status-publish","4":"has-post-thumbnail","6":"product_cat-areias-higienicas","7":"pmpro-has-access","9":"first","10":"instock","11":"taxable","12":"shipping-taxable","13":"purchasable","14":"product-type-simple"},"_links":{"self":[{"href":"https:\/\/dinhosreef.com\/en\/wp-json\/wp\/v2\/product\/1410784290","targetHints":{"allow":["GET"]}}],"collection":[{"href":"https:\/\/dinhosreef.com\/en\/wp-json\/wp\/v2\/product"}],"about":[{"href":"https:\/\/dinhosreef.com\/en\/wp-json\/wp\/v2\/types\/product"}],"replies":[{"embeddable":true,"href":"https:\/\/dinhosreef.com\/en\/wp-json\/wp\/v2\/comments?post=1410784290"}],"wp:featuredmedia":[{"embeddable":true,"href":"https:\/\/dinhosreef.com\/en\/wp-json\/wp\/v2\/media\/1410784309"}],"wp:attachment":[{"href":"https:\/\/dinhosreef.com\/en\/wp-json\/wp\/v2\/media?parent=1410784290"}],"wp:term":[{"taxonomy":"product_brand","embeddable":true,"href":"https:\/\/dinhosreef.com\/en\/wp-json\/wp\/v2\/product_brand?post=1410784290"},{"taxonomy":"product_cat","embeddable":true,"href":"https:\/\/dinhosreef.com\/en\/wp-json\/wp\/v2\/product_cat?post=1410784290"},{"taxonomy":"product_tag","embeddable":true,"href":"https:\/\/dinhosreef.com\/en\/wp-json\/wp\/v2\/product_tag?post=1410784290"}],"curies":[{"name":"wp","href":"https:\/\/api.w.org\/{rel}","templated":true}]}}