{"id":1410784293,"date":"2025-07-01T20:24:54","date_gmt":"2025-07-01T23:24:54","guid":{"rendered":"https:\/\/dinhosreef.com\/produto\/pente-cabo-de-madeira-duplo\/"},"modified":"2025-07-01T20:24:54","modified_gmt":"2025-07-01T23:24:54","slug":"pente-cabo-de-madeira-duplo","status":"publish","type":"product","link":"https:\/\/dinhosreef.com\/en\/product\/pente-cabo-de-madeira-duplo\/","title":{"rendered":"PENTE CABO DE MADEIRA DUPLO"},"content":{"rendered":"<header>\n<div class=\"header\">\n<div class=\"site-limit cf\">\u00a0<\/div>\n<\/p><\/div>\n<\/header>\n<p><main class=\"site-limit cf\"><\/p>\n<div id=\"produto-single\" class=\"produto-single cf\">\n<div class=\"produtoFotos\"><a id=\"fotoG\" class=\"fotoG gallery-img\" title=\"PENTE CABO DE MADEIRA DUPLO 49 DENTES\" href=\"https:\/\/ssis.nyc3.cdn.digitaloceanspaces.com\/fd\/8\/produto\/media\/pente-cabo-de-madeira-duplo-49-dentes-686-0.webp?_=1659616425\" data-zoom-image=\"https:\/\/ssis.nyc3.cdn.digitaloceanspaces.com\/fd\/8\/produto\/media\/pente-cabo-de-madeira-duplo-49-dentes-686-0.webp?_=1659616425\" target=\"_blank\" rel=\"noopener\"><\/a> <\/p>\n<div class=\"thumbs\">\u00a0<\/div>\n<\/p><\/div>\n<div class=\"descricao-completa info cf\">\n<h3 class=\"descricao-titulo\">Detalhes<\/h3>\n<div>\n<div><span style=\"font-size: large\">PENTE CABO DE MADEIRA DUPLO DENTES<\/span><\/div>\n<div><span style=\"font-size: large\">\u00a0<\/span><\/div>\n<div><span style=\"font-size: large\">Mantenha o pelo do seu c\u00e3o saud\u00e1vel com escova\u00e7\u00f5es regulares.\u00a0<\/span><\/div>\n<div><span style=\"font-size: large\">O Pente Duplo\u00a0 dentes possui dois lados: um com dentes mais espa\u00e7adas e outro com as dentes mais pr\u00f3ximas, perfeito para massagear a pele e remover os pelos soltos.\u00a0<\/span><\/div>\n<div><span style=\"font-size: large\">Al\u00e9m de tudo, o cabo de madeira facilita o manuseio.<\/span><\/div>\n<div><span style=\"font-size: large\">Este Pente \u00e9 excelente para manter o seu animal com uma linda apar\u00eancia e com pelos sedosos e desembara\u00e7ados.\u00a0<\/span><\/div>\n<div><span style=\"font-size: large\">Por escovar os pelos ativa o couro do animal estimulando o nascimento de fios novos e mais firmes.\u00a0<\/span><\/div>\n<div><span style=\"font-size: large\">Promova melhor qualidade de vida ao seu c\u00e3o!<\/span><\/div>\n<\/p><\/div>\n<\/p><\/div>\n<\/p><\/div>\n<p><\/main><\/p>","protected":false},"excerpt":{"rendered":"<p>\u00a0 \u00a0 Detalhes PENTE CABO DE MADEIRA DUPLO DENTES \u00a0 Mantenha o pelo do seu c\u00e3o saud\u00e1vel com escova\u00e7\u00f5es regulares.\u00a0 O Pente Duplo\u00a0 dentes possui dois lados: um com dentes mais espa\u00e7adas e outro com as dentes mais pr\u00f3ximas, perfeito para massagear a pele e remover os pelos soltos.\u00a0 Al\u00e9m de tudo, o cabo de [&hellip;]<\/p>\n","protected":false},"featured_media":1410784291,"comment_status":"open","ping_status":"closed","template":"","meta":{"googlesitekit_rrm_CAow0N7NCw:productID":"","content-type":"","pmpro_default_level":"","_themeisle_gutenberg_block_has_review":false},"product_brand":[],"product_cat":[164],"product_tag":[],"class_list":{"0":"post-1410784293","1":"product","2":"type-product","3":"status-publish","4":"has-post-thumbnail","6":"product_cat-pet-shop","7":"aux-has-gallery","8":"pmpro-has-access","10":"first","11":"instock","12":"taxable","13":"shipping-taxable","14":"purchasable","15":"product-type-simple"},"_links":{"self":[{"href":"https:\/\/dinhosreef.com\/en\/wp-json\/wp\/v2\/product\/1410784293","targetHints":{"allow":["GET"]}}],"collection":[{"href":"https:\/\/dinhosreef.com\/en\/wp-json\/wp\/v2\/product"}],"about":[{"href":"https:\/\/dinhosreef.com\/en\/wp-json\/wp\/v2\/types\/product"}],"replies":[{"embeddable":true,"href":"https:\/\/dinhosreef.com\/en\/wp-json\/wp\/v2\/comments?post=1410784293"}],"wp:featuredmedia":[{"embeddable":true,"href":"https:\/\/dinhosreef.com\/en\/wp-json\/wp\/v2\/media\/1410784291"}],"wp:attachment":[{"href":"https:\/\/dinhosreef.com\/en\/wp-json\/wp\/v2\/media?parent=1410784293"}],"wp:term":[{"taxonomy":"product_brand","embeddable":true,"href":"https:\/\/dinhosreef.com\/en\/wp-json\/wp\/v2\/product_brand?post=1410784293"},{"taxonomy":"product_cat","embeddable":true,"href":"https:\/\/dinhosreef.com\/en\/wp-json\/wp\/v2\/product_cat?post=1410784293"},{"taxonomy":"product_tag","embeddable":true,"href":"https:\/\/dinhosreef.com\/en\/wp-json\/wp\/v2\/product_tag?post=1410784293"}],"curies":[{"name":"wp","href":"https:\/\/api.w.org\/{rel}","templated":true}]}}