{"id":1410784302,"date":"2025-07-01T20:25:11","date_gmt":"2025-07-01T23:25:11","guid":{"rendered":"https:\/\/dinhosreef.com\/produto\/escova-dupla-cabo-madeira-media-215cm\/"},"modified":"2025-07-01T20:25:11","modified_gmt":"2025-07-01T23:25:11","slug":"escova-dupla-cabo-madeira-media-215cm","status":"publish","type":"product","link":"https:\/\/dinhosreef.com\/en\/product\/escova-dupla-cabo-madeira-media-215cm\/","title":{"rendered":"ESCOVA DUPLA CABO MADEIRA MEDIA 21,5CM"},"content":{"rendered":"<p>Escova Dupla Face Pequena -21,5Cm\u00a0<br \/>Produto excelente para desembra\u00e7ar os pelos cheios de n\u00f3.<br \/>Com cabo de madeira, com pinos e bolinhas para n\u00e3o machucar, pode ser usada em c\u00e3es e gatos com qualquer tipo de pelo. Assim vai deixar seu pet com uma apar\u00eancia melhor e com pelos macios e desembara\u00e7ados.<br \/>Ao pentear seu pet voc\u00ea ativa o couro e estimulando o nascimento de novos fios assim vai proporcionar uma qualidade de vida melhor.<br \/>Ficha t\u00e9cnica<br \/>&#8211; Material: Cabo em madeira<br \/>&#8211; Cor: Marrom Claro<\/p>","protected":false},"excerpt":{"rendered":"<p>Escova Dupla Face Pequena -21,5Cm\u00a0Produto excelente para desembra\u00e7ar os pelos cheios de n\u00f3.Com cabo de madeira, com pinos e bolinhas para n\u00e3o machucar, pode ser usada em c\u00e3es e gatos com qualquer tipo de pelo. Assim vai deixar seu pet com uma apar\u00eancia melhor e com pelos macios e desembara\u00e7ados.Ao pentear seu pet voc\u00ea ativa [&hellip;]<\/p>\n","protected":false},"featured_media":1410784300,"comment_status":"open","ping_status":"closed","template":"","meta":{"googlesitekit_rrm_CAow0N7NCw:productID":"","content-type":"","pmpro_default_level":"","_themeisle_gutenberg_block_has_review":false},"product_brand":[],"product_cat":[164],"product_tag":[],"class_list":{"0":"post-1410784302","1":"product","2":"type-product","3":"status-publish","4":"has-post-thumbnail","6":"product_cat-pet-shop","7":"aux-has-gallery","8":"pmpro-has-access","10":"first","11":"instock","12":"taxable","13":"shipping-taxable","14":"purchasable","15":"product-type-simple"},"_links":{"self":[{"href":"https:\/\/dinhosreef.com\/en\/wp-json\/wp\/v2\/product\/1410784302","targetHints":{"allow":["GET"]}}],"collection":[{"href":"https:\/\/dinhosreef.com\/en\/wp-json\/wp\/v2\/product"}],"about":[{"href":"https:\/\/dinhosreef.com\/en\/wp-json\/wp\/v2\/types\/product"}],"replies":[{"embeddable":true,"href":"https:\/\/dinhosreef.com\/en\/wp-json\/wp\/v2\/comments?post=1410784302"}],"wp:featuredmedia":[{"embeddable":true,"href":"https:\/\/dinhosreef.com\/en\/wp-json\/wp\/v2\/media\/1410784300"}],"wp:attachment":[{"href":"https:\/\/dinhosreef.com\/en\/wp-json\/wp\/v2\/media?parent=1410784302"}],"wp:term":[{"taxonomy":"product_brand","embeddable":true,"href":"https:\/\/dinhosreef.com\/en\/wp-json\/wp\/v2\/product_brand?post=1410784302"},{"taxonomy":"product_cat","embeddable":true,"href":"https:\/\/dinhosreef.com\/en\/wp-json\/wp\/v2\/product_cat?post=1410784302"},{"taxonomy":"product_tag","embeddable":true,"href":"https:\/\/dinhosreef.com\/en\/wp-json\/wp\/v2\/product_tag?post=1410784302"}],"curies":[{"name":"wp","href":"https:\/\/api.w.org\/{rel}","templated":true}]}}