{"id":1410784311,"date":"2025-07-01T20:25:31","date_gmt":"2025-07-01T23:25:31","guid":{"rendered":"https:\/\/dinhosreef.com\/produto\/granulado-pr-madeira-care-pet-10-kg\/"},"modified":"2026-03-23T21:06:19","modified_gmt":"2026-03-24T00:06:19","slug":"granulado-pr-madeira-care-pet-10-kg","status":"publish","type":"product","link":"https:\/\/dinhosreef.com\/en\/product\/granulado-pr-madeira-care-pet-10-kg\/","title":{"rendered":"GRANULADO PR. MADEIRA CARE PET 10 KG"},"content":{"rendered":"<p>Indicados para Animais:<br \/>Gatos<br \/>Roedores<br \/>P\u00e1ssaros<br \/>R\u00e9pteis<\/p>\n<p>Para Filhotes, Adultos e Idosos.<\/p>\n<p>&#8211; Elimina os odores de urina e fezes;<br \/>&#8211; At\u00f3xico e esterilizado;<br \/>&#8211; Conta com ultra absor\u00e7\u00e3o,<br \/>&#8211; Torr\u00e3o extra firme;<br \/>&#8211; Composi\u00e7\u00e3o em pH neutro,<br \/>&#8211; N\u00e3o suja as patas do felino.<\/p>","protected":false},"excerpt":{"rendered":"<p>Indicados para Animais:GatosRoedoresP\u00e1ssarosR\u00e9pteis Para Filhotes, Adultos e Idosos. &#8211; Elimina os odores de urina e fezes;&#8211; At\u00f3xico e esterilizado;&#8211; Conta com ultra absor\u00e7\u00e3o,&#8211; Torr\u00e3o extra firme;&#8211; Composi\u00e7\u00e3o em pH neutro,&#8211; N\u00e3o suja as patas do felino.<\/p>","protected":false},"featured_media":1410784310,"comment_status":"open","ping_status":"closed","template":"","meta":{"googlesitekit_rrm_CAow0N7NCw:productID":"","content-type":"","pmpro_default_level":"","_themeisle_gutenberg_block_has_review":false},"product_brand":[],"product_cat":[262],"product_tag":[],"class_list":{"0":"post-1410784311","1":"product","2":"type-product","3":"status-publish","4":"has-post-thumbnail","6":"product_cat-areias-higienicas","7":"pmpro-has-access","9":"first","10":"instock","11":"taxable","12":"shipping-taxable","13":"purchasable","14":"product-type-simple"},"_links":{"self":[{"href":"https:\/\/dinhosreef.com\/en\/wp-json\/wp\/v2\/product\/1410784311","targetHints":{"allow":["GET"]}}],"collection":[{"href":"https:\/\/dinhosreef.com\/en\/wp-json\/wp\/v2\/product"}],"about":[{"href":"https:\/\/dinhosreef.com\/en\/wp-json\/wp\/v2\/types\/product"}],"replies":[{"embeddable":true,"href":"https:\/\/dinhosreef.com\/en\/wp-json\/wp\/v2\/comments?post=1410784311"}],"wp:featuredmedia":[{"embeddable":true,"href":"https:\/\/dinhosreef.com\/en\/wp-json\/wp\/v2\/media\/1410784310"}],"wp:attachment":[{"href":"https:\/\/dinhosreef.com\/en\/wp-json\/wp\/v2\/media?parent=1410784311"}],"wp:term":[{"taxonomy":"product_brand","embeddable":true,"href":"https:\/\/dinhosreef.com\/en\/wp-json\/wp\/v2\/product_brand?post=1410784311"},{"taxonomy":"product_cat","embeddable":true,"href":"https:\/\/dinhosreef.com\/en\/wp-json\/wp\/v2\/product_cat?post=1410784311"},{"taxonomy":"product_tag","embeddable":true,"href":"https:\/\/dinhosreef.com\/en\/wp-json\/wp\/v2\/product_tag?post=1410784311"}],"curies":[{"name":"wp","href":"https:\/\/api.w.org\/{rel}","templated":true}]}}