{"id":1410784354,"date":"2025-07-02T09:52:15","date_gmt":"2025-07-02T12:52:15","guid":{"rendered":"https:\/\/dinhosreef.com\/produto\/pipicat-floral-4kg\/"},"modified":"2026-02-02T16:48:46","modified_gmt":"2026-02-02T19:48:46","slug":"pipicat-floral-4kg","status":"publish","type":"product","link":"https:\/\/dinhosreef.com\/en\/product\/pipicat-floral-4kg\/","title":{"rendered":"PIPICAT FLORAL 4KG"},"content":{"rendered":"<h2 class=\"ui-pdp-description__title\" data-testid=\"title\">Descri\u00e7\u00e3o<\/h2>\n<p class=\"ui-pdp-description__content\" data-testid=\"content\">Para garantir que o banheiro do seu gatinho fique sempre limpo e confort\u00e1vel, o uso de um granulado higi\u00eanico de qualidade \u00e9 mais do que fundamental. Pensando nisso, o time da Kelco Pet Care desenvolveu a areia Pipicat Floral!<\/p>\n<p>A areia para gato Pipicat traz \u00f3timos benef\u00edcios e vantagens, como:<\/p>\n<p>&#8211; Conta com alto n\u00edvel de absor\u00e7\u00e3o para torr\u00f5es mais firmes;<br \/>&#8211; Possui perfume floral e elimina odores indesejados,<br \/>&#8211; Cont\u00e9m gr\u00e3os extrafinos e excelente rendimento.<\/p>\n<p>Com a areia Pipicat Floral, fica muito mais f\u00e1cil oferecer o cantinho ideal para o seu bichano. Conhe\u00e7a um pouco mais sobre esse granulado incr\u00edvel!<\/p>","protected":false},"excerpt":{"rendered":"<p>Descri\u00e7\u00e3o Para garantir que o banheiro do seu gatinho fique sempre limpo e confort\u00e1vel, o uso de um granulado higi\u00eanico de qualidade \u00e9 mais do que fundamental. Pensando nisso, o time da Kelco Pet Care desenvolveu a areia Pipicat Floral! A areia para gato Pipicat traz \u00f3timos benef\u00edcios e vantagens, como: &#8211; Conta com alto [&hellip;]<\/p>\n","protected":false},"featured_media":1410784353,"comment_status":"open","ping_status":"closed","template":"","meta":{"googlesitekit_rrm_CAow0N7NCw:productID":"","content-type":"","pmpro_default_level":"","_themeisle_gutenberg_block_has_review":false},"product_brand":[],"product_cat":[262],"product_tag":[],"class_list":{"0":"post-1410784354","1":"product","2":"type-product","3":"status-publish","4":"has-post-thumbnail","6":"product_cat-areias-higienicas","7":"pmpro-has-access","9":"first","10":"outofstock","11":"taxable","12":"shipping-taxable","13":"purchasable","14":"product-type-simple"},"_links":{"self":[{"href":"https:\/\/dinhosreef.com\/en\/wp-json\/wp\/v2\/product\/1410784354","targetHints":{"allow":["GET"]}}],"collection":[{"href":"https:\/\/dinhosreef.com\/en\/wp-json\/wp\/v2\/product"}],"about":[{"href":"https:\/\/dinhosreef.com\/en\/wp-json\/wp\/v2\/types\/product"}],"replies":[{"embeddable":true,"href":"https:\/\/dinhosreef.com\/en\/wp-json\/wp\/v2\/comments?post=1410784354"}],"wp:featuredmedia":[{"embeddable":true,"href":"https:\/\/dinhosreef.com\/en\/wp-json\/wp\/v2\/media\/1410784353"}],"wp:attachment":[{"href":"https:\/\/dinhosreef.com\/en\/wp-json\/wp\/v2\/media?parent=1410784354"}],"wp:term":[{"taxonomy":"product_brand","embeddable":true,"href":"https:\/\/dinhosreef.com\/en\/wp-json\/wp\/v2\/product_brand?post=1410784354"},{"taxonomy":"product_cat","embeddable":true,"href":"https:\/\/dinhosreef.com\/en\/wp-json\/wp\/v2\/product_cat?post=1410784354"},{"taxonomy":"product_tag","embeddable":true,"href":"https:\/\/dinhosreef.com\/en\/wp-json\/wp\/v2\/product_tag?post=1410784354"}],"curies":[{"name":"wp","href":"https:\/\/api.w.org\/{rel}","templated":true}]}}