{"id":1410784356,"date":"2025-07-02T09:52:27","date_gmt":"2025-07-02T12:52:27","guid":{"rendered":"https:\/\/dinhosreef.com\/produto\/pipicat-classic-4kg\/"},"modified":"2026-04-28T16:07:51","modified_gmt":"2026-04-28T19:07:51","slug":"pipicat-classic-4kg","status":"publish","type":"product","link":"https:\/\/dinhosreef.com\/en\/product\/pipicat-classic-4kg\/","title":{"rendered":"PIPICAT CLASSIC 4KG"},"content":{"rendered":"<h2 class=\"ui-pdp-description__title\" data-testid=\"title\">Descri\u00e7\u00e3o<\/h2>\n<p class=\"ui-pdp-description__content\" data-testid=\"content\">Areia Pipicat Classic para Gatos<\/p>\n<p>A Areia Pipicat Classic \u00e9 uma das sugest\u00f5es de banheiros para felinos mais procuradas do mercado. Al\u00e9m de ser uma op\u00e7\u00e3o f\u00e1cil de usar, descartar e de combate ao mau odor, ela conta com um pre\u00e7o acess\u00edvel, o que garante um \u00f3timo custo-benef\u00edcio para os tutores.<\/p>\n<p>Por que ter areia sanit\u00e1ria para gatos em casa?<\/p>\n<p>O principal motivo para ter em casa a areia sanit\u00e1ria Pipicat Classic \u00e9 proporcionar um local limpo e atrativo para que o seu pet possa fazer as necessidades b\u00e1sicas. Isso sem falar que basta uma p\u00e1 e um saco para higienizar o banheiro do gato e livrar a casa de odores indesejados.<\/p>\n<p>Quais os diferenciais do Granulado Sanit\u00e1rio para Gatos Pipicat Classic?<\/p>\n<p>A areia Pipicat Classic n\u00e3o se destaca apenas na quest\u00e3o de custo-benef\u00edcio. Ela tamb\u00e9m carrega uma s\u00e9rie de diferenciais que v\u00e3o tornar o dia dos felinos e tutores muito mais pr\u00e1tico. Confira!<\/p>\n<p>Tecnologia Pipicat Odor Block que inibe a forma\u00e7\u00e3o de am\u00f4nia no banheiro;<br \/>Gr\u00e3os mais finos que ret\u00eam mais urina;<br \/>Forma\u00e7\u00e3o de torr\u00f5es que facilitam a limpeza;<br \/>Colora\u00e7\u00e3o e odor semelhantes aos da areia normal para estimular os pets.<\/p>\n<p>Saiba como descartar a areia para Gato Pipicat Classic<\/p>\n<p>Um ponto que merece aten\u00e7\u00e3o de quem usa areia para Gato Pipicat Classic diz respeito ao descarte. Apesar de ser um produto biodegrad\u00e1vel, o recomendado pelo fabricante \u00e9 n\u00e3o jog\u00e1-la no vaso sanit\u00e1rio, pois pode causar entupimento do encanamento.<\/p>\n<p>A melhor maneira de jogar a areia da caixa de areia para gato \u00e9 retirar os torr\u00f5es uma vez ao dia e armazenar separadamente em um saco de lixo. Ao perceber que ele est\u00e1 cheio, basta fechar a sacola e colocar em local adequado para a coleta.<\/p>","protected":false},"excerpt":{"rendered":"<p>Descri\u00e7\u00e3o Areia Pipicat Classic para Gatos A Areia Pipicat Classic \u00e9 uma das sugest\u00f5es de banheiros para felinos mais procuradas do mercado. Al\u00e9m de ser uma op\u00e7\u00e3o f\u00e1cil de usar, descartar e de combate ao mau odor, ela conta com um pre\u00e7o acess\u00edvel, o que garante um \u00f3timo custo-benef\u00edcio para os tutores. Por que ter [&hellip;]<\/p>\n","protected":false},"featured_media":1410784355,"comment_status":"open","ping_status":"closed","template":"","meta":{"googlesitekit_rrm_CAow0N7NCw:productID":"","content-type":"","pmpro_default_level":"","_themeisle_gutenberg_block_has_review":false},"product_brand":[],"product_cat":[262],"product_tag":[],"class_list":{"0":"post-1410784356","1":"product","2":"type-product","3":"status-publish","4":"has-post-thumbnail","6":"product_cat-areias-higienicas","7":"pmpro-has-access","9":"first","10":"instock","11":"taxable","12":"shipping-taxable","13":"purchasable","14":"product-type-simple"},"_links":{"self":[{"href":"https:\/\/dinhosreef.com\/en\/wp-json\/wp\/v2\/product\/1410784356","targetHints":{"allow":["GET"]}}],"collection":[{"href":"https:\/\/dinhosreef.com\/en\/wp-json\/wp\/v2\/product"}],"about":[{"href":"https:\/\/dinhosreef.com\/en\/wp-json\/wp\/v2\/types\/product"}],"replies":[{"embeddable":true,"href":"https:\/\/dinhosreef.com\/en\/wp-json\/wp\/v2\/comments?post=1410784356"}],"wp:featuredmedia":[{"embeddable":true,"href":"https:\/\/dinhosreef.com\/en\/wp-json\/wp\/v2\/media\/1410784355"}],"wp:attachment":[{"href":"https:\/\/dinhosreef.com\/en\/wp-json\/wp\/v2\/media?parent=1410784356"}],"wp:term":[{"taxonomy":"product_brand","embeddable":true,"href":"https:\/\/dinhosreef.com\/en\/wp-json\/wp\/v2\/product_brand?post=1410784356"},{"taxonomy":"product_cat","embeddable":true,"href":"https:\/\/dinhosreef.com\/en\/wp-json\/wp\/v2\/product_cat?post=1410784356"},{"taxonomy":"product_tag","embeddable":true,"href":"https:\/\/dinhosreef.com\/en\/wp-json\/wp\/v2\/product_tag?post=1410784356"}],"curies":[{"name":"wp","href":"https:\/\/api.w.org\/{rel}","templated":true}]}}