{"id":1410784358,"date":"2025-07-02T09:52:31","date_gmt":"2025-07-02T12:52:31","guid":{"rendered":"https:\/\/dinhosreef.com\/produto\/pipicat-campestre-4kg\/"},"modified":"2026-04-07T17:17:46","modified_gmt":"2026-04-07T20:17:46","slug":"pipicat-campestre-4kg","status":"publish","type":"product","link":"https:\/\/dinhosreef.com\/en\/product\/pipicat-campestre-4kg\/","title":{"rendered":"PIPICAT CAMPESTRE 4KG"},"content":{"rendered":"<h2 class=\"ui-pdp-description__title\" data-testid=\"title\">Descri\u00e7\u00e3o<\/h2>\n<p class=\"ui-pdp-description__content\" data-testid=\"content\">Pipicat Campestre Areia Higi\u00eanica para Gatos &#8211; 4kg<\/p>\n<p>&#8211; Indicada para gatos; &#8211; Gr\u00e3os extra finos; &#8211; \u00d3tima absor\u00e7\u00e3o; &#8211; Fragr\u00e2ncia campestre mant\u00e9m o ambiente perfumado; &#8211; Controla odores; &#8211; Forma torr\u00f5es firmes, &#8211;<\/p>\n<p class=\"ui-pdp-description__content\" data-testid=\"content\">Dispon\u00edvel em embalagem com 4kg.<\/p>\n<p>Tipo: Areia higi\u00eanica<\/p>\n<p>Pet: Gatos<\/p>\n<p>Idade: Filhote, Adulto, S\u00eanior<\/p>\n<p>Composi\u00e7\u00e3o: Argila Esmectita com s\u00edlica, s\u00f3dio e fragr\u00e2ncia<\/p>\n<p>Indica\u00e7\u00e3o: Sanit\u00e1rio de gatos<\/p>\n<p>Fragr\u00e2ncia: Campestre<\/p>","protected":false},"excerpt":{"rendered":"<p>Descri\u00e7\u00e3o Pipicat Campestre Areia Higi\u00eanica para Gatos &#8211; 4kg &#8211; Indicada para gatos; &#8211; Gr\u00e3os extra finos; &#8211; \u00d3tima absor\u00e7\u00e3o; &#8211; Fragr\u00e2ncia campestre mant\u00e9m o ambiente perfumado; &#8211; Controla odores; &#8211; Forma torr\u00f5es firmes, &#8211; Dispon\u00edvel em embalagem com 4kg. Tipo: Areia higi\u00eanica Pet: Gatos Idade: Filhote, Adulto, S\u00eanior Composi\u00e7\u00e3o: Argila Esmectita com s\u00edlica, s\u00f3dio [&hellip;]<\/p>\n","protected":false},"featured_media":1410784357,"comment_status":"open","ping_status":"closed","template":"","meta":{"googlesitekit_rrm_CAow0N7NCw:productID":"","content-type":"","pmpro_default_level":"","_themeisle_gutenberg_block_has_review":false},"product_brand":[],"product_cat":[262],"product_tag":[],"class_list":{"0":"post-1410784358","1":"product","2":"type-product","3":"status-publish","4":"has-post-thumbnail","6":"product_cat-areias-higienicas","7":"pmpro-has-access","9":"first","10":"instock","11":"taxable","12":"shipping-taxable","13":"purchasable","14":"product-type-simple"},"_links":{"self":[{"href":"https:\/\/dinhosreef.com\/en\/wp-json\/wp\/v2\/product\/1410784358","targetHints":{"allow":["GET"]}}],"collection":[{"href":"https:\/\/dinhosreef.com\/en\/wp-json\/wp\/v2\/product"}],"about":[{"href":"https:\/\/dinhosreef.com\/en\/wp-json\/wp\/v2\/types\/product"}],"replies":[{"embeddable":true,"href":"https:\/\/dinhosreef.com\/en\/wp-json\/wp\/v2\/comments?post=1410784358"}],"wp:featuredmedia":[{"embeddable":true,"href":"https:\/\/dinhosreef.com\/en\/wp-json\/wp\/v2\/media\/1410784357"}],"wp:attachment":[{"href":"https:\/\/dinhosreef.com\/en\/wp-json\/wp\/v2\/media?parent=1410784358"}],"wp:term":[{"taxonomy":"product_brand","embeddable":true,"href":"https:\/\/dinhosreef.com\/en\/wp-json\/wp\/v2\/product_brand?post=1410784358"},{"taxonomy":"product_cat","embeddable":true,"href":"https:\/\/dinhosreef.com\/en\/wp-json\/wp\/v2\/product_cat?post=1410784358"},{"taxonomy":"product_tag","embeddable":true,"href":"https:\/\/dinhosreef.com\/en\/wp-json\/wp\/v2\/product_tag?post=1410784358"}],"curies":[{"name":"wp","href":"https:\/\/api.w.org\/{rel}","templated":true}]}}