{"id":1410784378,"date":"2025-07-04T18:44:28","date_gmt":"2025-07-04T21:44:28","guid":{"rendered":"https:\/\/dinhosreef.com\/produto\/sache-special-cat-ultra-adultos-cordeiro-85g\/"},"modified":"2026-04-22T13:57:26","modified_gmt":"2026-04-22T16:57:26","slug":"sache-special-cat-ultra-adultos-cordeiro-85g","status":"publish","type":"product","link":"https:\/\/dinhosreef.com\/en\/product\/sache-special-cat-ultra-adultos-cordeiro-85g\/","title":{"rendered":"SACHE SPECIAL CAT ULTRA ADULTOS CORDEIRO 85G"},"content":{"rendered":"<p>Carne de ovino, carne mecanicamente separada de aves, cabe\u00e7a de frango, dorso de aves, f\u00edgado de su\u00edno, plasma sangu\u00edneo desidratado de su\u00edno, hemoglobina desidratada de bovino, gelatina, farinha de batata doce, prote\u00edna isolada de ervilha, fibra de mandioca, farinha de trigo, amido modificado de milho, dextrose, prote\u00edna texturizada de soja, \u00f3leo de aves, biomassa de microalgas desidratada (Schizochytrium sp.), celulose, levedura de cana-de-a\u00e7\u00facar hidrolisada e desidratada, extrato de Yucca schidigera, subproduto da extra\u00e7\u00e3o da L-cistina, cloreto de s\u00f3dio, carbonato de c\u00e1lcio, cloreto de pot\u00e1ssio, \u00e1gua, glicina, cloridrato de L-ciste\u00edna monohidratado, DL-metionina, taurina, vitamina D3, vitamina E, vitamina K3, vitamina B1, vitamina B2, vitamina B6, vitamina B12, vitamina C, niacina, cloreto de colina, \u00e1cido pantot\u00eanico, \u00e1cido f\u00f3lico, biotina, iodato de c\u00e1lcio, cobre amino\u00e1cido quelato, ferro amino\u00e1cido quelato, mangan\u00eas amino\u00e1cido quelato, zinco amino\u00e1cido quelato, goma guar, carragena, tripolifosfato de s\u00f3dio, caramelo I.<\/p>","protected":false},"excerpt":{"rendered":"<p>Carne de ovino, carne mecanicamente separada de aves, cabe\u00e7a de frango, dorso de aves, f\u00edgado de su\u00edno, plasma sangu\u00edneo desidratado de su\u00edno, hemoglobina desidratada de bovino, gelatina, farinha de batata doce, prote\u00edna isolada de ervilha, fibra de mandioca, farinha de trigo, amido modificado de milho, dextrose, prote\u00edna texturizada de soja, \u00f3leo de aves, biomassa de [&hellip;]<\/p>\n","protected":false},"featured_media":1410784377,"comment_status":"open","ping_status":"closed","template":"","meta":{"googlesitekit_rrm_CAow0N7NCw:productID":"","content-type":"","pmpro_default_level":"","_themeisle_gutenberg_block_has_review":false},"product_brand":[],"product_cat":[255],"product_tag":[],"class_list":{"0":"post-1410784378","1":"product","2":"type-product","3":"status-publish","4":"has-post-thumbnail","6":"product_cat-alimento-petisco-e-suplemento","7":"pmpro-has-access","9":"first","10":"instock","11":"taxable","12":"shipping-taxable","13":"purchasable","14":"product-type-simple"},"_links":{"self":[{"href":"https:\/\/dinhosreef.com\/en\/wp-json\/wp\/v2\/product\/1410784378","targetHints":{"allow":["GET"]}}],"collection":[{"href":"https:\/\/dinhosreef.com\/en\/wp-json\/wp\/v2\/product"}],"about":[{"href":"https:\/\/dinhosreef.com\/en\/wp-json\/wp\/v2\/types\/product"}],"replies":[{"embeddable":true,"href":"https:\/\/dinhosreef.com\/en\/wp-json\/wp\/v2\/comments?post=1410784378"}],"wp:featuredmedia":[{"embeddable":true,"href":"https:\/\/dinhosreef.com\/en\/wp-json\/wp\/v2\/media\/1410784377"}],"wp:attachment":[{"href":"https:\/\/dinhosreef.com\/en\/wp-json\/wp\/v2\/media?parent=1410784378"}],"wp:term":[{"taxonomy":"product_brand","embeddable":true,"href":"https:\/\/dinhosreef.com\/en\/wp-json\/wp\/v2\/product_brand?post=1410784378"},{"taxonomy":"product_cat","embeddable":true,"href":"https:\/\/dinhosreef.com\/en\/wp-json\/wp\/v2\/product_cat?post=1410784378"},{"taxonomy":"product_tag","embeddable":true,"href":"https:\/\/dinhosreef.com\/en\/wp-json\/wp\/v2\/product_tag?post=1410784378"}],"curies":[{"name":"wp","href":"https:\/\/api.w.org\/{rel}","templated":true}]}}