{"id":1410784390,"date":"2025-07-04T18:44:53","date_gmt":"2025-07-04T21:44:53","guid":{"rendered":"https:\/\/dinhosreef.com\/produto\/sache-s-cat-ultralife-ad-carne-85g\/"},"modified":"2026-03-30T18:38:09","modified_gmt":"2026-03-30T21:38:09","slug":"sache-s-cat-ultralife-ad-carne-85g","status":"publish","type":"product","link":"https:\/\/dinhosreef.com\/en\/product\/sache-s-cat-ultralife-ad-carne-85g\/","title":{"rendered":"SACHE S CAT ULTRALIFE AD CARNE 85G"},"content":{"rendered":"<h2 class=\"ui-pdp-description__title\" data-testid=\"title\">Descri\u00e7\u00e3o<\/h2>\n<p class=\"ui-pdp-description__content\" data-testid=\"content\">Sach\u00ea Special Cat Ultralife para Gatos Adultos Sabor Carne com Bata-Doce 85g<\/p>\n<p>\u00d4MEGAS 3, 6 E ZINCO<br \/>Prote\u00e7\u00e3o da pele e redu\u00e7\u00e3o da queda de pelos, resultando em uma pelagem mais bonita e brilhante.<\/p>\n<p>EQUIL\u00cdBRIO DE MINERAIS + \u00c1GUA<br \/>Os n\u00edveis equilibrados de minerais e o consumo de \u00e1gua, presentes no alimento \u00famido, auxiliam na manuten\u00e7\u00e3o do trato urin\u00e1rio.<\/p>\n<p>Composi\u00e7\u00e3o B\u00e1sica:<br \/>Carne de bovino, carca\u00e7a de aves, mi\u00fados de su\u00ednos, plasma sangu\u00edneo desidratado de su\u00edno, hemoglobina desidratada de bovino, gelatina, farinha de batata doce, fibra de mandioca, farinha de trigo, amido modificado de milho, dextrose, prote\u00edna isolada de soja, prote\u00edna texturizada de soja, \u00f3leo de aves, biomassa de microalgas desidratada (Schizochytrium sp.), celulose, levedura de cana-de-a\u00e7\u00facar hidrolisada e desidratada, extrato de Yucca schidigera, subproduto da extra\u00e7\u00e3o da L-cistina, cloreto de s\u00f3dio, carbonato de c\u00e1lcio, cloreto de pot\u00e1ssio, \u00e1gua, glicina, cloridrato de L-Ciste\u00edna monohidratado, taurina, DL-metionina, vitamina D3, vitamina E, vitamina K3, vitamina B1, vitamina B2, vitamina B6, vitamina B12, vitamina C, niacina, cloreto de colina, \u00e1cido pantot\u00eanico, \u00e1cido f\u00f3lico, biotina, iodato de c\u00e1lcio, minerais (glicinatos: ferro amino\u00e1cido quelato, cobre amino\u00e1cido quelato, mangan\u00eas amino\u00e1cido quelato e zinco amino\u00e1cido quelato), goma guar, carragena, tripolifosfato de s\u00f3dio, caramelo I.<\/p>","protected":false},"excerpt":{"rendered":"<p>Descri\u00e7\u00e3o Sach\u00ea Special Cat Ultralife para Gatos Adultos Sabor Carne com Bata-Doce 85g \u00d4MEGAS 3, 6 E ZINCOProte\u00e7\u00e3o da pele e redu\u00e7\u00e3o da queda de pelos, resultando em uma pelagem mais bonita e brilhante. EQUIL\u00cdBRIO DE MINERAIS + \u00c1GUAOs n\u00edveis equilibrados de minerais e o consumo de \u00e1gua, presentes no alimento \u00famido, auxiliam na manuten\u00e7\u00e3o [&hellip;]<\/p>\n","protected":false},"featured_media":1410784389,"comment_status":"open","ping_status":"closed","template":"","meta":{"googlesitekit_rrm_CAow0N7NCw:productID":"","content-type":"","pmpro_default_level":"","_themeisle_gutenberg_block_has_review":false},"product_brand":[],"product_cat":[255],"product_tag":[],"class_list":{"0":"post-1410784390","1":"product","2":"type-product","3":"status-publish","4":"has-post-thumbnail","6":"product_cat-alimento-petisco-e-suplemento","7":"pmpro-has-access","9":"first","10":"instock","11":"taxable","12":"shipping-taxable","13":"purchasable","14":"product-type-simple"},"_links":{"self":[{"href":"https:\/\/dinhosreef.com\/en\/wp-json\/wp\/v2\/product\/1410784390","targetHints":{"allow":["GET"]}}],"collection":[{"href":"https:\/\/dinhosreef.com\/en\/wp-json\/wp\/v2\/product"}],"about":[{"href":"https:\/\/dinhosreef.com\/en\/wp-json\/wp\/v2\/types\/product"}],"replies":[{"embeddable":true,"href":"https:\/\/dinhosreef.com\/en\/wp-json\/wp\/v2\/comments?post=1410784390"}],"wp:featuredmedia":[{"embeddable":true,"href":"https:\/\/dinhosreef.com\/en\/wp-json\/wp\/v2\/media\/1410784389"}],"wp:attachment":[{"href":"https:\/\/dinhosreef.com\/en\/wp-json\/wp\/v2\/media?parent=1410784390"}],"wp:term":[{"taxonomy":"product_brand","embeddable":true,"href":"https:\/\/dinhosreef.com\/en\/wp-json\/wp\/v2\/product_brand?post=1410784390"},{"taxonomy":"product_cat","embeddable":true,"href":"https:\/\/dinhosreef.com\/en\/wp-json\/wp\/v2\/product_cat?post=1410784390"},{"taxonomy":"product_tag","embeddable":true,"href":"https:\/\/dinhosreef.com\/en\/wp-json\/wp\/v2\/product_tag?post=1410784390"}],"curies":[{"name":"wp","href":"https:\/\/api.w.org\/{rel}","templated":true}]}}