{"id":1410784461,"date":"2025-07-05T11:02:36","date_gmt":"2025-07-05T14:02:36","guid":{"rendered":"https:\/\/dinhosreef.com\/produto\/quatree-snacks-nuggets-gatos-bola-de-pelo-carne-60g\/"},"modified":"2026-04-02T13:22:43","modified_gmt":"2026-04-02T16:22:43","slug":"quatree-snacks-nuggets-gatos-bola-de-pelo-carne-60g","status":"publish","type":"product","link":"https:\/\/dinhosreef.com\/en\/product\/quatree-snacks-nuggets-gatos-bola-de-pelo-carne-60g\/","title":{"rendered":"QUATREE SNACKS NUGGETS GATOS BOLA DE PELO CARNE 60G"},"content":{"rendered":"<h2 class=\"ui-pdp-description__title\" data-testid=\"title\">Descri\u00e7\u00e3o<\/h2>\n<p class=\"ui-pdp-description__content\" data-testid=\"content\">Snack Quatree Nuggets Para Gatos Bola de Pelo Sabor Carne 150g<\/p>\n<p>&#8211; Indicado para gatos;<br \/>\n&#8211; Para gatos de todas as ra\u00e7as;<br \/>\n&#8211; Previne a forma\u00e7\u00e3o da bola de pelo;<br \/>\n&#8211; Equilibra a flora intestinal;<br \/>\n&#8211; Sabor carne.<\/p>\n<p>Snack Quatree Nuggets Para Gatos satisfaz o instinto de mastiga\u00e7\u00e3o do seu gatinho e higieniza os dentes com sua textura crocante. Com fibras especiais que v\u00e3o auxiliar a elimina\u00e7\u00e3o natural dos pelos por meio do tr\u00e2nsito intestinal.<\/p>\n<p>Snack Quatree Nuggets Para Gatos \u00e9 crocante e possui um sabor inconfund\u00edvel de carne, o que faz com que o gato sempre queira mais.<\/p>\n<p>O Snack pode ser utilizado como recompensa, para distra\u00e7\u00e3o e brincadeira, contribui para a diminui\u00e7\u00e3o do estresse e proporciona gengivas mais saud\u00e1veis.<\/p>\n<p>Snack Quatree Nuggets \u00e9 um petisco de cuidado di\u00e1rio para oferecer ao seu gatinho de todos os portes.<\/p>","protected":false},"excerpt":{"rendered":"<p>Descri\u00e7\u00e3o Snack Quatree Nuggets Para Gatos Bola de Pelo Sabor Carne 150g &#8211; Indicado para gatos; &#8211; Para gatos de todas as ra\u00e7as; &#8211; Previne a forma\u00e7\u00e3o da bola de pelo; &#8211; Equilibra a flora intestinal; &#8211; Sabor carne. Snack Quatree Nuggets Para Gatos satisfaz o instinto de mastiga\u00e7\u00e3o do seu gatinho e higieniza os [&hellip;]<\/p>\n","protected":false},"featured_media":1410784460,"comment_status":"open","ping_status":"closed","template":"","meta":{"googlesitekit_rrm_CAow0N7NCw:productID":"","content-type":"","pmpro_default_level":"","_themeisle_gutenberg_block_has_review":false},"product_brand":[336],"product_cat":[255],"product_tag":[],"class_list":{"0":"post-1410784461","1":"product","2":"type-product","3":"status-publish","4":"has-post-thumbnail","6":"product_brand-quatree","7":"product_cat-alimento-petisco-e-suplemento","8":"pmpro-has-access","10":"first","11":"instock","12":"taxable","13":"shipping-taxable","14":"purchasable","15":"product-type-simple"},"_links":{"self":[{"href":"https:\/\/dinhosreef.com\/en\/wp-json\/wp\/v2\/product\/1410784461","targetHints":{"allow":["GET"]}}],"collection":[{"href":"https:\/\/dinhosreef.com\/en\/wp-json\/wp\/v2\/product"}],"about":[{"href":"https:\/\/dinhosreef.com\/en\/wp-json\/wp\/v2\/types\/product"}],"replies":[{"embeddable":true,"href":"https:\/\/dinhosreef.com\/en\/wp-json\/wp\/v2\/comments?post=1410784461"}],"wp:featuredmedia":[{"embeddable":true,"href":"https:\/\/dinhosreef.com\/en\/wp-json\/wp\/v2\/media\/1410784460"}],"wp:attachment":[{"href":"https:\/\/dinhosreef.com\/en\/wp-json\/wp\/v2\/media?parent=1410784461"}],"wp:term":[{"taxonomy":"product_brand","embeddable":true,"href":"https:\/\/dinhosreef.com\/en\/wp-json\/wp\/v2\/product_brand?post=1410784461"},{"taxonomy":"product_cat","embeddable":true,"href":"https:\/\/dinhosreef.com\/en\/wp-json\/wp\/v2\/product_cat?post=1410784461"},{"taxonomy":"product_tag","embeddable":true,"href":"https:\/\/dinhosreef.com\/en\/wp-json\/wp\/v2\/product_tag?post=1410784461"}],"curies":[{"name":"wp","href":"https:\/\/api.w.org\/{rel}","templated":true}]}}