{"id":1410784471,"date":"2025-07-05T11:02:46","date_gmt":"2025-07-05T14:02:46","guid":{"rendered":"https:\/\/dinhosreef.com\/produto\/quatree-snacks-biscoito-natural-frutas-vermelhas-150g\/"},"modified":"2026-04-06T11:06:45","modified_gmt":"2026-04-06T14:06:45","slug":"quatree-snacks-biscoito-natural-frutas-vermelhas-150g","status":"publish","type":"product","link":"https:\/\/dinhosreef.com\/en\/product\/quatree-snacks-biscoito-natural-frutas-vermelhas-150g\/","title":{"rendered":"QUATREE SNACKS BISCOITO NATURAL FRUTAS VERMELHAS 150G"},"content":{"rendered":"<p>Quatree Snacks Biscoito Natural Frutas Vermelhas 150g<\/p>\n<ul>\n<li>Indicado para c\u00e3es;<\/li>\n<li>Ingredientes 100% naturais;<\/li>\n<li>Sem transg\u00eanicos, corantes e antioxidantes artificiais;<\/li>\n<li>Biscoito assado;<\/li>\n<li>Super Premium.<\/li>\n<\/ul>\n<p>Os Snacks Biscoito Natural Frutas Vermelhas representam uma op\u00e7\u00e3o de petisco Super Premium que se destaca pela sua qualidade incompar\u00e1vel. Sem a presen\u00e7a de transg\u00eanicos, corantes ou antioxidantes artificiais, esse petisco respeita a natureza do seu c\u00e3o e sua sa\u00fade. Sendo assado e integral, ele \u00e9 composto por ingredientes 100% naturais, enfatizando a busca por uma nutri\u00e7\u00e3o equilibrada. Com um valor nutricional not\u00e1vel, este petisco harmoniza sabor e benef\u00edcios nutricionais de forma exemplar. \u00c9 uma recompensa di\u00e1ria que transcende o prazer do paladar, oferecendo uma experi\u00eancia saud\u00e1vel e agrad\u00e1vel para o seu c\u00e3o. Com o compromisso ANTI-OX sem transg\u00eanicos sem corantes, sem antioxidantes artificiais, rico em prebi\u00f3ticos. Os Snacks Biscoitos Naturais Frutas Vermelhas garantem a qualidade e integridade que seu c\u00e3o merece.<\/p>\n<p>Composi\u00e7\u00e3o<\/p>\n<p>Farinha de trigo, farinha de trigo integral, \u00f3leo de aves, farelo de trigo, sacarose, hidrolisado de figado de aves, amora (min. 0,2%), framboesa (min. 0,2%), morango (min. 0,2%), mirtilo (blueberry) (min. 0,1%), hexametafosfato de s\u00f3dio (min. 0,15%), aditivo prebi\u00f3tico mananoligossacar\u00eddeos (MOS) (min. 0,04%), extrato de alecrim, DL-alfa tocoferol, \u00e1cido propi\u00f4nico, aroma de frutas vermelhas, vitamina A, vitamina D3, vitamina E, vitamina K3, vitamina B1, vitamina B2, vitamina B6, vitamina B12, niacina, pantotenato de c\u00e1lcio, \u00e1cido f\u00f3lico, cloreto de colina, biotina, sulfato de ferro, sulfato de cobre, sulfato de mangan\u00eas, sulfato de zinco, metabissulfito de s\u00f3dio, iodato de c\u00e1lcio e selenito de s\u00f3dio.<\/p>","protected":false},"excerpt":{"rendered":"<p>Quatree Snacks Biscoito Natural Frutas Vermelhas 150g Indicado para c\u00e3es; Ingredientes 100% naturais; Sem transg\u00eanicos, corantes e antioxidantes artificiais; Biscoito assado; Super Premium. Os Snacks Biscoito Natural Frutas Vermelhas representam uma op\u00e7\u00e3o de petisco Super Premium que se destaca pela sua qualidade incompar\u00e1vel. Sem a presen\u00e7a de transg\u00eanicos, corantes ou antioxidantes artificiais, esse petisco respeita [&hellip;]<\/p>\n","protected":false},"featured_media":1410784470,"comment_status":"open","ping_status":"closed","template":"","meta":{"googlesitekit_rrm_CAow0N7NCw:productID":"","content-type":"","pmpro_default_level":"","_themeisle_gutenberg_block_has_review":false},"product_brand":[336],"product_cat":[263],"product_tag":[],"class_list":{"0":"post-1410784471","1":"product","2":"type-product","3":"status-publish","4":"has-post-thumbnail","6":"product_brand-quatree","7":"product_cat-biscoitos-para-caes","8":"pmpro-has-access","10":"first","11":"outofstock","12":"taxable","13":"shipping-taxable","14":"purchasable","15":"product-type-simple"},"_links":{"self":[{"href":"https:\/\/dinhosreef.com\/en\/wp-json\/wp\/v2\/product\/1410784471","targetHints":{"allow":["GET"]}}],"collection":[{"href":"https:\/\/dinhosreef.com\/en\/wp-json\/wp\/v2\/product"}],"about":[{"href":"https:\/\/dinhosreef.com\/en\/wp-json\/wp\/v2\/types\/product"}],"replies":[{"embeddable":true,"href":"https:\/\/dinhosreef.com\/en\/wp-json\/wp\/v2\/comments?post=1410784471"}],"wp:featuredmedia":[{"embeddable":true,"href":"https:\/\/dinhosreef.com\/en\/wp-json\/wp\/v2\/media\/1410784470"}],"wp:attachment":[{"href":"https:\/\/dinhosreef.com\/en\/wp-json\/wp\/v2\/media?parent=1410784471"}],"wp:term":[{"taxonomy":"product_brand","embeddable":true,"href":"https:\/\/dinhosreef.com\/en\/wp-json\/wp\/v2\/product_brand?post=1410784471"},{"taxonomy":"product_cat","embeddable":true,"href":"https:\/\/dinhosreef.com\/en\/wp-json\/wp\/v2\/product_cat?post=1410784471"},{"taxonomy":"product_tag","embeddable":true,"href":"https:\/\/dinhosreef.com\/en\/wp-json\/wp\/v2\/product_tag?post=1410784471"}],"curies":[{"name":"wp","href":"https:\/\/api.w.org\/{rel}","templated":true}]}}