{"id":1410784473,"date":"2025-07-05T11:02:49","date_gmt":"2025-07-05T14:02:49","guid":{"rendered":"https:\/\/dinhosreef.com\/produto\/quatree-snacks-bifinhos-sabor-frango-60g\/"},"modified":"2026-04-22T14:45:48","modified_gmt":"2026-04-22T17:45:48","slug":"quatree-snacks-bifinhos-sabor-frango-60g","status":"publish","type":"product","link":"https:\/\/dinhosreef.com\/en\/product\/quatree-snacks-bifinhos-sabor-frango-60g\/","title":{"rendered":"QUATREE SNACKS BIFINHOS SABOR FRANGO 60G"},"content":{"rendered":"<h2 class=\"ui-pdp-description__title\" data-testid=\"title\">Descri\u00e7\u00e3o<\/h2>\n<p class=\"ui-pdp-description__content\" data-testid=\"content\">\u00a0Petisco Bifinhos Snack Quatree C\u00e3es Sabor Frango 60g<br \/>\u00a0<br \/>Quatree Snacks Bifinhos \u00e9 uma del\u00edcia de petisco feito com ingredientes especiais que o seu c\u00e3o vai adorar! Saboroso e nutritivo, \u00e9 indicado para c\u00e3es de todas as idades. Quatree Snacks Bifinhos cont\u00e9m prebi\u00f3tico e ze\u00f3lita para auxiliar no equil\u00edbrio da flora intestinal, col\u00e1geno para manter a pele saud\u00e1vel e macia e hexametafosfato de s\u00f3dio para reduzir a forma\u00e7\u00e3o de t\u00e1rtaro e mau h\u00e1lito. Quatree Snacks Bifinhos alimenta e faz a alegria do seu c\u00e3o.<\/p>\n<p>COMPOSI\u00c7\u00c3O: Carne mecanicamente separada de aves (m\u00edn. 5%), pulm\u00e3o de su\u00edno, f\u00edgado de su\u00edno, ze\u00f3lita (m\u00edn. 1%), hemoglobina desidratada de bovino, sacarose, cloreto de s\u00f3dio, farinha de carne e ossos de bovino, farelo de arroz, goma guar, fibra de col\u00e1geno (m\u00edn. 1%), glicerina purificada (glicerol), BHA (butilhidroxianisol), BHT (butilhidroxitolueno), \u00e1cido propi\u00f4nico, propionato de am\u00f4nio, \u00e1cido c\u00edtrico, sorbato de pot\u00e1ssio, mananoligossacar\u00eddeo (m\u00edn. 0,015%), hexametafosfato de s\u00f3dio (m\u00edn. 0,03%) e aroma de frango (m\u00edn. 0,05%).<br \/>Eventuais substitutivos: Pulm\u00e3o de bovino, farinha de v\u00edsceras de aves, hem\u00e1cia desidratada de su\u00edno, goma xantana, carboximetilcelulose s\u00f3dica (goma de celulose), farinha de carne e ossos de su\u00edno, farinha de arroz, prote\u00edna de ervilha, dextrose e \u00f3leo de girassol refinado.<\/p>","protected":false},"excerpt":{"rendered":"<p>Descri\u00e7\u00e3o \u00a0Petisco Bifinhos Snack Quatree C\u00e3es Sabor Frango 60g\u00a0Quatree Snacks Bifinhos \u00e9 uma del\u00edcia de petisco feito com ingredientes especiais que o seu c\u00e3o vai adorar! Saboroso e nutritivo, \u00e9 indicado para c\u00e3es de todas as idades. Quatree Snacks Bifinhos cont\u00e9m prebi\u00f3tico e ze\u00f3lita para auxiliar no equil\u00edbrio da flora intestinal, col\u00e1geno para manter a [&hellip;]<\/p>\n","protected":false},"featured_media":1410784472,"comment_status":"open","ping_status":"closed","template":"","meta":{"googlesitekit_rrm_CAow0N7NCw:productID":"","content-type":"","pmpro_default_level":"","_themeisle_gutenberg_block_has_review":false},"product_brand":[336],"product_cat":[264],"product_tag":[],"class_list":{"0":"post-1410784473","1":"product","2":"type-product","3":"status-publish","4":"has-post-thumbnail","6":"product_brand-quatree","7":"product_cat-bifinhos-para-caes","8":"pmpro-has-access","10":"first","11":"instock","12":"taxable","13":"shipping-taxable","14":"purchasable","15":"product-type-simple"},"_links":{"self":[{"href":"https:\/\/dinhosreef.com\/en\/wp-json\/wp\/v2\/product\/1410784473","targetHints":{"allow":["GET"]}}],"collection":[{"href":"https:\/\/dinhosreef.com\/en\/wp-json\/wp\/v2\/product"}],"about":[{"href":"https:\/\/dinhosreef.com\/en\/wp-json\/wp\/v2\/types\/product"}],"replies":[{"embeddable":true,"href":"https:\/\/dinhosreef.com\/en\/wp-json\/wp\/v2\/comments?post=1410784473"}],"wp:featuredmedia":[{"embeddable":true,"href":"https:\/\/dinhosreef.com\/en\/wp-json\/wp\/v2\/media\/1410784472"}],"wp:attachment":[{"href":"https:\/\/dinhosreef.com\/en\/wp-json\/wp\/v2\/media?parent=1410784473"}],"wp:term":[{"taxonomy":"product_brand","embeddable":true,"href":"https:\/\/dinhosreef.com\/en\/wp-json\/wp\/v2\/product_brand?post=1410784473"},{"taxonomy":"product_cat","embeddable":true,"href":"https:\/\/dinhosreef.com\/en\/wp-json\/wp\/v2\/product_cat?post=1410784473"},{"taxonomy":"product_tag","embeddable":true,"href":"https:\/\/dinhosreef.com\/en\/wp-json\/wp\/v2\/product_tag?post=1410784473"}],"curies":[{"name":"wp","href":"https:\/\/api.w.org\/{rel}","templated":true}]}}