{"id":1410784477,"date":"2025-07-05T11:02:53","date_gmt":"2025-07-05T14:02:53","guid":{"rendered":"https:\/\/dinhosreef.com\/produto\/quatree-snacks-bifinhos-sabor-carne-60g\/"},"modified":"2026-04-22T14:45:46","modified_gmt":"2026-04-22T17:45:46","slug":"quatree-snacks-bifinhos-sabor-carne-60g","status":"publish","type":"product","link":"https:\/\/dinhosreef.com\/en\/product\/quatree-snacks-bifinhos-sabor-carne-60g\/","title":{"rendered":"QUATREE SNACKS BIFINHOS SABOR CARNE 60G"},"content":{"rendered":"<div id=\"description\" class=\"ui-pdp-container__row ui-pdp-container__row--description\">\n<div class=\"ui-pdp-collapsable ui-pdp-description-collapse\">\n<div class=\"ui-pdp-collapsable__container\">\n<div id=\"description\" class=\"ui-pdp-description\">\n<h2 class=\"ui-pdp-description__title\" data-testid=\"title\">Descri\u00e7\u00e3o<\/h2>\n<p class=\"ui-pdp-description__content\" data-testid=\"content\">Ol\u00e1, tudo bem ? Esperamos que sim!! Deixa a gente se apresentar, n\u00f3s somos a Lukye Pet, somos apaixonados por pets! E n\u00e3o \u00e9 da boca pra fora, s\u00e3o muitos anos de dedica\u00e7\u00e3o no segmento pet. Trabalhamos para oferecer os melhores produtos entre os melhores fornecedores do mercado, ahhh e nosso pre\u00e7o? entre os melhores!!.<\/p>\n<p>Nosso objetivo \u00e9 que seu pedido seja entregue em sua casa com rapidez e seguran\u00e7a, mas caso voc\u00ea tenha algum problema n\u00e3o deixe de nos procurar em nossos canais de atendimento, trabalhamos para que voc\u00ea e seu pet possam ter a melhor experi\u00eancia poss\u00edvel em nossa loja.<\/p>\n<p>Quatree Snacks Bifinhos \u00e9 uma del\u00edcia de petisco feito com ingredientes especiais que o seu c\u00e3o vai adorar! Saboroso e nutritivo, \u00e9 indicado para c\u00e3es de todas as idades. Quatree Snacks Bifinhos cont\u00e9m prebi\u00f3tico e ze\u00f3lita para auxiliar no equil\u00edbrio da flora intestinal, col\u00e1geno para manter a pele saud\u00e1vel e macia e hexametafosfato de s\u00f3dio para reduzir a forma\u00e7\u00e3o de t\u00e1rtaro e mau h\u00e1lito. Quatree Snacks Bifinhos alimenta e faz a alegria do seu c\u00e3o!<\/p>\n<p>Confira alguns benef\u00edcios:<br \/>\nFonte de prebi\u00f3tico e ze\u00f3lita + col\u00e1geno<br \/>\nCont\u00e9m hexametafosfato de s\u00f3dio para reduzir a forma\u00e7\u00e3o de t\u00e1rtaro e mau h\u00e1lito.<br \/>\nNova f\u00f3rmula com +80% de prote\u00edna que o anterior<\/p>\n<p>Composi\u00e7\u00e3o:<br \/>\nCarne mecanicamente separada de aves, pulm\u00e3o de su\u00edno, f\u00edgado de su\u00edno, ze\u00f3lita (m\u00edn. 1%), hemoglobina desidratada de bovino, sacarose, cloreto de s\u00f3dio, farinha de carne e ossos de bovino (m\u00edn. 10%), farelo de arroz, goma guar, fibra de col\u00e1geno (m\u00edn. 1%), glicerina purificada (glicerol), BHA (butilhidroxianisol), BHT (butilhidroxitolueno), \u00e1cido propi\u00f4nico, propionato de am\u00f4nio, \u00e1cido c\u00edtrico, sorbato de pot\u00e1ssio, mananoligossacar\u00eddeo (m\u00edn. 0,015%), hexametafosfato de s\u00f3dio (m\u00edn. 0,03%) e aroma de fuma\u00e7a (m\u00edn. 0,05%).<br \/>\nEventuais substitutivos: Pulm\u00e3o de bovino, farinha de v\u00edsceras de aves, hem\u00e1cia desidratada de su\u00edno, goma xantana, carboximetilcelulose s\u00f3dica (goma de celulose), farinha de carne e ossos de su\u00edno, farinha de arroz, prote\u00edna de ervilha, dextrose e \u00f3leo de girassol refinado.<\/p>\n<p>N\u00edveis de garantia:<br \/>\nProte\u00edna bruta (m\u00edn.) 290g\/kg (29%)<br \/>\nExtrato et\u00e9reo (m\u00edn.) 100g\/kg (10%)<br \/>\nMat\u00e9ria fibrosa (m\u00e1x.) 20g\/kg (2%)<br \/>\nMat\u00e9ria mineral (m\u00e1x.) 150g\/kg (15%)<br \/>\nC\u00e1lcio (m\u00edn.) 15g\/kg (1,5%)<br \/>\nC\u00e1lcio (m\u00e1x.) 45g\/kg (4,5%)<br \/>\nF\u00f3sforo (m\u00edn.) 15g\/kg (1,5%)<br \/>\nHexametafosfato de s\u00f3dio (m\u00edn.) 300mg\/kg (0,03%)<br \/>\nZe\u00f3lita (m\u00edn.) 10g\/kg (1%)<br \/>\nMananoligossacar\u00eddeo (m\u00edn.) 150mg\/kg (0,015%)<br \/>\nUmidade (m\u00e1x.) 190g\/kg (19%)<\/p>\n<\/div>\n<\/div>\n<\/div>\n<\/div>\n<div class=\"ui-vip-core-spot-middle\">\n<section class=\"ui-recommendations-carousel-wrapper-ref ui-recommendations-over-white-background\">\n<div class=\"ui-recommendations-carousel-snapped ui-pdp-with--separator-top ui-pdp-with--separator-top--full mb-40 recos-override__card-vertical\">\n<div class=\"ui-recommendations-carousel-snapped__header\">\n<div class=\"ui-recommendations-carousel-snapped__header-titles\"><\/div>\n<\/div>\n<\/div>\n<\/section>\n<\/div>","protected":false},"excerpt":{"rendered":"<p>Descri\u00e7\u00e3o Ol\u00e1, tudo bem ? Esperamos que sim!! Deixa a gente se apresentar, n\u00f3s somos a Lukye Pet, somos apaixonados por pets! E n\u00e3o \u00e9 da boca pra fora, s\u00e3o muitos anos de dedica\u00e7\u00e3o no segmento pet. Trabalhamos para oferecer os melhores produtos entre os melhores fornecedores do mercado, ahhh e nosso pre\u00e7o? entre os [&hellip;]<\/p>\n","protected":false},"featured_media":1410784476,"comment_status":"open","ping_status":"closed","template":"","meta":{"googlesitekit_rrm_CAow0N7NCw:productID":"","content-type":"","pmpro_default_level":"","_themeisle_gutenberg_block_has_review":false},"product_brand":[336],"product_cat":[259],"product_tag":[],"class_list":{"0":"post-1410784477","1":"product","2":"type-product","3":"status-publish","4":"has-post-thumbnail","6":"product_brand-quatree","7":"product_cat-racoes-alimento-petisco-e-suplemento-caes","8":"pmpro-has-access","10":"first","11":"instock","12":"taxable","13":"shipping-taxable","14":"purchasable","15":"product-type-simple"},"_links":{"self":[{"href":"https:\/\/dinhosreef.com\/en\/wp-json\/wp\/v2\/product\/1410784477","targetHints":{"allow":["GET"]}}],"collection":[{"href":"https:\/\/dinhosreef.com\/en\/wp-json\/wp\/v2\/product"}],"about":[{"href":"https:\/\/dinhosreef.com\/en\/wp-json\/wp\/v2\/types\/product"}],"replies":[{"embeddable":true,"href":"https:\/\/dinhosreef.com\/en\/wp-json\/wp\/v2\/comments?post=1410784477"}],"wp:featuredmedia":[{"embeddable":true,"href":"https:\/\/dinhosreef.com\/en\/wp-json\/wp\/v2\/media\/1410784476"}],"wp:attachment":[{"href":"https:\/\/dinhosreef.com\/en\/wp-json\/wp\/v2\/media?parent=1410784477"}],"wp:term":[{"taxonomy":"product_brand","embeddable":true,"href":"https:\/\/dinhosreef.com\/en\/wp-json\/wp\/v2\/product_brand?post=1410784477"},{"taxonomy":"product_cat","embeddable":true,"href":"https:\/\/dinhosreef.com\/en\/wp-json\/wp\/v2\/product_cat?post=1410784477"},{"taxonomy":"product_tag","embeddable":true,"href":"https:\/\/dinhosreef.com\/en\/wp-json\/wp\/v2\/product_tag?post=1410784477"}],"curies":[{"name":"wp","href":"https:\/\/api.w.org\/{rel}","templated":true}]}}