{"id":1410784481,"date":"2025-07-05T11:04:38","date_gmt":"2025-07-05T14:04:38","guid":{"rendered":"https:\/\/dinhosreef.com\/produto\/pate-gato-carne-280g-bongos\/"},"modified":"2026-04-13T12:51:53","modified_gmt":"2026-04-13T15:51:53","slug":"pate-gato-carne-280g-bongos","status":"publish","type":"product","link":"https:\/\/dinhosreef.com\/en\/product\/pate-gato-carne-280g-bongos\/","title":{"rendered":"PATE GATO CARNE 280G BONGOS"},"content":{"rendered":"<p><span class=\"sc-dcJsrY jZKEso\" data-testid=\"product-detail-title\">Lata Bongos Pat\u00ea de Carne para Gatos 280g &#8211; Pet Bom<\/span><\/p>\n<div class=\"sc-iGgWBj jEOEJZ sc-cibtfC iMtDxl\" data-testid=\"product-detail-description\">\n<div class=\"sc-iGgWBj eWtIHQ sc-jfLtok jZiINr\" data-testid=\"rich-content-container\">Detalhes do ProdutoA Ra\u00e7\u00e3o Bongos Pat\u00ea de Gato \u00e9 desenvolvida com ingredientes selecionados. Balanceada e nutritiva, \u00e9 um alimento completo e com um sabor que seu gato vai adorar. Bomgos:O amor pelos animais e a paix\u00e3o pela qu\u00edmica resultou no nascimento de uma marca que se preocupa n\u00e3o s\u00f3 em alimenta\u00e7\u00e3o animal e sim em proporcionar uma vida longa e saud\u00e1vel para aqueles que j\u00e1 fazem parte da fam\u00edlia. As ra\u00e7\u00f5es Bongos t\u00eam como diferencial o uso de ingredientes como a cenoura e beterraba que resultam em benef\u00edcios para o seu animal protegendo o organismo contra perda excessiva de l\u00edquidos, aumentando a imunidade, proporcionando uma pelagem brilhante e garantindo o fortalecimento das unhas.Observa\u00e7\u00f5es:\u00c9 indicado para gatos adultos como complemento ao alimento seco ou como alimento exclusivo, por ser completo e balanceado. Nunca alimente seu animalzinho al\u00e9m do necess\u00e1rio e mantenha \u00e1gua fresca e limpa dispon\u00edvel para ele todo o tempo.Especifica\u00e7\u00f5es Indica\u00e7\u00e3o GatosRa\u00e7aTodasIdadeAdultosMarcaBongosTipoAlimento Composi\u00e7\u00e3o b\u00e1sica do produto : Carne bovina, carne de peixe, f\u00edgado de frango, farinha de peixe, taurina, cloreto de s\u00f3dio, premix, \u00e1gua, beterraba e cenoura.<\/div>\n<div class=\"sc-iGgWBj eWtIHQ sc-jfLtok jZiINr\" data-testid=\"rich-content-container\">\u00a0<\/div>\n<\/p><\/div>","protected":false},"excerpt":{"rendered":"<p>Lata Bongos Pat\u00ea de Carne para Gatos 280g &#8211; Pet Bom Detalhes do ProdutoA Ra\u00e7\u00e3o Bongos Pat\u00ea de Gato \u00e9 desenvolvida com ingredientes selecionados. Balanceada e nutritiva, \u00e9 um alimento completo e com um sabor que seu gato vai adorar. Bomgos:O amor pelos animais e a paix\u00e3o pela qu\u00edmica resultou no nascimento de uma marca [&hellip;]<\/p>\n","protected":false},"featured_media":1410784480,"comment_status":"open","ping_status":"closed","template":"","meta":{"googlesitekit_rrm_CAow0N7NCw:productID":"","content-type":"","pmpro_default_level":"","_themeisle_gutenberg_block_has_review":false},"product_brand":[],"product_cat":[255],"product_tag":[],"class_list":{"0":"post-1410784481","1":"product","2":"type-product","3":"status-publish","4":"has-post-thumbnail","6":"product_cat-alimento-petisco-e-suplemento","7":"pmpro-has-access","9":"first","10":"instock","11":"taxable","12":"shipping-taxable","13":"purchasable","14":"product-type-simple"},"_links":{"self":[{"href":"https:\/\/dinhosreef.com\/en\/wp-json\/wp\/v2\/product\/1410784481","targetHints":{"allow":["GET"]}}],"collection":[{"href":"https:\/\/dinhosreef.com\/en\/wp-json\/wp\/v2\/product"}],"about":[{"href":"https:\/\/dinhosreef.com\/en\/wp-json\/wp\/v2\/types\/product"}],"replies":[{"embeddable":true,"href":"https:\/\/dinhosreef.com\/en\/wp-json\/wp\/v2\/comments?post=1410784481"}],"wp:featuredmedia":[{"embeddable":true,"href":"https:\/\/dinhosreef.com\/en\/wp-json\/wp\/v2\/media\/1410784480"}],"wp:attachment":[{"href":"https:\/\/dinhosreef.com\/en\/wp-json\/wp\/v2\/media?parent=1410784481"}],"wp:term":[{"taxonomy":"product_brand","embeddable":true,"href":"https:\/\/dinhosreef.com\/en\/wp-json\/wp\/v2\/product_brand?post=1410784481"},{"taxonomy":"product_cat","embeddable":true,"href":"https:\/\/dinhosreef.com\/en\/wp-json\/wp\/v2\/product_cat?post=1410784481"},{"taxonomy":"product_tag","embeddable":true,"href":"https:\/\/dinhosreef.com\/en\/wp-json\/wp\/v2\/product_tag?post=1410784481"}],"curies":[{"name":"wp","href":"https:\/\/api.w.org\/{rel}","templated":true}]}}