{"id":1410784509,"date":"2025-07-10T08:27:28","date_gmt":"2025-07-10T11:27:28","guid":{"rendered":"https:\/\/dinhosreef.com\/produto\/sache-s-dog-ultra-rp-ad-carne-100g\/"},"modified":"2026-04-17T16:33:17","modified_gmt":"2026-04-17T19:33:17","slug":"sache-s-dog-ultra-rp-ad-carne-100g","status":"publish","type":"product","link":"https:\/\/dinhosreef.com\/en\/product\/sache-s-dog-ultra-rp-ad-carne-100g\/","title":{"rendered":"SACHE S DOG ULTRA RP AD CARNE 100G"},"content":{"rendered":"<header class=\"header hide-top-bar fixed\">\n<nav class=\"nav back-white\">\n<div class=\"container no-padding\">\n<p><strong>Sache Special Dog Ultralife Caes Adultos Pequenos Carne 100g<\/strong><\/p>\n<\/p><\/div>\n<\/nav>\n<\/header>\n<p><main class=\"site-main\"> <\/p>\n<div class=\"page-content\">\n<div class=\"container not-padding\">\n<div id=\"product-wrapper\" class=\"product-wrapper\" data-price=\"2.95\">\n<div class=\"product-tabs\">\n<div class=\"tabs-content\">\n<div id=\"descricao\" class=\"tab rte description-ab active\">\n<p>&#8211; Indicada para c\u00e3es adultos de ra\u00e7as pequenas;<br \/>&#8211; Alimento completo em forma de peda\u00e7os de carne cozidos no vapor;<br \/>&#8211; Enriquecido com leveduras hidrolisadas, balanceado e altamente palat\u00e1vel;<br \/>&#8211; Formulado com minerais glicinatos de f\u00e1cil absor\u00e7\u00e3o;<br \/>&#8211; Contribui para a prote\u00e7\u00e3o da pele e redu\u00e7\u00e3o da queda dos pelos;<br \/>&#8211; N\u00e3o cont\u00e9m corantes artificiais;<br \/>&#8211; Rico em \u00f4megas 3 e 6;<br \/>\u00a0<\/p>\n<p><strong>Especifica\u00e7\u00f5es<\/strong><\/p>\n<p><strong>Idade:\u00a0<\/strong>Adulto<\/p>\n<p><strong>Pet:\u00a0<\/strong>Cachorros<\/p>\n<p><strong>Porte de Ra\u00e7a:\u00a0<\/strong>Pequeno<\/p>\n<p><strong>Sabor:\u00a0<\/strong>Carne<\/p>\n<p>\u00a0<\/p>\n<\/p><\/div>\n<\/p><\/div>\n<\/p><\/div>\n<\/p><\/div>\n<\/p><\/div>\n<\/p><\/div>\n<p> <\/main><\/p>","protected":false},"excerpt":{"rendered":"<p>Sache Special Dog Ultralife Caes Adultos Pequenos Carne 100g &#8211; Indicada para c\u00e3es adultos de ra\u00e7as pequenas;&#8211; Alimento completo em forma de peda\u00e7os de carne cozidos no vapor;&#8211; Enriquecido com leveduras hidrolisadas, balanceado e altamente palat\u00e1vel;&#8211; Formulado com minerais glicinatos de f\u00e1cil absor\u00e7\u00e3o;&#8211; Contribui para a prote\u00e7\u00e3o da pele e redu\u00e7\u00e3o da queda dos pelos;&#8211; [&hellip;]<\/p>\n","protected":false},"featured_media":1410784508,"comment_status":"open","ping_status":"closed","template":"","meta":{"googlesitekit_rrm_CAow0N7NCw:productID":"","content-type":"","pmpro_default_level":"","_themeisle_gutenberg_block_has_review":false},"product_brand":[],"product_cat":[258],"product_tag":[],"class_list":{"0":"post-1410784509","1":"product","2":"type-product","3":"status-publish","4":"has-post-thumbnail","6":"product_cat-alimento-petisco-e-suplemento-caes","7":"pmpro-has-access","9":"first","10":"instock","11":"taxable","12":"shipping-taxable","13":"purchasable","14":"product-type-simple"},"_links":{"self":[{"href":"https:\/\/dinhosreef.com\/en\/wp-json\/wp\/v2\/product\/1410784509","targetHints":{"allow":["GET"]}}],"collection":[{"href":"https:\/\/dinhosreef.com\/en\/wp-json\/wp\/v2\/product"}],"about":[{"href":"https:\/\/dinhosreef.com\/en\/wp-json\/wp\/v2\/types\/product"}],"replies":[{"embeddable":true,"href":"https:\/\/dinhosreef.com\/en\/wp-json\/wp\/v2\/comments?post=1410784509"}],"wp:featuredmedia":[{"embeddable":true,"href":"https:\/\/dinhosreef.com\/en\/wp-json\/wp\/v2\/media\/1410784508"}],"wp:attachment":[{"href":"https:\/\/dinhosreef.com\/en\/wp-json\/wp\/v2\/media?parent=1410784509"}],"wp:term":[{"taxonomy":"product_brand","embeddable":true,"href":"https:\/\/dinhosreef.com\/en\/wp-json\/wp\/v2\/product_brand?post=1410784509"},{"taxonomy":"product_cat","embeddable":true,"href":"https:\/\/dinhosreef.com\/en\/wp-json\/wp\/v2\/product_cat?post=1410784509"},{"taxonomy":"product_tag","embeddable":true,"href":"https:\/\/dinhosreef.com\/en\/wp-json\/wp\/v2\/product_tag?post=1410784509"}],"curies":[{"name":"wp","href":"https:\/\/api.w.org\/{rel}","templated":true}]}}