{"id":1410784517,"date":"2025-07-16T12:47:23","date_gmt":"2025-07-16T15:47:23","guid":{"rendered":"https:\/\/dinhosreef.com\/produto\/palete-pallets-pisos-e-estrados-em-plastico-cor-preto\/"},"modified":"2026-03-31T19:15:31","modified_gmt":"2026-03-31T22:15:31","slug":"palete-pallets-pisos-e-estrados-em-plastico-cor-preto","status":"publish","type":"product","link":"https:\/\/dinhosreef.com\/en\/product\/palete-pallets-pisos-e-estrados-em-plastico-cor-preto\/","title":{"rendered":"Palete \/ Pallets \/ Pisos E Estrados Em Plastico &#8211; Cor Preto"},"content":{"rendered":"<p>O Piso Estrado \u00e9 um produto de infinitas possibilidades, com uma montagem simples e f\u00e1cil encaixe, permitindo a utiliza\u00e7\u00e3o em diversos tamanhos e espa\u00e7os diferentes.<\/p>\n<p>Item Incluso:<br \/>** 10 Unidades Piso Estrado **<br \/>Altura: 2,5cm<br \/>Largura: 25cm<br \/>Comprimento: 50cm<br \/>Furos tem aproximadamente 1,2cm x1,2cm<\/p>\n<p>Caracter\u00edsticas:<br \/>&#8211; Leve, pr\u00e1tico e seguro;<br \/>&#8211; Se adapta em qualquer superf\u00edcie plana;<br \/>&#8211; Formato retangular e encaixes perfeitos permite v\u00e1rios layouts de montagem;<br \/>&#8211; Sem necessidade de ferramentas para montagem;<br \/>&#8211; Alta vaz\u00e3o no escoamento de l\u00edquidos;<br \/>&#8211; Recicl\u00e1vel.<\/p>\n<p>&#8211; Antiderrapante para Banheiros<br \/>&#8211; Bordas para Piscina<br \/>&#8211; Sanit\u00e1rio Para Animais<br \/>&#8211; Suporte para Pias de PetShop<br \/>&#8211; Suporte Para Grama<br \/>&#8211; Painel de Festas de Anivers\u00e1rio<br \/>&#8211; Prateleiras De Organiza\u00e7\u00e3o<br \/>&#8211; Portinhas de Prote\u00e7\u00e3o para Beb\u00eas e Animais<br \/>&#8211; Suporte para Caixas de Papel\u00e3o<br \/>&#8211; Caixas Organizadoras<br \/>&#8211; Escorredor de Alimentos<br \/>&#8211; Degrau<\/p>","protected":false},"excerpt":{"rendered":"<p>O Piso Estrado \u00e9 um produto de infinitas possibilidades, com uma montagem simples e f\u00e1cil encaixe, permitindo a utiliza\u00e7\u00e3o em diversos tamanhos e espa\u00e7os diferentes. Item Incluso:** 10 Unidades Piso Estrado **Altura: 2,5cmLargura: 25cmComprimento: 50cmFuros tem aproximadamente 1,2cm x1,2cm Caracter\u00edsticas:&#8211; Leve, pr\u00e1tico e seguro;&#8211; Se adapta em qualquer superf\u00edcie plana;&#8211; Formato retangular e encaixes perfeitos [&hellip;]<\/p>\n","protected":false},"featured_media":1410784516,"comment_status":"open","ping_status":"closed","template":"","meta":{"googlesitekit_rrm_CAow0N7NCw:productID":"","content-type":"","pmpro_default_level":"","_themeisle_gutenberg_block_has_review":false},"product_brand":[],"product_cat":[276],"product_tag":[],"class_list":{"0":"post-1410784517","1":"product","2":"type-product","3":"status-publish","4":"has-post-thumbnail","6":"product_cat-estrado-plastico","7":"pmpro-has-access","9":"first","10":"instock","11":"taxable","12":"shipping-taxable","13":"purchasable","14":"product-type-simple"},"_links":{"self":[{"href":"https:\/\/dinhosreef.com\/en\/wp-json\/wp\/v2\/product\/1410784517","targetHints":{"allow":["GET"]}}],"collection":[{"href":"https:\/\/dinhosreef.com\/en\/wp-json\/wp\/v2\/product"}],"about":[{"href":"https:\/\/dinhosreef.com\/en\/wp-json\/wp\/v2\/types\/product"}],"replies":[{"embeddable":true,"href":"https:\/\/dinhosreef.com\/en\/wp-json\/wp\/v2\/comments?post=1410784517"}],"wp:featuredmedia":[{"embeddable":true,"href":"https:\/\/dinhosreef.com\/en\/wp-json\/wp\/v2\/media\/1410784516"}],"wp:attachment":[{"href":"https:\/\/dinhosreef.com\/en\/wp-json\/wp\/v2\/media?parent=1410784517"}],"wp:term":[{"taxonomy":"product_brand","embeddable":true,"href":"https:\/\/dinhosreef.com\/en\/wp-json\/wp\/v2\/product_brand?post=1410784517"},{"taxonomy":"product_cat","embeddable":true,"href":"https:\/\/dinhosreef.com\/en\/wp-json\/wp\/v2\/product_cat?post=1410784517"},{"taxonomy":"product_tag","embeddable":true,"href":"https:\/\/dinhosreef.com\/en\/wp-json\/wp\/v2\/product_tag?post=1410784517"}],"curies":[{"name":"wp","href":"https:\/\/api.w.org\/{rel}","templated":true}]}}