{"id":1410784519,"date":"2025-07-17T13:20:38","date_gmt":"2025-07-17T16:20:38","guid":{"rendered":"https:\/\/dinhosreef.com\/produto\/mata-formigas-gel-termifim-10-grs\/"},"modified":"2026-03-14T15:58:02","modified_gmt":"2026-03-14T18:58:02","slug":"mata-formigas-gel-termifim-10-grs","status":"publish","type":"product","link":"https:\/\/dinhosreef.com\/en\/product\/mata-formigas-gel-termifim-10-grs\/","title":{"rendered":"MATA FORMIGAS GEL TERMIFIM 10 GRS"},"content":{"rendered":"<p>\u2022 Isca de 5\u00aa gera\u00e7\u00e3o.<br \/>\u2022 Alta atratividade e eficaz.<br \/>\u2022 Baixa toxicidade e sem cheiro.<br \/>\u2022 F\u00e1cil aplica\u00e7\u00e3o.<br \/>\u2022 Efeito domin\u00f3: controla a infesta\u00e7\u00e3o.<\/p>\n<p>Livre-se das formigas em at\u00e9 72 horas com o Termifin Gel Mata-formigas, uma isca de 5\u00aa gera\u00e7\u00e3o, com alta atratividade, baixa toxicidade e sem cheiro. Age at\u00e9 sobre a rainha da col\u00f4nia, acabando com toda a infesta\u00e7\u00e3o. \u00c9 indicado para uso nos mais diversos locais, desde hospitais, f\u00e1bricas, panificadoras, hot\u00e9is, cozinhas industriais, escolas, dep\u00f3sitos, at\u00e9 \u00f4nibus e trens, podendo, inclusive, ser aplicado na vertical. E mais, o Termifin Gel Mata-formigas cont\u00e9m amargante, prevenindo a ingest\u00e3o do produto.<\/p>\n<p>Eficaz contra:<br \/>Formigas.<\/p>\n<p>Apresenta\u00e7\u00e3o:<br \/>Seringa de 10 g.<\/p>","protected":false},"excerpt":{"rendered":"<p>\u2022 Isca de 5\u00aa gera\u00e7\u00e3o.\u2022 Alta atratividade e eficaz.\u2022 Baixa toxicidade e sem cheiro.\u2022 F\u00e1cil aplica\u00e7\u00e3o.\u2022 Efeito domin\u00f3: controla a infesta\u00e7\u00e3o. Livre-se das formigas em at\u00e9 72 horas com o Termifin Gel Mata-formigas, uma isca de 5\u00aa gera\u00e7\u00e3o, com alta atratividade, baixa toxicidade e sem cheiro. Age at\u00e9 sobre a rainha da col\u00f4nia, acabando com [&hellip;]<\/p>\n","protected":false},"featured_media":1410784518,"comment_status":"open","ping_status":"closed","template":"","meta":{"googlesitekit_rrm_CAow0N7NCw:productID":"","content-type":"","pmpro_default_level":"","_themeisle_gutenberg_block_has_review":false},"product_brand":[],"product_cat":[164],"product_tag":[],"class_list":{"0":"post-1410784519","1":"product","2":"type-product","3":"status-publish","4":"has-post-thumbnail","6":"product_cat-pet-shop","7":"pmpro-has-access","9":"first","10":"instock","11":"taxable","12":"shipping-taxable","13":"purchasable","14":"product-type-simple"},"_links":{"self":[{"href":"https:\/\/dinhosreef.com\/en\/wp-json\/wp\/v2\/product\/1410784519","targetHints":{"allow":["GET"]}}],"collection":[{"href":"https:\/\/dinhosreef.com\/en\/wp-json\/wp\/v2\/product"}],"about":[{"href":"https:\/\/dinhosreef.com\/en\/wp-json\/wp\/v2\/types\/product"}],"replies":[{"embeddable":true,"href":"https:\/\/dinhosreef.com\/en\/wp-json\/wp\/v2\/comments?post=1410784519"}],"wp:featuredmedia":[{"embeddable":true,"href":"https:\/\/dinhosreef.com\/en\/wp-json\/wp\/v2\/media\/1410784518"}],"wp:attachment":[{"href":"https:\/\/dinhosreef.com\/en\/wp-json\/wp\/v2\/media?parent=1410784519"}],"wp:term":[{"taxonomy":"product_brand","embeddable":true,"href":"https:\/\/dinhosreef.com\/en\/wp-json\/wp\/v2\/product_brand?post=1410784519"},{"taxonomy":"product_cat","embeddable":true,"href":"https:\/\/dinhosreef.com\/en\/wp-json\/wp\/v2\/product_cat?post=1410784519"},{"taxonomy":"product_tag","embeddable":true,"href":"https:\/\/dinhosreef.com\/en\/wp-json\/wp\/v2\/product_tag?post=1410784519"}],"curies":[{"name":"wp","href":"https:\/\/api.w.org\/{rel}","templated":true}]}}