{"id":1410784527,"date":"2025-07-17T13:37:36","date_gmt":"2025-07-17T16:37:36","guid":{"rendered":"https:\/\/dinhosreef.com\/produto\/bifinho-frango-grelhado-sl-60-grs\/"},"modified":"2026-04-11T11:48:27","modified_gmt":"2026-04-11T14:48:27","slug":"bifinho-frango-grelhado-sl-60-grs","status":"publish","type":"product","link":"https:\/\/dinhosreef.com\/en\/product\/bifinho-frango-grelhado-sl-60-grs\/","title":{"rendered":"BIFINHO FRANGO GRELHADO SL 60 GRS"},"content":{"rendered":"<p>Benef\u00edcios:<\/p>\n<div>\n<p>\u00a0<\/p>\n<p> Indicado para c\u00e3es de todos os portes e idade; Sabor irresist\u00edvel, ideal para recompensas;Feito com carnes e mi\u00fados 100% selecionados;Textura suculenta, perfeita para um mimo especial;Auxilia na nutri\u00e7\u00e3o enquanto proporciona alegria ao seu pet. <\/p>\n<p>\u00a0<\/p>\n<\/p><\/div>","protected":false},"excerpt":{"rendered":"<p>Benef\u00edcios: \u00a0 Indicado para c\u00e3es de todos os portes e idade; Sabor irresist\u00edvel, ideal para recompensas;Feito com carnes e mi\u00fados 100% selecionados;Textura suculenta, perfeita para um mimo especial;Auxilia na nutri\u00e7\u00e3o enquanto proporciona alegria ao seu pet. \u00a0<\/p>","protected":false},"featured_media":1410784526,"comment_status":"open","ping_status":"closed","template":"","meta":{"googlesitekit_rrm_CAow0N7NCw:productID":"","content-type":"","pmpro_default_level":"","_themeisle_gutenberg_block_has_review":false},"product_brand":[],"product_cat":[264],"product_tag":[],"class_list":{"0":"post-1410784527","1":"product","2":"type-product","3":"status-publish","4":"has-post-thumbnail","6":"product_cat-bifinhos-para-caes","7":"pmpro-has-access","9":"first","10":"instock","11":"taxable","12":"shipping-taxable","13":"purchasable","14":"product-type-simple"},"_links":{"self":[{"href":"https:\/\/dinhosreef.com\/en\/wp-json\/wp\/v2\/product\/1410784527","targetHints":{"allow":["GET"]}}],"collection":[{"href":"https:\/\/dinhosreef.com\/en\/wp-json\/wp\/v2\/product"}],"about":[{"href":"https:\/\/dinhosreef.com\/en\/wp-json\/wp\/v2\/types\/product"}],"replies":[{"embeddable":true,"href":"https:\/\/dinhosreef.com\/en\/wp-json\/wp\/v2\/comments?post=1410784527"}],"wp:featuredmedia":[{"embeddable":true,"href":"https:\/\/dinhosreef.com\/en\/wp-json\/wp\/v2\/media\/1410784526"}],"wp:attachment":[{"href":"https:\/\/dinhosreef.com\/en\/wp-json\/wp\/v2\/media?parent=1410784527"}],"wp:term":[{"taxonomy":"product_brand","embeddable":true,"href":"https:\/\/dinhosreef.com\/en\/wp-json\/wp\/v2\/product_brand?post=1410784527"},{"taxonomy":"product_cat","embeddable":true,"href":"https:\/\/dinhosreef.com\/en\/wp-json\/wp\/v2\/product_cat?post=1410784527"},{"taxonomy":"product_tag","embeddable":true,"href":"https:\/\/dinhosreef.com\/en\/wp-json\/wp\/v2\/product_tag?post=1410784527"}],"curies":[{"name":"wp","href":"https:\/\/api.w.org\/{rel}","templated":true}]}}