{"id":1410784529,"date":"2025-07-17T13:37:38","date_gmt":"2025-07-17T16:37:38","guid":{"rendered":"https:\/\/dinhosreef.com\/produto\/bifinho-cenoura-ervilha-e-batata-doce-sl-60-grs\/"},"modified":"2026-04-11T11:48:26","modified_gmt":"2026-04-11T14:48:26","slug":"bifinho-cenoura-ervilha-e-batata-doce-sl-60-grs","status":"publish","type":"product","link":"https:\/\/dinhosreef.com\/en\/product\/bifinho-cenoura-ervilha-e-batata-doce-sl-60-grs\/","title":{"rendered":"BIFINHO CENOURA ERVILHA E BATATA DOCE SL 60 GRS"},"content":{"rendered":"<p>Indicado para c\u00e3es;<br \/>&#8211; Tem um delicioso sabor enriquecido com legumes;<br \/>&#8211; \u00c9 suculento;<br \/>&#8211; Feito de carnes e mi\u00fados 100% selecionados;<br \/>&#8211; Dispon\u00edvel em embalagem com 60g.<\/p>\n<p>Quantidade Di\u00e1ria Recomendada<\/p>\n<p>C\u00e3es de at\u00e9 4 kg \u2013 at\u00e9 2 unidades por dia<br \/>C\u00e3es de 4 kg a 15 kg \u2013 at\u00e9 4 unidades por dia<br \/>C\u00e3es acima de 15 kg \u2013 at\u00e9 6 unidades por dia<\/p>\n<p>\u00a0<\/p>\n<p>\u00a0<\/p>","protected":false},"excerpt":{"rendered":"<p>Indicado para c\u00e3es;&#8211; Tem um delicioso sabor enriquecido com legumes;&#8211; \u00c9 suculento;&#8211; Feito de carnes e mi\u00fados 100% selecionados;&#8211; Dispon\u00edvel em embalagem com 60g. Quantidade Di\u00e1ria Recomendada C\u00e3es de at\u00e9 4 kg \u2013 at\u00e9 2 unidades por diaC\u00e3es de 4 kg a 15 kg \u2013 at\u00e9 4 unidades por diaC\u00e3es acima de 15 kg \u2013 [&hellip;]<\/p>\n","protected":false},"featured_media":1410784528,"comment_status":"open","ping_status":"closed","template":"","meta":{"googlesitekit_rrm_CAow0N7NCw:productID":"","content-type":"","pmpro_default_level":"","_themeisle_gutenberg_block_has_review":false},"product_brand":[],"product_cat":[263],"product_tag":[],"class_list":{"0":"post-1410784529","1":"product","2":"type-product","3":"status-publish","4":"has-post-thumbnail","6":"product_cat-biscoitos-para-caes","7":"pmpro-has-access","9":"first","10":"outofstock","11":"taxable","12":"shipping-taxable","13":"purchasable","14":"product-type-simple"},"_links":{"self":[{"href":"https:\/\/dinhosreef.com\/en\/wp-json\/wp\/v2\/product\/1410784529","targetHints":{"allow":["GET"]}}],"collection":[{"href":"https:\/\/dinhosreef.com\/en\/wp-json\/wp\/v2\/product"}],"about":[{"href":"https:\/\/dinhosreef.com\/en\/wp-json\/wp\/v2\/types\/product"}],"replies":[{"embeddable":true,"href":"https:\/\/dinhosreef.com\/en\/wp-json\/wp\/v2\/comments?post=1410784529"}],"wp:featuredmedia":[{"embeddable":true,"href":"https:\/\/dinhosreef.com\/en\/wp-json\/wp\/v2\/media\/1410784528"}],"wp:attachment":[{"href":"https:\/\/dinhosreef.com\/en\/wp-json\/wp\/v2\/media?parent=1410784529"}],"wp:term":[{"taxonomy":"product_brand","embeddable":true,"href":"https:\/\/dinhosreef.com\/en\/wp-json\/wp\/v2\/product_brand?post=1410784529"},{"taxonomy":"product_cat","embeddable":true,"href":"https:\/\/dinhosreef.com\/en\/wp-json\/wp\/v2\/product_cat?post=1410784529"},{"taxonomy":"product_tag","embeddable":true,"href":"https:\/\/dinhosreef.com\/en\/wp-json\/wp\/v2\/product_tag?post=1410784529"}],"curies":[{"name":"wp","href":"https:\/\/api.w.org\/{rel}","templated":true}]}}