{"id":1410784549,"date":"2025-07-18T18:13:38","date_gmt":"2025-07-18T21:13:38","guid":{"rendered":"https:\/\/dinhosreef.com\/produto\/foster-premium-braziliam-15-kg\/"},"modified":"2025-09-22T08:33:47","modified_gmt":"2025-09-22T11:33:47","slug":"foster-premium-braziliam-15-kg","status":"publish","type":"product","link":"https:\/\/dinhosreef.com\/en\/product\/foster-premium-braziliam-15-kg\/","title":{"rendered":"FOSTER PREMIUM BRAZILIAM 15 KG"},"content":{"rendered":"<p><span class=\"sc-dcJsrY jZKEso\" data-testid=\"product-detail-title\">Ra\u00e7\u00e3o para c\u00e3es foster original 15kg &#8211; Brazilian Pet Foods<\/span><\/p>\n<div class=\"sc-iGgWBj jEOEJZ sc-cyJUJa jcMbIy\" data-testid=\"product-detail-description\">\n<div class=\"sc-iGgWBj eWtIHQ sc-eHKzgQ hoibsp\" data-testid=\"rich-content-container\">FOSTER PREMIUM ORIGINALA alta digestibilidade de Foster Original garante m\u00e1xima absor\u00e7\u00e3o dos nutrientes com menor consumo de alimento, resultando num menor volume de fezes. O processo de alta tecnologia confere a Foster Original textura, consist\u00eancia e sabor assegurando f\u00e1cil aceita\u00e7\u00e3o. A f\u00f3rmula especialmente desenvolvida para linha Foster propicia maior vitalidade, apar\u00eancia saud\u00e1vel e excelentes condi\u00e7\u00f5es f\u00edsicas para seu melhor amigo.<\/div>\n<\/p><\/div>","protected":false},"excerpt":{"rendered":"<p>Ra\u00e7\u00e3o para c\u00e3es foster original 15kg &#8211; Brazilian Pet Foods FOSTER PREMIUM ORIGINALA alta digestibilidade de Foster Original garante m\u00e1xima absor\u00e7\u00e3o dos nutrientes com menor consumo de alimento, resultando num menor volume de fezes. O processo de alta tecnologia confere a Foster Original textura, consist\u00eancia e sabor assegurando f\u00e1cil aceita\u00e7\u00e3o. A f\u00f3rmula especialmente desenvolvida para [&hellip;]<\/p>\n","protected":false},"featured_media":1410784548,"comment_status":"open","ping_status":"closed","template":"","meta":{"googlesitekit_rrm_CAow0N7NCw:productID":"","content-type":"","pmpro_default_level":"","_themeisle_gutenberg_block_has_review":false},"product_brand":[],"product_cat":[259],"product_tag":[],"class_list":{"0":"post-1410784549","1":"product","2":"type-product","3":"status-publish","4":"has-post-thumbnail","6":"product_cat-racoes-alimento-petisco-e-suplemento-caes","7":"pmpro-has-access","9":"first","10":"instock","11":"taxable","12":"shipping-taxable","13":"purchasable","14":"product-type-simple"},"_links":{"self":[{"href":"https:\/\/dinhosreef.com\/en\/wp-json\/wp\/v2\/product\/1410784549","targetHints":{"allow":["GET"]}}],"collection":[{"href":"https:\/\/dinhosreef.com\/en\/wp-json\/wp\/v2\/product"}],"about":[{"href":"https:\/\/dinhosreef.com\/en\/wp-json\/wp\/v2\/types\/product"}],"replies":[{"embeddable":true,"href":"https:\/\/dinhosreef.com\/en\/wp-json\/wp\/v2\/comments?post=1410784549"}],"wp:featuredmedia":[{"embeddable":true,"href":"https:\/\/dinhosreef.com\/en\/wp-json\/wp\/v2\/media\/1410784548"}],"wp:attachment":[{"href":"https:\/\/dinhosreef.com\/en\/wp-json\/wp\/v2\/media?parent=1410784549"}],"wp:term":[{"taxonomy":"product_brand","embeddable":true,"href":"https:\/\/dinhosreef.com\/en\/wp-json\/wp\/v2\/product_brand?post=1410784549"},{"taxonomy":"product_cat","embeddable":true,"href":"https:\/\/dinhosreef.com\/en\/wp-json\/wp\/v2\/product_cat?post=1410784549"},{"taxonomy":"product_tag","embeddable":true,"href":"https:\/\/dinhosreef.com\/en\/wp-json\/wp\/v2\/product_tag?post=1410784549"}],"curies":[{"name":"wp","href":"https:\/\/api.w.org\/{rel}","templated":true}]}}