{"id":1410784563,"date":"2025-07-19T10:33:53","date_gmt":"2025-07-19T13:33:53","guid":{"rendered":"https:\/\/dinhosreef.com\/produto\/corydora-xiguensis-coridora\/"},"modified":"2026-03-21T16:02:01","modified_gmt":"2026-03-21T19:02:01","slug":"corydora-xiguensis-coridora","status":"publish","type":"product","link":"https:\/\/dinhosreef.com\/en\/product\/corydora-xiguensis-coridora\/","title":{"rendered":"Corydora xiguensis Coridora"},"content":{"rendered":"<p><strong>Classe:<\/strong>\u00a0Actinopterygii \u2022\u00a0<strong><em>Ordem:<\/em><\/strong>\u00a0Siluriformes \u2022\u00a0<strong>Fam\u00edlia:\u00a0<\/strong><span class=\"selectable-text copyable-text\">Callichthyidae<\/span><br \/>\n<strong>Nome binomial:\u00a0<\/strong><em>Corydoras aeneus<\/em>\u00a0(Gill, 1858)<br \/>\n<strong>Sin\u00f4nimos:<\/strong>\u00a0<em>Corydoras schulzei, Corydoras schultzei, Corydoras macrosteus, Corydoras venezuelanus, Corydoras microps, Corydoras microps, Hoplosoma aeneum<\/em><br \/>\n<strong>Nomes comuns:\u00a0<\/strong>Corydora Bronze, Coridora Bronze, Coridora, Cor\u00eddora, Camboatazinho, Dunda, En\u00e9us, Limpa Planta, Sarro, Tamuata, Corydora albina<br \/>\n<strong>Ingl\u00eas:<\/strong>\u00a0Bronze catfish, Bronze corydoras, Lightspot corydoras, Wavy catfish, Albino cory<\/p>\n<p><strong><u>Distribui\u00e7\u00e3o &amp; habitat:<\/u>\u00a0<\/strong>Am\u00e9rica do Sul. Anteriormente descrito desde a Col\u00f4mbia at\u00e9 La Plata na Bacia dos Andes, por\u00e9m, existem registros de sua ocorr\u00eancia em grande parte da Am\u00e9rica do Sul, desde Bacia Amaz\u00f4nica at\u00e9 o sul do Rio da Prata, entre as fronteiras do Uruguai e Argentina. H\u00e1 ainda relatos da ocorr\u00eancia desta esp\u00e9cie em outras localidades, mas sup\u00f5e-se ser esp\u00e9cies de apar\u00eancia semelhante.<\/p>\n<p><u><strong>Pa\u00edses:<\/strong><\/u>\u00a0Argentina, Bol\u00edvia, Brasil, Col\u00f4mbia, Guiana Francesa, Guiana, Paraguai, Peru, Suriname, Uruguai e Venezuela. Introduzido e estabelecido no Hava\u00ed e Filipinas, este \u00faltimo \u00e9 question\u00e1vel seu estabelecimento.<\/p>\n<p><strong><u>Habitat:<\/u><\/strong>\u00a0encontrado principalmente em \u00e1guas rasas e calmas, com fundo arenoso. Eventualmente pode ser encontrado em \u00e1guas correntes.<\/p>\n<p><strong><u>Ambiente &amp; par\u00e2metros da \u00e1gua:<\/u>\u00a0<\/strong>Demersal; \u00e1gua doce \u2022 pH: 6.0 \u2013 7.6 \u2022 Dureza: 5 \u2013 19 \u2022 Clima: subtropical; 22\u00b0C \u2013 28\u00b0C<\/p>\n<p><strong><u>Tamanho adulto:<\/u>\u00a0<\/strong>7 cm (comum 4 cm) \u2022 Estimativa de vida: 10 anos +<\/p>\n<p><strong><u>Manuten\u00e7\u00e3o em aqu\u00e1rio:<\/u>\u00a0<\/strong>Aqu\u00e1rio com dimens\u00f5es m\u00ednimas de 60 cm X 30 cm X 40 cm (72 litros) requerido. Usar preferencialmente substrato fino de areia ou cascalho arredondado, evitando o uso de cascalhos pontiagudos que poder\u00e1 danificar seus barbilh\u00f5es e boca. Esp\u00e9cie aprecia aqu\u00e1rio com bastante plantas.<\/p>\n<p>\u00c9 uma esp\u00e9cie bastante pac\u00edfica e greg\u00e1ria, devendo ser mantido em grupo de pelo menos 6 indiv\u00edduos. Em seu ambiente natural pode ser encontrado em cardumes variando de 20 a 100 esp\u00e9cimes. Devida sua capacidade de respirar ar atmosf\u00e9rico, comumente pode ser visto nadando rapidamente at\u00e9 a superf\u00edcie para engolir ar e voltar para o substrato para repousar.<\/p>\n<p>S\u00e3o conhecidos por \u201cpiscar\u201d os olhos, quando na verdade os olhos giram em suas \u00f3rbitas causando a impress\u00e3o de estarem piscando.<\/p>\n<p>Pode ser mantido em aqu\u00e1rio comunit\u00e1rio, desde que com peixes pequenos e igualmente pac\u00edficos. Possuem h\u00e1bitos noturnos.<\/p>\n<p><strong><u>Alimenta\u00e7\u00e3o:<\/u>\u00a0<\/strong>On\u00edvoro, em seu ambiente natural se alimentam de vermes, crust\u00e1ceos, insetos e mat\u00e9ria vegetal. Em cativeiro aceitar\u00e1 alimentos secos e vivos sem dificuldades. Como a maioria das Corydoras, ir\u00e3o comer alimentos que se depositam no fundo do aqu\u00e1rio.<\/p>\n<p>Esta esp\u00e9cie costuma ser mais ativa a noite, devendo fornecer alimentos ao apagar as luzes do aqu\u00e1rio, embora se alimentem tamb\u00e9m durante per\u00edodo diurno, por\u00e9m s\u00e3o lentos para comer podendo n\u00e3o competir com outros peixes pelo alimento.<\/p>\n<p>Infelizmente estes peixes s\u00e3o taxados erroneamente como peixe limpador e que se alimentam\u00a0de restos de ra\u00e7\u00f5es e fezes dos demais peixes. Sob nenhuma circunst\u00e2ncia deve-se esperar que sobrevivam com \u2018sobras\u2019 de outros habitantes do aqu\u00e1rio e muito menos de\u00a0fezes de outros peixes, devendo ser fornecido alimentos apropriados incluindo ra\u00e7\u00f5es espec\u00edficas para peixes de fundo e alimentos vivos regularmente.<\/p>\n<p><strong><u>Reprodu\u00e7\u00e3o e dimorfismo sexual:<\/u>\u00a0<\/strong>Ov\u00edparo. Durante ritual de acasalamento, o casal assume a posi\u00e7\u00e3o conhecido como\u00a0\u201cT\u201d, com o macho assumindo a parte superior do \u201cT\u201d e a f\u00eamea posicionada perpendicularmente a ele.\u00a0A f\u00eamea prender\u00e1 de dois a quatro ovos entre suas nadadeiras p\u00e9lvicas, onde o macho ir\u00e1 fertiliz\u00e1-los durante cerca de 30 segundos. S\u00f3 ent\u00e3o a f\u00eamea nadar\u00e1 para um local adequado onde ela depositar\u00e1\u00a0os ovos adesivos, normalmente em alguma superf\u00edcie plana como o vidro do aqu\u00e1rio, ra\u00edzes e folhas. Este processo ser\u00e1 repetido por in\u00fameras vezes podendo variar entre 100 e 200 ovos.<\/p>\n<p>Per\u00edodo de incuba\u00e7\u00e3o dura em torno de 4 a 5 dias quando as larvas eclodem e estar\u00e3o nadando livremente em 3 dias depois. N\u00e3o h\u00e1 cuidado parental.<\/p>\n<p>Machos s\u00e3o menores que as f\u00eameas, esta \u00faltima \u00e9 mais encorpada e possui a regi\u00e3o ventral maior e mais dilatado que os machos. Como na maioria das Corydoras, s\u00e3o facilmente distinguidos olhando de cima onde as f\u00eameas s\u00e3o mais encorpadas (barriga maior e mais arredondada) do que os machos.<\/p>\n<h3><\/h3>","protected":false},"excerpt":{"rendered":"<p>Classe:\u00a0Actinopterygii \u2022\u00a0Ordem:\u00a0Siluriformes \u2022\u00a0Fam\u00edlia:\u00a0Callichthyidae Nome binomial:\u00a0Corydoras aeneus\u00a0(Gill, 1858) Sin\u00f4nimos:\u00a0Corydoras schulzei, Corydoras schultzei, Corydoras macrosteus, Corydoras venezuelanus, Corydoras microps, Corydoras microps, Hoplosoma aeneum Nomes comuns:\u00a0Corydora Bronze, Coridora Bronze, Coridora, Cor\u00eddora, Camboatazinho, Dunda, En\u00e9us, Limpa Planta, Sarro, Tamuata, Corydora albina Ingl\u00eas:\u00a0Bronze catfish, Bronze corydoras, Lightspot corydoras, Wavy catfish, Albino cory Distribui\u00e7\u00e3o &amp; habitat:\u00a0Am\u00e9rica do Sul. Anteriormente descrito desde [&hellip;]<\/p>\n","protected":false},"featured_media":1410784562,"comment_status":"open","ping_status":"closed","template":"","meta":{"googlesitekit_rrm_CAow0N7NCw:productID":"","content-type":"","pmpro_default_level":"","_themeisle_gutenberg_block_has_review":false},"product_brand":[],"product_cat":[211,219],"product_tag":[],"class_list":{"0":"post-1410784563","1":"product","2":"type-product","3":"status-publish","4":"has-post-thumbnail","6":"product_cat-coridora","7":"product_cat-todos-os-peixes-de-agua-doce","8":"product_shipping_class-animais-vivos","9":"pmpro-has-access","11":"first","12":"outofstock","13":"taxable","14":"shipping-taxable","15":"purchasable","16":"product-type-simple"},"_links":{"self":[{"href":"https:\/\/dinhosreef.com\/en\/wp-json\/wp\/v2\/product\/1410784563","targetHints":{"allow":["GET"]}}],"collection":[{"href":"https:\/\/dinhosreef.com\/en\/wp-json\/wp\/v2\/product"}],"about":[{"href":"https:\/\/dinhosreef.com\/en\/wp-json\/wp\/v2\/types\/product"}],"replies":[{"embeddable":true,"href":"https:\/\/dinhosreef.com\/en\/wp-json\/wp\/v2\/comments?post=1410784563"}],"wp:featuredmedia":[{"embeddable":true,"href":"https:\/\/dinhosreef.com\/en\/wp-json\/wp\/v2\/media\/1410784562"}],"wp:attachment":[{"href":"https:\/\/dinhosreef.com\/en\/wp-json\/wp\/v2\/media?parent=1410784563"}],"wp:term":[{"taxonomy":"product_brand","embeddable":true,"href":"https:\/\/dinhosreef.com\/en\/wp-json\/wp\/v2\/product_brand?post=1410784563"},{"taxonomy":"product_cat","embeddable":true,"href":"https:\/\/dinhosreef.com\/en\/wp-json\/wp\/v2\/product_cat?post=1410784563"},{"taxonomy":"product_tag","embeddable":true,"href":"https:\/\/dinhosreef.com\/en\/wp-json\/wp\/v2\/product_tag?post=1410784563"}],"curies":[{"name":"wp","href":"https:\/\/api.w.org\/{rel}","templated":true}]}}