{"id":1410784571,"date":"2025-07-19T10:34:02","date_gmt":"2025-07-19T13:34:02","guid":{"rendered":"https:\/\/dinhosreef.com\/produto\/corydora-ana-corydoras-hastatus\/"},"modified":"2026-03-21T16:01:46","modified_gmt":"2026-03-21T19:01:46","slug":"corydora-ana-corydoras-hastatus","status":"publish","type":"product","link":"https:\/\/dinhosreef.com\/en\/product\/corydora-ana-corydoras-hastatus\/","title":{"rendered":"Corydora An\u00e3 (Corydoras hastatus)"},"content":{"rendered":"<p><em>orydoras hastatus<\/em>\u00a0(Eigenmann &amp; Eigenmann)<br \/>\n<strong>Classe<\/strong>: Actinopterygii \u00a0<strong>\u2022<\/strong>\u00a0<strong>Ordem<\/strong>: Siluriformes\u00a0<strong>\u2022<\/strong>\u00a0<strong>Fam\u00edlia<\/strong>:\u00a0<a href=\"http:\/\/www.aquarismopaulista.com\/tag\/callichthyidae\/\" target=\"_blank\" rel=\"noopener\">Callichthyidae<\/a><br \/>\n<strong>Nomes comuns:\u00a0<\/strong>Corydora An\u00e3,\u00a0Camboatazinho, Corydora Pimenta, Coridora An\u00e3 \u2014<strong>\u00a0Ingl\u00eas:<\/strong>\u00a0Dwarf corydoras,\u00a0Dwarf Catfish,\u00a0Pygmy Cory,\u00a0Micro catfish<\/p>\n<p class=\"selectable-text copyable-text iq0m558w g0rxnol2\" dir=\"ltr\"><span class=\"selectable-text copyable-text\"><strong><u>Ambiente &amp; par\u00e2metros da \u00e1gua:<\/u><\/strong>\u00a0\u00c1gua doce \u2022 pH: 6.0 \u2013 7.6 \u2022 Dureza: 5 \u2013 15 \u2022 Temperatura: 20\u00b0C \u2013 30\u00b0C Encontrado em meio a plantas em pequenos cardumes.<\/span><\/p>\n<p class=\"selectable-text copyable-text iq0m558w g0rxnol2\" dir=\"ltr\"><span class=\"selectable-text copyable-text\"><u><strong>Tamanho adulto:<\/strong><\/u>\u00a03 cm (comum 2 cm) \u2022 Estimativa de vida: 5 anos +C<\/span><\/p>\n<p class=\"selectable-text copyable-text iq0m558w g0rxnol2\" dir=\"ltr\"><span class=\"selectable-text copyable-text\"><u><strong>Distribui\u00e7\u00e3o:<\/strong><\/u>\u00a0Am\u00e9rica do Sul; Bacia do Amazonas, Paraguai e alto do Paran\u00e1. Nativo da Argentina, Bol\u00edvia, Brasil, Paraguai e Uruguai.<\/span><\/p>\n<p class=\"selectable-text copyable-text iq0m558w g0rxnol2\" dir=\"ltr\"><span class=\"selectable-text copyable-text\"><u><strong>Manuten\u00e7\u00e3o em aqu\u00e1rio &amp; Comportamento:<\/strong><\/u>\u00a0Aqu\u00e1rio com dimens\u00f5es m\u00ednimas de 40 cm X 30 cm X 30 cm (36 litros) requerido. Utilizar preferencialmente substrato arenoso e macio. Plantas de folhas grandes e ra\u00edzes desej\u00e1vel criando ref\u00fagios e zonas para repousarem. Apreciam fluxo levemente l\u00f3tico, mas podem ser mantidos em \u00e1guas mais calmas.<\/span><\/p>\n<p>\u00c9 uma esp\u00e9cie bastante pac\u00edfica e greg\u00e1ria, devendo ser mantido em grupo de pelo menos 10 indiv\u00edduos. Em seu ambiente natural pode ser encontrado em cardumes variando de 20 ou mais\u00a0esp\u00e9cimes.\u00a0Deve ser mantido com peixes igualmente pac\u00edficos e de pequeno porte.<\/p>\n<p>Devido sua capacidade de respirar ar atmosf\u00e9rico, comumente pode ser visto nadando rapidamente at\u00e9 a superf\u00edcie para engolir ar e voltar para baixo para repousar. S\u00e3o conhecidos por \u201cpiscar\u201d os olhos, quando\u00a0na verdade os olhos giram em suas \u00f3rbitas causando a impress\u00e3o de estarem piscando.<\/p>\n<p><strong><u>Alimenta\u00e7\u00e3o:<\/u>\u00a0<\/strong>On\u00edvoro, em seu ambiente natural se alimentam de vermes, crust\u00e1ceos, insetos e mat\u00e9ria vegetal. Em cativeiro aceitar\u00e1 alimentos secos e vivos sem dificuldades. Como a maioria das Corydoras, ir\u00e3o comer alimentos que se depositam no fundo do aqu\u00e1rio.<\/p>\n<p>Esta esp\u00e9cie costuma ser mais ativa a noite, devendo fornecer alimentos ao apagar as luzes do aqu\u00e1rio, embora se alimentem tamb\u00e9m durante per\u00edodo diurno, por\u00e9m s\u00e3o lentos para comer podendo n\u00e3o competir com outros peixes pelo alimento.<\/p>\n<p>Infelizmente estes peixes s\u00e3o taxados erroneamente como peixe limpador e que se alimentam\u00a0de restos de ra\u00e7\u00f5es e fezes dos demais peixes. Sob nenhuma circunst\u00e2ncia deve-se esperar que sobrevivam com \u2018sobras\u2019 de outros habitantes do aqu\u00e1rio e muito menos de\u00a0fezes de outros peixes, devendo ser fornecido alimentos apropriados incluindo ra\u00e7\u00f5es espec\u00edficas para peixes de fundo e alimentos vivos regularmente.<\/p>\n<p><strong><u>Reprodu\u00e7\u00e3o e dimorfismo sexual:<\/u>\u00a0<\/strong>Ov\u00edparo. Depositam seus ovos em meio \u00e0 densa vegeta\u00e7\u00e3o e pais n\u00e3o cuidam da prog\u00eanie. A f\u00eamea prende alguns poucos ovos entre suas nadadeiras\u00a0p\u00e9lvicas, onde o macho ir\u00e1 fertiliz\u00e1-los por cerca de 30 segundos. S\u00f3 ent\u00e3o a f\u00eamea ir\u00e1 levar os ovos adesivos para algum local escolhido previamente, normalmente em folhas ou superf\u00edcies planas. A dupla repete este processo a cada tr\u00eas minutos por uma\u00a0a duas horas, com descansos\u00a0de 10 a 15 minutos entre o lan\u00e7amento dos ovos. Por volta de 7 a 15 ovos s\u00e3o gerados num \u00fanico dia e a desova pode levar de\u00a0tr\u00eas a quatro dias consecutivos. Um total de 30 a 60 ovos pode ser gerado por uma \u00fanica f\u00eamea ao longo deste per\u00edodo de tempo. Os ovos eclodem em 3-9 dias.<\/p>\n<p><u><strong>Dimorfismo Sexual:<\/strong><\/u>\u00a0Os machos s\u00e3o menores, mais finos e tem a nadadeira\u00a0dorsal mais pontuda do que as f\u00eameas. F\u00eameas s\u00e3o ligeiramente maiores e mais gordas.\u00a0Com na maioria das Corydoras, s\u00e3o facilmente distinguidos olhando de cima onde as f\u00eameas s\u00e3o mais encorpadas (barriga maior e mais arredondada) do que os machos.<\/p>\n<p><strong><u>Descri\u00e7\u00e3o:<\/u>\u00a0<\/strong>Seu corpo\u00a0\u00e9 tipicamente mais alongado do que outras esp\u00e9cies de Corydoras\u00a0e de\u00a0colora\u00e7\u00e3o\u00a0branca transl\u00facida a levemente\u00a0verde-oliva com uma listra fina escura nas laterais de seu corpo. Sua barriga \u00e9 esbranqui\u00e7ada. Apresenta colora\u00e7\u00e3o branca\u00a0na base da cauda em torno de uma mancha negra. Junto com\u00a0<em>C. pygmaeus<\/em>\u00a0e\u00a0<em>C. habrosus<\/em>\u00a0s\u00e3o comumente referidas como Corydora An\u00e3.<\/p>\n<p><em>C. hastatus<\/em>\u00a0pode ser confundido com\u00a0<em>C. pygmaeus<\/em>, mas s\u00e3o\u00a0facilmente distinguidos pelo padr\u00e3o de cor, uma vez que em\u00a0<em>C. hastatus<\/em>\u00a0existe uma mancha escura em forma de diamante no ped\u00fanculo caudal, enquanto em<em>\u00a0C. pygmaeus<\/em>\u00a0est\u00e1 ausente. Este \u00faltimo apresenta uma faixa lateral escura em seus flancos.<\/p>\n<p>Suas exibi\u00e7\u00f5es morfol\u00f3gicas e adapta\u00e7\u00f5es como olhos grandes, posi\u00e7\u00e3o terminal da boca, forma do corpo (mais sim\u00e9trica que outras Corydoras) e nadadeira caudal, indicam que vivem em \u00e1reas pel\u00e1gicas. Este comportamento pode ser visto quando mantidos em aqu\u00e1rio, onde preferem passar a maior parte de seu tempo nadando em meia \u00e1gua ao inv\u00e9s de ficar pr\u00f3ximo ao\u00a0fundo, comportamento incomum na maioria das Corydoras.\u00a0Outras esp\u00e9cies de Corydoras An\u00e3s como\u00a0<em>C. habrosus<\/em>\u00a0e\u00a0<em>C. pygmaeu<\/em>\u00a0possuem o mesmo h\u00e1bito, mantendo sua posi\u00e7\u00e3o em meia \u00e1gua normalmente utilizando a correnteza para se manterem posicionados.<\/p>\n<p>Este comportamento tamb\u00e9m permite que formem grandes agrega\u00e7\u00f5es com outras esp\u00e9cies de peixes semelhantes como pequenos carac\u00eddeos\u00a0<em>Serrapinnus kriegi, Aphyocharax nattereri<\/em>\u00a0e\u00a0<em>Hyphessobrycon elachys<\/em>. Este fen\u00f4meno de se unir a m\u00faltiplas esp\u00e9cies de formas e cores semelhantes \u00e9 comum no g\u00eanero, embora normalmente seja demonstrado por esp\u00e9cies de Corydoras simp\u00e1tricas que mant\u00e9m o mesmo padr\u00e3o. A raz\u00e3o deste comportamento \u00e9 para se proteger de predadores e tamb\u00e9m procurar alimentos tirando proveito de estarem num grupo maior e consequentemente exploram\u00a0contrastantes nichos ecol\u00f3gicos.<\/p>\n<p>O g\u00eanero\u00a0<em>Corydoras<\/em>\u00a0est\u00e1 entre os maiores grupos de peixes gato\u00a0e atualmente cont\u00e9m mais de 150 esp\u00e9cies v\u00e1lidas.\u00a0Pertence \u00e0 fam\u00edlia Callichthyidae, dos quais membros s\u00e3o muitas vezes referidos coletivamente como peixe gato blindado, devido \u00e0 presen\u00e7a de placas \u00f3sseas no lugar das escalas sobre o corpo.\u00a0Sua taxonomia pode ser confusa e apresenta v\u00e1rias esp\u00e9cies n\u00e3o descritas. Peixe com\u00a0identifica\u00e7\u00e3o n\u00e3o confirmada \u00e9 atribu\u00eddo um \u201cC\u201d mais um n\u00famero para identificar a esp\u00e9cie.<\/p>\n<p>Possui dois espinhos em suas extremidades junto as nadadeiras peitorais, este mecanismo serve como defesa contra predadores. Ao ser molestada, os espinhos s\u00e3o projetados ferindo o predador. H\u00e1 relatos de que esta esp\u00e9cie possui gl\u00e2ndulas de veneno em suas nadadeiras (principalmente peitorais) e parecem ser capazes de liberar uma esp\u00e9cie de muco venenoso de suas br\u00e2nquias quando molestado por outros peixes (question\u00e1vel). Os espinhos duros da nadadeira peitoral s\u00e3o capazes de perfurar a pele humana e uma \u2018picada\u2019 pode ser muito dolorosa, de fato, por isso deve-se ter aten\u00e7\u00e3o durante o manuseio.<\/p>\n<p>Eles s\u00e3o respiradores a\u00e9reos\u00a0facultativos e possuem\u00a0o\u00a0intestino modificado e altamente vascularizado que evoluiu para facilitar a absor\u00e7\u00e3o de oxig\u00eanio atmosf\u00e9rico e ajudar na sobreviv\u00eancia em ambientes privados de oxig\u00eanio. No aqu\u00e1rio voc\u00ea ocasionalmente poder\u00e1 v\u00ea-los subindo \u00e0 superf\u00edcie para tomar goles de ar.<\/p>\n<p>Esta esp\u00e9cie possui senso olfativo bastante evolu\u00eddo e seus barbilh\u00f5es permitem que ela encontre alimentos enterrados no substrato. Como a maioria dos peixes gatos, \u00e9 uma esp\u00e9cie blindada n\u00e3o possuindo escamas, apresentando duas fileiras de placas \u00f3sseas em cada lateral de seu corpo cobrindo a regi\u00e3o da cabe\u00e7a. Seu nome Corydora vem do grego, kory (capacete) e doras (pele).<\/p>\n<p>S\u00e3o considerados como peixes de \u201ccouro\u201d e possuem uma camada bastante fina de muco epitelial externo, n\u00e3o suportando a presen\u00e7a de sal na \u00e1gua, podendo facilmente lev\u00e1-lo a morte por desidrata\u00e7\u00e3o devido a diferen\u00e7a osm\u00f3tica criada.<\/p>\n<p><strong><u>Sin\u00f4nimos:<\/u><\/strong><em>\u00a0Corydoras australe<\/em><\/p>\n<p><strong><u>Etimologia:<\/u><\/strong> Corydoras: Grego, kory = capacete + grego, doras = pele<\/p>","protected":false},"excerpt":{"rendered":"<p>orydoras hastatus\u00a0(Eigenmann &amp; Eigenmann) Classe: Actinopterygii \u00a0\u2022\u00a0Ordem: Siluriformes\u00a0\u2022\u00a0Fam\u00edlia:\u00a0Callichthyidae Nomes comuns:\u00a0Corydora An\u00e3,\u00a0Camboatazinho, Corydora Pimenta, Coridora An\u00e3 \u2014\u00a0Ingl\u00eas:\u00a0Dwarf corydoras,\u00a0Dwarf Catfish,\u00a0Pygmy Cory,\u00a0Micro catfish Ambiente &amp; par\u00e2metros da \u00e1gua:\u00a0\u00c1gua doce \u2022 pH: 6.0 \u2013 7.6 \u2022 Dureza: 5 \u2013 15 \u2022 Temperatura: 20\u00b0C \u2013 30\u00b0C Encontrado em meio a plantas em pequenos cardumes. Tamanho adulto:\u00a03 cm (comum 2 cm) [&hellip;]<\/p>\n","protected":false},"featured_media":1410784570,"comment_status":"open","ping_status":"closed","template":"","meta":{"googlesitekit_rrm_CAow0N7NCw:productID":"","content-type":"","pmpro_default_level":"","_themeisle_gutenberg_block_has_review":false},"product_brand":[],"product_cat":[211,219],"product_tag":[],"class_list":{"0":"post-1410784571","1":"product","2":"type-product","3":"status-publish","4":"has-post-thumbnail","6":"product_cat-coridora","7":"product_cat-todos-os-peixes-de-agua-doce","8":"product_shipping_class-animais-vivos","9":"pmpro-has-access","11":"first","12":"outofstock","13":"taxable","14":"shipping-taxable","15":"purchasable","16":"product-type-simple"},"_links":{"self":[{"href":"https:\/\/dinhosreef.com\/en\/wp-json\/wp\/v2\/product\/1410784571","targetHints":{"allow":["GET"]}}],"collection":[{"href":"https:\/\/dinhosreef.com\/en\/wp-json\/wp\/v2\/product"}],"about":[{"href":"https:\/\/dinhosreef.com\/en\/wp-json\/wp\/v2\/types\/product"}],"replies":[{"embeddable":true,"href":"https:\/\/dinhosreef.com\/en\/wp-json\/wp\/v2\/comments?post=1410784571"}],"wp:featuredmedia":[{"embeddable":true,"href":"https:\/\/dinhosreef.com\/en\/wp-json\/wp\/v2\/media\/1410784570"}],"wp:attachment":[{"href":"https:\/\/dinhosreef.com\/en\/wp-json\/wp\/v2\/media?parent=1410784571"}],"wp:term":[{"taxonomy":"product_brand","embeddable":true,"href":"https:\/\/dinhosreef.com\/en\/wp-json\/wp\/v2\/product_brand?post=1410784571"},{"taxonomy":"product_cat","embeddable":true,"href":"https:\/\/dinhosreef.com\/en\/wp-json\/wp\/v2\/product_cat?post=1410784571"},{"taxonomy":"product_tag","embeddable":true,"href":"https:\/\/dinhosreef.com\/en\/wp-json\/wp\/v2\/product_tag?post=1410784571"}],"curies":[{"name":"wp","href":"https:\/\/api.w.org\/{rel}","templated":true}]}}