{"id":1410784578,"date":"2025-07-22T07:24:26","date_gmt":"2025-07-22T10:24:26","guid":{"rendered":"https:\/\/dinhosreef.com\/produto\/snack-cremoso-nutrisco-56g-atum-e-caranguejo\/"},"modified":"2026-03-11T17:07:20","modified_gmt":"2026-03-11T20:07:20","slug":"snack-cremoso-nutrisco-56g-atum-e-caranguejo","status":"publish","type":"product","link":"https:\/\/dinhosreef.com\/en\/product\/snack-cremoso-nutrisco-56g-atum-e-caranguejo\/","title":{"rendered":"SNACK CREMOSO NUTRISCO 56G ATUM E CARANGUEJO"},"content":{"rendered":"<p>Os Snacks Cremosos Nutrisco s\u00e3o \u00f3timos para serem oferecidos como agrado ou recompensa para os gatos. Sua f\u00f3rmula altamente palat\u00e1vel cont\u00e9m vitaminas e alta umidade! INDICA\u00c7\u00c3O: Alimento espec\u00edfico para gatos. Este alimento n\u00e3o substitui o alimento completo. MODO DE USAR: Fornecer em temperatura ambiente. Gatos filhotes: at\u00e9 2 sach\u00eas por dia; Gatos adultos: at\u00e9 5 sach\u00eas por dia. COMPOSI\u00c7\u00c3O: Atum (23,01%), Caranguejo (4,1%), Frango (10,25%), Amido, Taurina (0,08%), Vitaminas (0.004%) (A, B2, B3, B5, D3, E), Goma Xantana e \u00c1gua. N\u00cdVEIS DE GARANTIA: Umidade (M\u00e1x.) 900g\/kg, Prote\u00edna Bruta (M\u00edn.) 65g\/kg, Extrato Et\u00e9reo (M\u00edn.) 0,2g\/kg, Mat\u00e9ria Fibrosa (M\u00e1x.) 10g\/kg, Mat\u00e9ria Mineral (M\u00e1x.) 20g\/kg, C\u00e1lcio (M\u00e1x.) 1,5g\/kg, Calcio (M\u00edn.) 0,1g\/kg, F\u00f3sforo (M\u00edn.) 0,5g\/kg em (kcal\/g) = 0,29.\u00a0 CONSERVA\u00c7\u00c3O DO PRODUTO: Conservar em local seco e arejado, longe da luz solar. Ap\u00f3s aberto, conservar sob refrigera\u00e7\u00e3o e consumir em at\u00e9 48 horas.<\/p>","protected":false},"excerpt":{"rendered":"<p>Os Snacks Cremosos Nutrisco s\u00e3o \u00f3timos para serem oferecidos como agrado ou recompensa para os gatos. Sua f\u00f3rmula altamente palat\u00e1vel cont\u00e9m vitaminas e alta umidade! INDICA\u00c7\u00c3O: Alimento espec\u00edfico para gatos. Este alimento n\u00e3o substitui o alimento completo. MODO DE USAR: Fornecer em temperatura ambiente. Gatos filhotes: at\u00e9 2 sach\u00eas por dia; Gatos adultos: at\u00e9 5 [&hellip;]<\/p>\n","protected":false},"featured_media":1410784577,"comment_status":"open","ping_status":"closed","template":"","meta":{"googlesitekit_rrm_CAow0N7NCw:productID":"","content-type":"","pmpro_default_level":"","_themeisle_gutenberg_block_has_review":false},"product_brand":[],"product_cat":[255],"product_tag":[],"class_list":{"0":"post-1410784578","1":"product","2":"type-product","3":"status-publish","4":"has-post-thumbnail","6":"product_cat-alimento-petisco-e-suplemento","7":"pmpro-has-access","9":"first","10":"outofstock","11":"taxable","12":"shipping-taxable","13":"purchasable","14":"product-type-simple"},"_links":{"self":[{"href":"https:\/\/dinhosreef.com\/en\/wp-json\/wp\/v2\/product\/1410784578","targetHints":{"allow":["GET"]}}],"collection":[{"href":"https:\/\/dinhosreef.com\/en\/wp-json\/wp\/v2\/product"}],"about":[{"href":"https:\/\/dinhosreef.com\/en\/wp-json\/wp\/v2\/types\/product"}],"replies":[{"embeddable":true,"href":"https:\/\/dinhosreef.com\/en\/wp-json\/wp\/v2\/comments?post=1410784578"}],"wp:featuredmedia":[{"embeddable":true,"href":"https:\/\/dinhosreef.com\/en\/wp-json\/wp\/v2\/media\/1410784577"}],"wp:attachment":[{"href":"https:\/\/dinhosreef.com\/en\/wp-json\/wp\/v2\/media?parent=1410784578"}],"wp:term":[{"taxonomy":"product_brand","embeddable":true,"href":"https:\/\/dinhosreef.com\/en\/wp-json\/wp\/v2\/product_brand?post=1410784578"},{"taxonomy":"product_cat","embeddable":true,"href":"https:\/\/dinhosreef.com\/en\/wp-json\/wp\/v2\/product_cat?post=1410784578"},{"taxonomy":"product_tag","embeddable":true,"href":"https:\/\/dinhosreef.com\/en\/wp-json\/wp\/v2\/product_tag?post=1410784578"}],"curies":[{"name":"wp","href":"https:\/\/api.w.org\/{rel}","templated":true}]}}