{"id":1410784580,"date":"2025-07-22T07:24:28","date_gmt":"2025-07-22T10:24:28","guid":{"rendered":"https:\/\/dinhosreef.com\/produto\/snack-cremoso-nutrisco-56g-atum-e-salmao\/"},"modified":"2026-03-11T17:07:18","modified_gmt":"2026-03-11T20:07:18","slug":"snack-cremoso-nutrisco-56g-atum-e-salmao","status":"publish","type":"product","link":"https:\/\/dinhosreef.com\/en\/product\/snack-cremoso-nutrisco-56g-atum-e-salmao\/","title":{"rendered":"SNACK CREMOSO NUTRISCO 56G ATUM E SALMAO"},"content":{"rendered":"<div class=\"titulo-categoria\"><strong>Descri\u00e7\u00e3o<\/strong><\/div>\n<div class=\"tab-content\">\n<div id=\"descricao\" class=\"tab-pane active\">\n<p>Delicie seu felino com o Petisco Nutrisco para Gatos Adultos Atum e Salm\u00e3o<\/p>\n<p>O Petisco Nutrisco para Gatos Adultos Atum e Salm\u00e3o \u00e9 um produto super premium, desenvolvido especialmente para gatos exigentes. Com uma f\u00f3rmula livre de transg\u00eanicos e conservantes artificiais, este petisco \u00e9 altamente palat\u00e1vel e saud\u00e1vel. Sua composi\u00e7\u00e3o inclui 23% de atum e 4% de salm\u00e3o, garantindo um sabor irresist\u00edvel para o seu felino. Al\u00e9m disso, o snack cremoso Nutrisco \u00e9 grain free, ideal para gatos com sensibilidade alimentar.<\/p>\n<p>\u00a0<\/p>\n<h3>Diferenciais:<\/h3>\n<p>Super Premium: Qualidade superior para o seu pet.<\/p>\n<p>Livre de Transg\u00eanicos: Ingredientes naturais e seguros.<\/p>\n<p>Sem Conservantes Artificiais: Mais sa\u00fade e qualidade de vida para o seu gato.<\/p>\n<p>Altamente Palat\u00e1vel: Sabor que agrada at\u00e9 os paladares mais exigentes.<\/p>\n<p>Grain Free: Indicado para gatos com sensibilidade alimentar.<\/p>\n<p>Rico em Prote\u00ednas: Atum e salm\u00e3o contribuem para a nutri\u00e7\u00e3o balanceada do seu pet.<\/p>\n<\/p><\/div>\n<\/p><\/div>","protected":false},"excerpt":{"rendered":"<p>Descri\u00e7\u00e3o Delicie seu felino com o Petisco Nutrisco para Gatos Adultos Atum e Salm\u00e3o O Petisco Nutrisco para Gatos Adultos Atum e Salm\u00e3o \u00e9 um produto super premium, desenvolvido especialmente para gatos exigentes. Com uma f\u00f3rmula livre de transg\u00eanicos e conservantes artificiais, este petisco \u00e9 altamente palat\u00e1vel e saud\u00e1vel. Sua composi\u00e7\u00e3o inclui 23% de atum [&hellip;]<\/p>\n","protected":false},"featured_media":1410784579,"comment_status":"open","ping_status":"closed","template":"","meta":{"googlesitekit_rrm_CAow0N7NCw:productID":"","content-type":"","pmpro_default_level":"","_themeisle_gutenberg_block_has_review":false},"product_brand":[],"product_cat":[255],"product_tag":[],"class_list":{"0":"post-1410784580","1":"product","2":"type-product","3":"status-publish","4":"has-post-thumbnail","6":"product_cat-alimento-petisco-e-suplemento","7":"pmpro-has-access","9":"first","10":"outofstock","11":"taxable","12":"shipping-taxable","13":"purchasable","14":"product-type-simple"},"_links":{"self":[{"href":"https:\/\/dinhosreef.com\/en\/wp-json\/wp\/v2\/product\/1410784580","targetHints":{"allow":["GET"]}}],"collection":[{"href":"https:\/\/dinhosreef.com\/en\/wp-json\/wp\/v2\/product"}],"about":[{"href":"https:\/\/dinhosreef.com\/en\/wp-json\/wp\/v2\/types\/product"}],"replies":[{"embeddable":true,"href":"https:\/\/dinhosreef.com\/en\/wp-json\/wp\/v2\/comments?post=1410784580"}],"wp:featuredmedia":[{"embeddable":true,"href":"https:\/\/dinhosreef.com\/en\/wp-json\/wp\/v2\/media\/1410784579"}],"wp:attachment":[{"href":"https:\/\/dinhosreef.com\/en\/wp-json\/wp\/v2\/media?parent=1410784580"}],"wp:term":[{"taxonomy":"product_brand","embeddable":true,"href":"https:\/\/dinhosreef.com\/en\/wp-json\/wp\/v2\/product_brand?post=1410784580"},{"taxonomy":"product_cat","embeddable":true,"href":"https:\/\/dinhosreef.com\/en\/wp-json\/wp\/v2\/product_cat?post=1410784580"},{"taxonomy":"product_tag","embeddable":true,"href":"https:\/\/dinhosreef.com\/en\/wp-json\/wp\/v2\/product_tag?post=1410784580"}],"curies":[{"name":"wp","href":"https:\/\/api.w.org\/{rel}","templated":true}]}}