{"id":1410784598,"date":"2025-07-22T07:24:51","date_gmt":"2025-07-22T10:24:51","guid":{"rendered":"https:\/\/dinhosreef.com\/produto\/golden-sn-gatos-castrados-abobora-10-kg\/"},"modified":"2026-04-01T12:17:43","modified_gmt":"2026-04-01T15:17:43","slug":"golden-sn-gatos-castrados-abobora-10-kg","status":"publish","type":"product","link":"https:\/\/dinhosreef.com\/en\/product\/golden-sn-gatos-castrados-abobora-10-kg\/","title":{"rendered":"GOLDEN SN GATOS CASTRADOS ABOBORA 1,0 KG"},"content":{"rendered":"<p>Ofere\u00e7a ao seu gato o melhor em nutri\u00e7\u00e3o com GOLDEN SEL NAT para Gatos Castrados com Ab\u00f3bora. Este alimento premium de 1kg \u00e9 especialmente formulado para atender \u00e0s necessidades dos felinos castrados, promovendo sa\u00fade e bem-estar com ingredientes de alta qualidade, incluindo a deliciosa e ben\u00e9fica ab\u00f3bora. Garanta um equil\u00edbrio perfeito entre sabor e nutri\u00e7\u00e3o para o seu companheiro felino.<\/p>","protected":false},"excerpt":{"rendered":"<p>Ofere\u00e7a ao seu gato o melhor em nutri\u00e7\u00e3o com GOLDEN SEL NAT para Gatos Castrados com Ab\u00f3bora. Este alimento premium de 1kg \u00e9 especialmente formulado para atender \u00e0s necessidades dos felinos castrados, promovendo sa\u00fade e bem-estar com ingredientes de alta qualidade, incluindo a deliciosa e ben\u00e9fica ab\u00f3bora. Garanta um equil\u00edbrio perfeito entre sabor e nutri\u00e7\u00e3o [&hellip;]<\/p>\n","protected":false},"featured_media":1410784597,"comment_status":"open","ping_status":"closed","template":"","meta":{"googlesitekit_rrm_CAow0N7NCw:productID":"","content-type":"","pmpro_default_level":"","_themeisle_gutenberg_block_has_review":false},"product_brand":[329],"product_cat":[256],"product_tag":[],"class_list":{"0":"post-1410784598","1":"product","2":"type-product","3":"status-publish","4":"has-post-thumbnail","6":"product_brand-golden","7":"product_cat-racoes","8":"pmpro-has-access","10":"first","11":"outofstock","12":"taxable","13":"shipping-taxable","14":"purchasable","15":"product-type-simple"},"_links":{"self":[{"href":"https:\/\/dinhosreef.com\/en\/wp-json\/wp\/v2\/product\/1410784598","targetHints":{"allow":["GET"]}}],"collection":[{"href":"https:\/\/dinhosreef.com\/en\/wp-json\/wp\/v2\/product"}],"about":[{"href":"https:\/\/dinhosreef.com\/en\/wp-json\/wp\/v2\/types\/product"}],"replies":[{"embeddable":true,"href":"https:\/\/dinhosreef.com\/en\/wp-json\/wp\/v2\/comments?post=1410784598"}],"wp:featuredmedia":[{"embeddable":true,"href":"https:\/\/dinhosreef.com\/en\/wp-json\/wp\/v2\/media\/1410784597"}],"wp:attachment":[{"href":"https:\/\/dinhosreef.com\/en\/wp-json\/wp\/v2\/media?parent=1410784598"}],"wp:term":[{"taxonomy":"product_brand","embeddable":true,"href":"https:\/\/dinhosreef.com\/en\/wp-json\/wp\/v2\/product_brand?post=1410784598"},{"taxonomy":"product_cat","embeddable":true,"href":"https:\/\/dinhosreef.com\/en\/wp-json\/wp\/v2\/product_cat?post=1410784598"},{"taxonomy":"product_tag","embeddable":true,"href":"https:\/\/dinhosreef.com\/en\/wp-json\/wp\/v2\/product_tag?post=1410784598"}],"curies":[{"name":"wp","href":"https:\/\/api.w.org\/{rel}","templated":true}]}}