{"id":1410784610,"date":"2025-07-22T07:25:13","date_gmt":"2025-07-22T10:25:13","guid":{"rendered":"https:\/\/dinhosreef.com\/produto\/premier-nattu-caes-adultos-porte-pequeno-mandioca-10-kg\/"},"modified":"2026-03-20T11:58:24","modified_gmt":"2026-03-20T14:58:24","slug":"premier-nattu-caes-adultos-porte-pequeno-mandioca-10-kg","status":"publish","type":"product","link":"https:\/\/dinhosreef.com\/en\/product\/premier-nattu-caes-adultos-porte-pequeno-mandioca-10-kg\/","title":{"rendered":"PREMIER NATTU CAES ADULTOS PORTE PEQUENO MANDIOCA 1,0 KG"},"content":{"rendered":"<ul>\n<li>Intestino saud\u00e1vel;<\/li>\n<li>Combina\u00e7\u00e3o de nutrientes de alta digestibilidade;<\/li>\n<li>Sem corantes e aromatizantes artificias;<\/li>\n<li>Pele nutrida e pelagem sedosa;<\/li>\n<li>Prote\u00edna de frango certificada: livre de antibi\u00f3ticos.<\/li>\n<\/ul>","protected":false},"excerpt":{"rendered":"<p>Intestino saud\u00e1vel; Combina\u00e7\u00e3o de nutrientes de alta digestibilidade; Sem corantes e aromatizantes artificias; Pele nutrida e pelagem sedosa; Prote\u00edna de frango certificada: livre de antibi\u00f3ticos.<\/p>","protected":false},"featured_media":1410784609,"comment_status":"open","ping_status":"closed","template":"","meta":{"googlesitekit_rrm_CAow0N7NCw:productID":"","content-type":"","pmpro_default_level":"","_themeisle_gutenberg_block_has_review":false},"product_brand":[],"product_cat":[259],"product_tag":[],"class_list":{"0":"post-1410784610","1":"product","2":"type-product","3":"status-publish","4":"has-post-thumbnail","6":"product_cat-racoes-alimento-petisco-e-suplemento-caes","7":"pmpro-has-access","9":"first","10":"outofstock","11":"taxable","12":"shipping-taxable","13":"purchasable","14":"product-type-simple"},"_links":{"self":[{"href":"https:\/\/dinhosreef.com\/en\/wp-json\/wp\/v2\/product\/1410784610","targetHints":{"allow":["GET"]}}],"collection":[{"href":"https:\/\/dinhosreef.com\/en\/wp-json\/wp\/v2\/product"}],"about":[{"href":"https:\/\/dinhosreef.com\/en\/wp-json\/wp\/v2\/types\/product"}],"replies":[{"embeddable":true,"href":"https:\/\/dinhosreef.com\/en\/wp-json\/wp\/v2\/comments?post=1410784610"}],"wp:featuredmedia":[{"embeddable":true,"href":"https:\/\/dinhosreef.com\/en\/wp-json\/wp\/v2\/media\/1410784609"}],"wp:attachment":[{"href":"https:\/\/dinhosreef.com\/en\/wp-json\/wp\/v2\/media?parent=1410784610"}],"wp:term":[{"taxonomy":"product_brand","embeddable":true,"href":"https:\/\/dinhosreef.com\/en\/wp-json\/wp\/v2\/product_brand?post=1410784610"},{"taxonomy":"product_cat","embeddable":true,"href":"https:\/\/dinhosreef.com\/en\/wp-json\/wp\/v2\/product_cat?post=1410784610"},{"taxonomy":"product_tag","embeddable":true,"href":"https:\/\/dinhosreef.com\/en\/wp-json\/wp\/v2\/product_tag?post=1410784610"}],"curies":[{"name":"wp","href":"https:\/\/api.w.org\/{rel}","templated":true}]}}