{"id":1410784612,"date":"2025-07-22T07:25:17","date_gmt":"2025-07-22T10:25:17","guid":{"rendered":"https:\/\/dinhosreef.com\/produto\/premier-nc-gatos-urinario-15-kg\/"},"modified":"2026-03-30T16:46:55","modified_gmt":"2026-03-30T19:46:55","slug":"premier-nc-gatos-urinario-15-kg","status":"publish","type":"product","link":"https:\/\/dinhosreef.com\/en\/product\/premier-nc-gatos-urinario-15-kg\/","title":{"rendered":"PREMIER NC GATOS URINARIO 1,5 KG"},"content":{"rendered":"<div class=\"product-name\"><span class=\"h1\">PREMIER NC GATOS URINARIO 1,5 KG<\/span><\/div>\n<div class=\"short-description\">\n<div class=\"std\">&#8211; Alimento super premium terap\u00eautico indicado para gatos no controle e tratamento de c\u00e1lculos urin\u00e1rios de estruvita.<br \/>&#8211; Excesso de bases reduzido &#8211; Esta estrat\u00e9gia nutricional \u00e9 utilizada para causar a dissolu\u00e7\u00e3o dos c\u00e1lculos urin\u00e1rios de estruvita.<br \/>&#8211; pH urin\u00e1rio controlado &#8211; Promove uma moderada acidifica\u00e7\u00e3o da urina (pH 6,2) para favorecer a dissolu\u00e7\u00e3o dos c\u00e1lculos urin\u00e1rios de estruvita que j\u00e1 est\u00e3o formados, sem promover a forma\u00e7\u00e3o de c\u00e1lculos urin\u00e1rios de oxalato de c\u00e1lcio.<br \/>&#8211; Teor reduzido de magn\u00e9sio &#8211; Para diminuir a disponibilidade e consequente ingest\u00e3o deste mineral, desfavorecendo assim a forma\u00e7\u00e3o dos c\u00e1lculos de estruvita.<br \/>&#8211; Prote\u00edna em equil\u00edbrio &#8211; Desfavorece a forma\u00e7\u00e3o de c\u00e1lculos urin\u00e1rios de estruvita pois reduz a disponibilidade de am\u00f4nia urin\u00e1ria que \u00e9 o componente<\/div>\n<\/p><\/div>","protected":false},"excerpt":{"rendered":"<p>PREMIER NC GATOS URINARIO 1,5 KG &#8211; Alimento super premium terap\u00eautico indicado para gatos no controle e tratamento de c\u00e1lculos urin\u00e1rios de estruvita.&#8211; Excesso de bases reduzido &#8211; Esta estrat\u00e9gia nutricional \u00e9 utilizada para causar a dissolu\u00e7\u00e3o dos c\u00e1lculos urin\u00e1rios de estruvita.&#8211; pH urin\u00e1rio controlado &#8211; Promove uma moderada acidifica\u00e7\u00e3o da urina (pH 6,2) para [&hellip;]<\/p>\n","protected":false},"featured_media":1410784611,"comment_status":"open","ping_status":"closed","template":"","meta":{"googlesitekit_rrm_CAow0N7NCw:productID":"","content-type":"","pmpro_default_level":"","_themeisle_gutenberg_block_has_review":false},"product_brand":[330],"product_cat":[256],"product_tag":[],"class_list":{"0":"post-1410784612","1":"product","2":"type-product","3":"status-publish","4":"has-post-thumbnail","6":"product_brand-premier","7":"product_cat-racoes","8":"pmpro-has-access","10":"first","11":"instock","12":"taxable","13":"shipping-taxable","14":"purchasable","15":"product-type-simple"},"_links":{"self":[{"href":"https:\/\/dinhosreef.com\/en\/wp-json\/wp\/v2\/product\/1410784612","targetHints":{"allow":["GET"]}}],"collection":[{"href":"https:\/\/dinhosreef.com\/en\/wp-json\/wp\/v2\/product"}],"about":[{"href":"https:\/\/dinhosreef.com\/en\/wp-json\/wp\/v2\/types\/product"}],"replies":[{"embeddable":true,"href":"https:\/\/dinhosreef.com\/en\/wp-json\/wp\/v2\/comments?post=1410784612"}],"wp:featuredmedia":[{"embeddable":true,"href":"https:\/\/dinhosreef.com\/en\/wp-json\/wp\/v2\/media\/1410784611"}],"wp:attachment":[{"href":"https:\/\/dinhosreef.com\/en\/wp-json\/wp\/v2\/media?parent=1410784612"}],"wp:term":[{"taxonomy":"product_brand","embeddable":true,"href":"https:\/\/dinhosreef.com\/en\/wp-json\/wp\/v2\/product_brand?post=1410784612"},{"taxonomy":"product_cat","embeddable":true,"href":"https:\/\/dinhosreef.com\/en\/wp-json\/wp\/v2\/product_cat?post=1410784612"},{"taxonomy":"product_tag","embeddable":true,"href":"https:\/\/dinhosreef.com\/en\/wp-json\/wp\/v2\/product_tag?post=1410784612"}],"curies":[{"name":"wp","href":"https:\/\/api.w.org\/{rel}","templated":true}]}}