{"id":1410784622,"date":"2025-07-22T17:52:50","date_gmt":"2025-07-22T20:52:50","guid":{"rendered":"https:\/\/dinhosreef.com\/produto\/vitta-natural-caes-filhotes-racas-pequenas-frango-cereais-101-kg\/"},"modified":"2026-04-17T09:17:55","modified_gmt":"2026-04-17T12:17:55","slug":"vitta-natural-caes-filhotes-racas-pequenas-frango-cereais-101-kg","status":"publish","type":"product","link":"https:\/\/dinhosreef.com\/en\/product\/vitta-natural-caes-filhotes-racas-pequenas-frango-cereais-101-kg\/","title":{"rendered":"VITTA NATURAL CAES FILHOTES RACAS PEQUENAS FRANGO\/CEREAIS 10,1 KG"},"content":{"rendered":"<h2 class=\"ui-pdp-description__title\" data-testid=\"title\">Descri\u00e7\u00e3o<\/h2>\n<p class=\"ui-pdp-description__content\" data-testid=\"content\">VittA\u00ae Natural C\u00e3es Filhotes Porte Pequeno Frango &amp; Arroz<br \/>A linha Vitta\u00ae Natural \u00e9 formulada com prote\u00ednas de alta qualidade e \u00e9 enriquecida com todas as vitaminas e minerais necess\u00e1rios para que os c\u00e3es vivam saud\u00e1veis e felizes. Elaborado com ingredientes naturais e cuidadosamente selecionados, o produto Vitta\u00ae Natural Filhotes Frango e Cereais Integrais, al\u00e9m de muito saboroso, n\u00e3o possui corantes e aromatizantes artificiais. Promove tamb\u00e9m a sa\u00fade intestinal dos filhotes, atrav\u00e9s da associa\u00e7\u00e3o de fibras naturais com prebi\u00f3tico.<\/p>\n<p>COMPOSI\u00c7\u00c3O<br \/>Farinha de v\u00edsceras de frango, farelo de gl\u00faten de milho 21*, gr\u00e3o de milho*, quirera de arroz, gr\u00e3o de trigo, aveia, gordura de frango, \u00f3leo refinado de peixe, cloreto de pot\u00e1ssio, cloreto de s\u00f3dio, \u00e1cido propi\u00f4nico, bentonita, BHA (Butilhidroxianisol), BHT (Butilhidroxitolueno), hidrolisado de f\u00edgado de aves e su\u00edno, vitamina A, vitamina B1, vitamina B2, vitamina B3, vitamina B5, vitamina B6, vitamina B7, vitamina B9, vitamina B12, vitamina C, cloreto de colina, vitamina D3, vitamina E, vitamina K3, iodeto de c\u00e1lcio, selenometionina hidroxi an\u00e1loga, sulfato de cobre pentahidratado, sulfato de ferro, sulfato de mangan\u00eas, sulfato de zinco monohidratado.<\/p>\n<p>*Cont\u00e9m milho e farelo de gl\u00faten de milho 21 transg\u00eanicos (esp\u00e9cies doadoras de gene: Bacillus thuringiensis e\/ou Agrobacterium tumefaciens e\/ou Streptomyces viridochromogenes e\/ou Zea mays)<\/p>","protected":false},"excerpt":{"rendered":"<p>Descri\u00e7\u00e3o VittA\u00ae Natural C\u00e3es Filhotes Porte Pequeno Frango &amp; ArrozA linha Vitta\u00ae Natural \u00e9 formulada com prote\u00ednas de alta qualidade e \u00e9 enriquecida com todas as vitaminas e minerais necess\u00e1rios para que os c\u00e3es vivam saud\u00e1veis e felizes. Elaborado com ingredientes naturais e cuidadosamente selecionados, o produto Vitta\u00ae Natural Filhotes Frango e Cereais Integrais, al\u00e9m [&hellip;]<\/p>\n","protected":false},"featured_media":1410784621,"comment_status":"open","ping_status":"closed","template":"","meta":{"googlesitekit_rrm_CAow0N7NCw:productID":"","content-type":"","pmpro_default_level":"","_themeisle_gutenberg_block_has_review":false},"product_brand":[],"product_cat":[259],"product_tag":[],"class_list":{"0":"post-1410784622","1":"product","2":"type-product","3":"status-publish","4":"has-post-thumbnail","6":"product_cat-racoes-alimento-petisco-e-suplemento-caes","7":"pmpro-has-access","9":"first","10":"instock","11":"taxable","12":"shipping-taxable","13":"purchasable","14":"product-type-simple"},"_links":{"self":[{"href":"https:\/\/dinhosreef.com\/en\/wp-json\/wp\/v2\/product\/1410784622","targetHints":{"allow":["GET"]}}],"collection":[{"href":"https:\/\/dinhosreef.com\/en\/wp-json\/wp\/v2\/product"}],"about":[{"href":"https:\/\/dinhosreef.com\/en\/wp-json\/wp\/v2\/types\/product"}],"replies":[{"embeddable":true,"href":"https:\/\/dinhosreef.com\/en\/wp-json\/wp\/v2\/comments?post=1410784622"}],"wp:featuredmedia":[{"embeddable":true,"href":"https:\/\/dinhosreef.com\/en\/wp-json\/wp\/v2\/media\/1410784621"}],"wp:attachment":[{"href":"https:\/\/dinhosreef.com\/en\/wp-json\/wp\/v2\/media?parent=1410784622"}],"wp:term":[{"taxonomy":"product_brand","embeddable":true,"href":"https:\/\/dinhosreef.com\/en\/wp-json\/wp\/v2\/product_brand?post=1410784622"},{"taxonomy":"product_cat","embeddable":true,"href":"https:\/\/dinhosreef.com\/en\/wp-json\/wp\/v2\/product_cat?post=1410784622"},{"taxonomy":"product_tag","embeddable":true,"href":"https:\/\/dinhosreef.com\/en\/wp-json\/wp\/v2\/product_tag?post=1410784622"}],"curies":[{"name":"wp","href":"https:\/\/api.w.org\/{rel}","templated":true}]}}