{"id":1410784626,"date":"2025-07-22T17:52:55","date_gmt":"2025-07-22T20:52:55","guid":{"rendered":"https:\/\/dinhosreef.com\/produto\/vitta-natural-caes-adultos-frango-cereais-15-kg\/"},"modified":"2026-02-21T17:35:51","modified_gmt":"2026-02-21T20:35:51","slug":"vitta-natural-caes-adultos-frango-cereais-15-kg","status":"publish","type":"product","link":"https:\/\/dinhosreef.com\/en\/product\/vitta-natural-caes-adultos-frango-cereais-15-kg\/","title":{"rendered":"VITTA NATURAL CAES ADULTOS FRANGO\/CEREAIS 15 KG"},"content":{"rendered":"<h2 class=\"ui-pdp-description__title\" data-testid=\"title\">Descri\u00e7\u00e3o<\/h2>\n<p class=\"ui-pdp-description__content\" data-testid=\"content\">Ofere\u00e7a ao seu pet uma vida mais natural com a Ra\u00e7\u00e3o PremieRpet Vitta Natural!<\/p>\n<p>Proporcione ao seu companheiro peludo uma alimenta\u00e7\u00e3o de alta qualidade e repleta de benef\u00edcios com a Ra\u00e7\u00e3o PremieRpet da linha Vitta Natural. Desenvolvida com cuidado especial para atender \u00e0s necessidades nutricionais dos pets, essa ra\u00e7\u00e3o \u00e9 a escolha ideal para quem busca o melhor para seus amigos de quatro patas.<\/p>\n<p>Benef\u00edcios Exclusivos:<\/p>\n<p>Ingredientes Naturais: Elaborada com ingredientes cuidadosamente selecionados, a Ra\u00e7\u00e3o PremieRpet Vitta Natural oferece uma f\u00f3rmula balanceada, sem corantes e aromatizantes artificiais.<\/p>\n<p>Sa\u00fade Intestinal: Rica em fibras e prebi\u00f3ticos, essa ra\u00e7\u00e3o promove a sa\u00fade do sistema digestivo do seu pet, contribuindo para uma digest\u00e3o saud\u00e1vel.<\/p>\n<p>Pelagem mais Brilhante: Com \u00e1cidos graxos essenciais \u00f4mega 3 e 6, a ra\u00e7\u00e3o Vitta Natural ajuda a manter a pelagem do seu animal de estima\u00e7\u00e3o mais brilhante e sedosa.<\/p>\n<p>Suporte \u00e0 Imunidade: Contendo antioxidantes naturais, a f\u00f3rmula auxilia no fortalecimento do sistema imunol\u00f3gico do seu pet, proporcionando uma vida mais longa e saud\u00e1vel.<\/p>\n<p>CONTE\u00daDO: 1 SACO DE 15KG RA\u00c7\u00c3O VITTA NATURAL SABOR FRANGO E ARROZ.<\/p>","protected":false},"excerpt":{"rendered":"<p>Descri\u00e7\u00e3o Ofere\u00e7a ao seu pet uma vida mais natural com a Ra\u00e7\u00e3o PremieRpet Vitta Natural! Proporcione ao seu companheiro peludo uma alimenta\u00e7\u00e3o de alta qualidade e repleta de benef\u00edcios com a Ra\u00e7\u00e3o PremieRpet da linha Vitta Natural. Desenvolvida com cuidado especial para atender \u00e0s necessidades nutricionais dos pets, essa ra\u00e7\u00e3o \u00e9 a escolha ideal para [&hellip;]<\/p>\n","protected":false},"featured_media":1410784625,"comment_status":"open","ping_status":"closed","template":"","meta":{"googlesitekit_rrm_CAow0N7NCw:productID":"","content-type":"","pmpro_default_level":"","_themeisle_gutenberg_block_has_review":false},"product_brand":[330],"product_cat":[259],"product_tag":[],"class_list":{"0":"post-1410784626","1":"product","2":"type-product","3":"status-publish","4":"has-post-thumbnail","6":"product_brand-premier","7":"product_cat-racoes-alimento-petisco-e-suplemento-caes","8":"pmpro-has-access","10":"first","11":"outofstock","12":"taxable","13":"shipping-taxable","14":"purchasable","15":"product-type-simple"},"_links":{"self":[{"href":"https:\/\/dinhosreef.com\/en\/wp-json\/wp\/v2\/product\/1410784626","targetHints":{"allow":["GET"]}}],"collection":[{"href":"https:\/\/dinhosreef.com\/en\/wp-json\/wp\/v2\/product"}],"about":[{"href":"https:\/\/dinhosreef.com\/en\/wp-json\/wp\/v2\/types\/product"}],"replies":[{"embeddable":true,"href":"https:\/\/dinhosreef.com\/en\/wp-json\/wp\/v2\/comments?post=1410784626"}],"wp:featuredmedia":[{"embeddable":true,"href":"https:\/\/dinhosreef.com\/en\/wp-json\/wp\/v2\/media\/1410784625"}],"wp:attachment":[{"href":"https:\/\/dinhosreef.com\/en\/wp-json\/wp\/v2\/media?parent=1410784626"}],"wp:term":[{"taxonomy":"product_brand","embeddable":true,"href":"https:\/\/dinhosreef.com\/en\/wp-json\/wp\/v2\/product_brand?post=1410784626"},{"taxonomy":"product_cat","embeddable":true,"href":"https:\/\/dinhosreef.com\/en\/wp-json\/wp\/v2\/product_cat?post=1410784626"},{"taxonomy":"product_tag","embeddable":true,"href":"https:\/\/dinhosreef.com\/en\/wp-json\/wp\/v2\/product_tag?post=1410784626"}],"curies":[{"name":"wp","href":"https:\/\/api.w.org\/{rel}","templated":true}]}}