{"id":1410784646,"date":"2025-07-22T17:53:24","date_gmt":"2025-07-22T20:53:24","guid":{"rendered":"https:\/\/dinhosreef.com\/produto\/golden-gatos-adultos-frango-3o-kg\/"},"modified":"2025-12-26T15:54:58","modified_gmt":"2025-12-26T18:54:58","slug":"golden-gatos-adultos-frango-3o-kg","status":"publish","type":"product","link":"https:\/\/dinhosreef.com\/en\/product\/golden-gatos-adultos-frango-3o-kg\/","title":{"rendered":"GOLDEN GATOS ADULTOS FRANGO 3,O KG"},"content":{"rendered":"<p><span class=\"product__information__title\">Descri\u00e7\u00e3o do Produto<\/span><\/p>\n<p>A\u00a0<strong>Ra\u00e7\u00e3o Golden para Gatos Adultos sabor Frango<\/strong>\u00a0\u00e9 um alimento completo especialmente formulado para atender as particularidades nutricionais dos felinos adultos, desenvolvido com todas as vitaminas, nutrientes e subst\u00e2ncias que o seu gato precisa para viver de forma mais saud\u00e1vel. Com\u00a0<strong>31% de prote\u00edna<\/strong>, \u00e9 indicado para gatos adultos em manuten\u00e7\u00e3o e oferece um sabor irresist\u00edvel, tamb\u00e9m traz cuidados especiais com o trato urin\u00e1rio. Sua f\u00f3rmula cont\u00e9m\u00a0<strong>\u00d4megas 3 e 6 e Zinco<\/strong>\u00a0que ajudam a manter a pele protegida e reduz a queda de pelos, ainda possui a\u00a0<strong>Taurina\u00a0<\/strong>em sua composi\u00e7\u00e3o para uma longevidade ativa. A\u00a0<strong>Ra\u00e7\u00e3o Golden para Gatos Adultos sabor Frango<\/strong>\u00a0\u00e9 enriquecida de\u00a0<strong>Vitamina A, C, E, B12, K3 e D3<\/strong>\u00a0que facilitam a absor\u00e7\u00e3o e equilibram a demanda nutricional do seu gato, proporcionando mais vigor para as atividades do dia a dia.<\/p>\n<h3><strong>Ingredientes<\/strong><\/h3>\n<p>Farinha de vi\u00b4sceras de frango, protei\u00b4na isolada de sui\u00b4no, farelo de glu\u00b4ten de milho 60*, milho integral moi\u00b4do*, quirera de arroz, polpa de beterraba, gordura de frango, o\u00b4leo de peixe, aditivo acidificante, antioxidantes BHA e BHT, cloreto de pota\u00b4ssio, cloreto de so\u00b4dio, DL-metionina, hidrolisado de frango, levedura seca de cervejaria, L-lisina, parede celular de levedura, taurina, vitamina A, vitamina B12, vitamina C, vitamina D3, vitamina E, vitamina K3, a\u00b4cido fo\u00b4lico, a\u00b4cido pantote^nico, biotina, cloreto de colina, niacina, piridoxina, riboflavina, tiamina, cobre aminoa\u00b4cido quelato, ferro aminoa\u00b4cido quelato, iodeto de pota\u00b4ssio, mangane^s aminoa\u00b4cido quelato, proteinato de sele^nio, sulfato de cobre, sulfato de ferro, sulfato de mangane^s, sulfato de zinco, zinco aminoa\u00b4cido quelato.<\/p>","protected":false},"excerpt":{"rendered":"<p>Descri\u00e7\u00e3o do Produto A\u00a0Ra\u00e7\u00e3o Golden para Gatos Adultos sabor Frango\u00a0\u00e9 um alimento completo especialmente formulado para atender as particularidades nutricionais dos felinos adultos, desenvolvido com todas as vitaminas, nutrientes e subst\u00e2ncias que o seu gato precisa para viver de forma mais saud\u00e1vel. Com\u00a031% de prote\u00edna, \u00e9 indicado para gatos adultos em manuten\u00e7\u00e3o e oferece um [&hellip;]<\/p>\n","protected":false},"featured_media":1410784645,"comment_status":"open","ping_status":"closed","template":"","meta":{"googlesitekit_rrm_CAow0N7NCw:productID":"","content-type":"","pmpro_default_level":"","_themeisle_gutenberg_block_has_review":false},"product_brand":[329],"product_cat":[256],"product_tag":[],"class_list":{"0":"post-1410784646","1":"product","2":"type-product","3":"status-publish","4":"has-post-thumbnail","6":"product_brand-golden","7":"product_cat-racoes","8":"pmpro-has-access","10":"first","11":"instock","12":"taxable","13":"shipping-taxable","14":"purchasable","15":"product-type-simple"},"_links":{"self":[{"href":"https:\/\/dinhosreef.com\/en\/wp-json\/wp\/v2\/product\/1410784646","targetHints":{"allow":["GET"]}}],"collection":[{"href":"https:\/\/dinhosreef.com\/en\/wp-json\/wp\/v2\/product"}],"about":[{"href":"https:\/\/dinhosreef.com\/en\/wp-json\/wp\/v2\/types\/product"}],"replies":[{"embeddable":true,"href":"https:\/\/dinhosreef.com\/en\/wp-json\/wp\/v2\/comments?post=1410784646"}],"wp:featuredmedia":[{"embeddable":true,"href":"https:\/\/dinhosreef.com\/en\/wp-json\/wp\/v2\/media\/1410784645"}],"wp:attachment":[{"href":"https:\/\/dinhosreef.com\/en\/wp-json\/wp\/v2\/media?parent=1410784646"}],"wp:term":[{"taxonomy":"product_brand","embeddable":true,"href":"https:\/\/dinhosreef.com\/en\/wp-json\/wp\/v2\/product_brand?post=1410784646"},{"taxonomy":"product_cat","embeddable":true,"href":"https:\/\/dinhosreef.com\/en\/wp-json\/wp\/v2\/product_cat?post=1410784646"},{"taxonomy":"product_tag","embeddable":true,"href":"https:\/\/dinhosreef.com\/en\/wp-json\/wp\/v2\/product_tag?post=1410784646"}],"curies":[{"name":"wp","href":"https:\/\/api.w.org\/{rel}","templated":true}]}}