{"id":1410784648,"date":"2025-07-22T17:53:26","date_gmt":"2025-07-22T20:53:26","guid":{"rendered":"https:\/\/dinhosreef.com\/produto\/golden-gatos-adultos-frango-10-kg\/"},"modified":"2026-02-13T18:06:12","modified_gmt":"2026-02-13T21:06:12","slug":"golden-gatos-adultos-frango-10-kg","status":"publish","type":"product","link":"https:\/\/dinhosreef.com\/en\/product\/golden-gatos-adultos-frango-10-kg\/","title":{"rendered":"GOLDEN GATOS ADULTOS FRANGO 1,0 KG"},"content":{"rendered":"<p><span class=\"product__summary__info--title font-body color-neutral-dark\" data-v-2fffd98c=\"\">Resumo<\/span><\/p>\n<div class=\"product__summary__info--text font-body-s\" data-v-2fffd98c=\"\">\n<p class=\"mt-3 mb-6\" data-v-2fffd98c=\"\">&#8211; Sabor inigual\u00e1vel: promove m\u00e1xima satisfa\u00e7\u00e3o para paladares exigentes;<br \/>\n&#8211; Trato urin\u00e1rio saud\u00e1vel: minerais balanceados e controle do pH urin\u00e1rio;<br \/>\n&#8211; Intestino saud\u00e1vel: combina\u00e7\u00e3o de ingredientes de alta digestibilidade e prebi\u00f3ticos;<br \/>\n&#8211; Redu\u00e7\u00e3o do odor das fezes: sele\u00e7\u00e3o de ingredientes especiais que auxiliam na redu\u00e7\u00e3o do odor das fezes.<\/p>\n<\/div>","protected":false},"excerpt":{"rendered":"<p>Resumo &#8211; Sabor inigual\u00e1vel: promove m\u00e1xima satisfa\u00e7\u00e3o para paladares exigentes; &#8211; Trato urin\u00e1rio saud\u00e1vel: minerais balanceados e controle do pH urin\u00e1rio; &#8211; Intestino saud\u00e1vel: combina\u00e7\u00e3o de ingredientes de alta digestibilidade e prebi\u00f3ticos; &#8211; Redu\u00e7\u00e3o do odor das fezes: sele\u00e7\u00e3o de ingredientes especiais que auxiliam na redu\u00e7\u00e3o do odor das fezes.<\/p>","protected":false},"featured_media":1410784647,"comment_status":"open","ping_status":"closed","template":"","meta":{"googlesitekit_rrm_CAow0N7NCw:productID":"","content-type":"","pmpro_default_level":"","_themeisle_gutenberg_block_has_review":false},"product_brand":[329],"product_cat":[256],"product_tag":[],"class_list":{"0":"post-1410784648","1":"product","2":"type-product","3":"status-publish","4":"has-post-thumbnail","6":"product_brand-golden","7":"product_cat-racoes","8":"pmpro-has-access","10":"first","11":"outofstock","12":"taxable","13":"shipping-taxable","14":"purchasable","15":"product-type-simple"},"_links":{"self":[{"href":"https:\/\/dinhosreef.com\/en\/wp-json\/wp\/v2\/product\/1410784648","targetHints":{"allow":["GET"]}}],"collection":[{"href":"https:\/\/dinhosreef.com\/en\/wp-json\/wp\/v2\/product"}],"about":[{"href":"https:\/\/dinhosreef.com\/en\/wp-json\/wp\/v2\/types\/product"}],"replies":[{"embeddable":true,"href":"https:\/\/dinhosreef.com\/en\/wp-json\/wp\/v2\/comments?post=1410784648"}],"wp:featuredmedia":[{"embeddable":true,"href":"https:\/\/dinhosreef.com\/en\/wp-json\/wp\/v2\/media\/1410784647"}],"wp:attachment":[{"href":"https:\/\/dinhosreef.com\/en\/wp-json\/wp\/v2\/media?parent=1410784648"}],"wp:term":[{"taxonomy":"product_brand","embeddable":true,"href":"https:\/\/dinhosreef.com\/en\/wp-json\/wp\/v2\/product_brand?post=1410784648"},{"taxonomy":"product_cat","embeddable":true,"href":"https:\/\/dinhosreef.com\/en\/wp-json\/wp\/v2\/product_cat?post=1410784648"},{"taxonomy":"product_tag","embeddable":true,"href":"https:\/\/dinhosreef.com\/en\/wp-json\/wp\/v2\/product_tag?post=1410784648"}],"curies":[{"name":"wp","href":"https:\/\/api.w.org\/{rel}","templated":true}]}}