{"id":1410784662,"date":"2025-07-22T17:53:41","date_gmt":"2025-07-22T20:53:41","guid":{"rendered":"https:\/\/dinhosreef.com\/produto\/premier-ambientes-internos-adultos-10-kg\/"},"modified":"2026-03-30T11:47:36","modified_gmt":"2026-03-30T14:47:36","slug":"premier-ambientes-internos-adultos-10-kg","status":"publish","type":"product","link":"https:\/\/dinhosreef.com\/en\/product\/premier-ambientes-internos-adultos-10-kg\/","title":{"rendered":"PREMIER AMBIENTES  INTERNOS ADULTOS 1,0 KG"},"content":{"rendered":"<h3 class=\"product-property-title\">Descri\u00e7\u00e3o do item<\/h3>\n<div id=\"collapse-description\" class=\"desc-collapse showup\">\n<p>&#8211; Ideal para c\u00e3es que vivem dentro de casa ou apartamento, pois reduz volume e odor das fezes;<\/p>\n<p>&#8211; Sa\u00fade e vitalidade: Rico em vitaminas e minerais;<\/p>\n<p>&#8211; Fibras especiais, prebi\u00f3ticos e extrato de yucca;<\/p>\n<p>&#8211; Gr\u00e3o especial ideal para ra\u00e7as pequenas;<\/p>\n<p>&#8211; Pelagem bonita e saud\u00e1vel;<\/p>\n<p>&#8211; Sabor excepcional.<\/p>\n<\/p><\/div>","protected":false},"excerpt":{"rendered":"<p>Descri\u00e7\u00e3o do item &#8211; Ideal para c\u00e3es que vivem dentro de casa ou apartamento, pois reduz volume e odor das fezes; &#8211; Sa\u00fade e vitalidade: Rico em vitaminas e minerais; &#8211; Fibras especiais, prebi\u00f3ticos e extrato de yucca; &#8211; Gr\u00e3o especial ideal para ra\u00e7as pequenas; &#8211; Pelagem bonita e saud\u00e1vel; &#8211; Sabor excepcional.<\/p>","protected":false},"featured_media":1410784661,"comment_status":"open","ping_status":"closed","template":"","meta":{"googlesitekit_rrm_CAow0N7NCw:productID":"","content-type":"","pmpro_default_level":"","_themeisle_gutenberg_block_has_review":false},"product_brand":[330],"product_cat":[259],"product_tag":[],"class_list":{"0":"post-1410784662","1":"product","2":"type-product","3":"status-publish","4":"has-post-thumbnail","6":"product_brand-premier","7":"product_cat-racoes-alimento-petisco-e-suplemento-caes","8":"pmpro-has-access","10":"first","11":"instock","12":"taxable","13":"shipping-taxable","14":"purchasable","15":"product-type-simple"},"_links":{"self":[{"href":"https:\/\/dinhosreef.com\/en\/wp-json\/wp\/v2\/product\/1410784662","targetHints":{"allow":["GET"]}}],"collection":[{"href":"https:\/\/dinhosreef.com\/en\/wp-json\/wp\/v2\/product"}],"about":[{"href":"https:\/\/dinhosreef.com\/en\/wp-json\/wp\/v2\/types\/product"}],"replies":[{"embeddable":true,"href":"https:\/\/dinhosreef.com\/en\/wp-json\/wp\/v2\/comments?post=1410784662"}],"wp:featuredmedia":[{"embeddable":true,"href":"https:\/\/dinhosreef.com\/en\/wp-json\/wp\/v2\/media\/1410784661"}],"wp:attachment":[{"href":"https:\/\/dinhosreef.com\/en\/wp-json\/wp\/v2\/media?parent=1410784662"}],"wp:term":[{"taxonomy":"product_brand","embeddable":true,"href":"https:\/\/dinhosreef.com\/en\/wp-json\/wp\/v2\/product_brand?post=1410784662"},{"taxonomy":"product_cat","embeddable":true,"href":"https:\/\/dinhosreef.com\/en\/wp-json\/wp\/v2\/product_cat?post=1410784662"},{"taxonomy":"product_tag","embeddable":true,"href":"https:\/\/dinhosreef.com\/en\/wp-json\/wp\/v2\/product_tag?post=1410784662"}],"curies":[{"name":"wp","href":"https:\/\/api.w.org\/{rel}","templated":true}]}}