{"id":1410784668,"date":"2025-07-22T17:53:53","date_gmt":"2025-07-22T20:53:53","guid":{"rendered":"https:\/\/dinhosreef.com\/produto\/premier-spitz-alemao-adultos-10-kg\/"},"modified":"2026-03-30T17:25:45","modified_gmt":"2026-03-30T20:25:45","slug":"premier-spitz-alemao-adultos-10-kg","status":"publish","type":"product","link":"https:\/\/dinhosreef.com\/en\/product\/premier-spitz-alemao-adultos-10-kg\/","title":{"rendered":"PREMIER SPITZ ALEMAO ADULTOS 1,0 KG"},"content":{"rendered":"<p>Desenvolvida com ingredientes nobres e alta tecnologia,\u00a0<strong>PremieR Ra\u00e7as Espec\u00edficas<\/strong>\u00a0oferece benef\u00edcios exclusivos que visam minimizar os principais problemas de sa\u00fade das ra\u00e7as e auxiliar para o pleno desenvolvimento de suas caracter\u00edsticas t\u00edpicas desej\u00e1veis.\u00a0<strong>Spitz Alem\u00e3o<\/strong>\u00a0foi formulada a partir deste conceito e oferece tudo o que esta ra\u00e7a precisa para manter sua sa\u00fade e beleza.<\/p>\n<p>\u00a0<\/p>\n<p><strong>\u2022<\/strong>\u00a0Indicada para c\u00e3es Spitz Alem\u00e3o adultos;<br \/><strong>\u2022<\/strong>\u00a0Nutri\u00e7\u00e3o espec\u00edfica;<br \/><strong>\u2022<\/strong>\u00a0Auxilia na sa\u00fade oral e intestinal;<br \/><strong>\u2022<\/strong>\u00a0Proporciona pelagem bonita e saud\u00e1vel;<br \/><strong>\u2022<\/strong> N\u00edveis \u00f3timos de prote\u00ednas, vitaminas e minerais.<\/p>","protected":false},"excerpt":{"rendered":"<p>Desenvolvida com ingredientes nobres e alta tecnologia,\u00a0PremieR Ra\u00e7as Espec\u00edficas\u00a0oferece benef\u00edcios exclusivos que visam minimizar os principais problemas de sa\u00fade das ra\u00e7as e auxiliar para o pleno desenvolvimento de suas caracter\u00edsticas t\u00edpicas desej\u00e1veis.\u00a0Spitz Alem\u00e3o\u00a0foi formulada a partir deste conceito e oferece tudo o que esta ra\u00e7a precisa para manter sua sa\u00fade e beleza. \u00a0 \u2022\u00a0Indicada para [&hellip;]<\/p>\n","protected":false},"featured_media":1410784667,"comment_status":"open","ping_status":"closed","template":"","meta":{"googlesitekit_rrm_CAow0N7NCw:productID":"","content-type":"","pmpro_default_level":"","_themeisle_gutenberg_block_has_review":false},"product_brand":[330],"product_cat":[256],"product_tag":[],"class_list":{"0":"post-1410784668","1":"product","2":"type-product","3":"status-publish","4":"has-post-thumbnail","6":"product_brand-premier","7":"product_cat-racoes","8":"pmpro-has-access","10":"first","11":"instock","12":"taxable","13":"shipping-taxable","14":"purchasable","15":"product-type-simple"},"_links":{"self":[{"href":"https:\/\/dinhosreef.com\/en\/wp-json\/wp\/v2\/product\/1410784668","targetHints":{"allow":["GET"]}}],"collection":[{"href":"https:\/\/dinhosreef.com\/en\/wp-json\/wp\/v2\/product"}],"about":[{"href":"https:\/\/dinhosreef.com\/en\/wp-json\/wp\/v2\/types\/product"}],"replies":[{"embeddable":true,"href":"https:\/\/dinhosreef.com\/en\/wp-json\/wp\/v2\/comments?post=1410784668"}],"wp:featuredmedia":[{"embeddable":true,"href":"https:\/\/dinhosreef.com\/en\/wp-json\/wp\/v2\/media\/1410784667"}],"wp:attachment":[{"href":"https:\/\/dinhosreef.com\/en\/wp-json\/wp\/v2\/media?parent=1410784668"}],"wp:term":[{"taxonomy":"product_brand","embeddable":true,"href":"https:\/\/dinhosreef.com\/en\/wp-json\/wp\/v2\/product_brand?post=1410784668"},{"taxonomy":"product_cat","embeddable":true,"href":"https:\/\/dinhosreef.com\/en\/wp-json\/wp\/v2\/product_cat?post=1410784668"},{"taxonomy":"product_tag","embeddable":true,"href":"https:\/\/dinhosreef.com\/en\/wp-json\/wp\/v2\/product_tag?post=1410784668"}],"curies":[{"name":"wp","href":"https:\/\/api.w.org\/{rel}","templated":true}]}}