{"id":1410784674,"date":"2025-07-24T18:17:27","date_gmt":"2025-07-24T21:17:27","guid":{"rendered":"https:\/\/dinhosreef.com\/produto\/msd-butox-p-25-flow-20ml\/"},"modified":"2026-04-09T22:51:58","modified_gmt":"2026-04-10T01:51:58","slug":"msd-butox-p-25-flow-20ml","status":"publish","type":"product","link":"https:\/\/dinhosreef.com\/en\/product\/msd-butox-p-25-flow-20ml\/","title":{"rendered":"MSD BUTOX P 25 FLOW 20ML"},"content":{"rendered":"<p>Butox MSD 20mL<br \/>&#8211; Carrapaticida Mosquicida e Sarnicida;<br \/>&#8211; Pode ser utilizado em bovinos e equinos;<br \/>&#8211; Trata e previne infesta\u00e7\u00e3o de pulgas e carrapatos;<br \/>&#8211; Uso recomendado em ambientes como repelente;<br \/>&#8211; Bovinos e equinos somente por pulveriza\u00e7\u00e3o;<br \/>&#8211; N\u00e3o utilizar em outros animais;<br \/>&#8211; Produto proibido para ingest\u00e3o.<br \/>Butox \u00e9 um carrapaticida mosquicida e sarnicida \u00e0 base de Deltametrina.<br \/>&#8211; Como carrapaticida para eliminar larvas ninfas machos f\u00eameas e impossibilitar a postura de ovos f\u00e9rteis do Boophilus microplus Amblyomma cajennense e Anocentor nitens.<br \/>&#8211; Como mosquicida e repelente sobre as moscas adultas vetoras da Dermatobia hominis (mosca-do-berne) Stomoxys calcitrans Musca domestica e Morellia pruma controlando preventivamente as infesta\u00e7\u00f5es por berne no bovino.<br \/>&#8211; Como Larvicida e repelente com a\u00e7\u00e3o preventiva contra as infesta\u00e7\u00f5es por larvas de 1\u00ba instar da Dermatobia hominis (mosca-do-berne).<br \/>&#8211; Como Sarnicida para eliminar larvas ninfas machos f\u00eameas e impossibilitar a postura de ovos f\u00e9rteis de Psoroptes communis ovis e Psoroptes communis bovis.<br \/>Modo de usar<br \/>Uso externo em banhos de pulveriza\u00e7\u00e3o aspers\u00e3o e imers\u00e3o (ovinos).<br \/>Carrapatos dos bovinos: 10 mL do produto para 10 litros de \u00e1gua.<br \/>Carrapato do corpo do cavalo: 10 mL do produto para 5 litros de \u00e1gua em intervalos de 7 dias.<br \/>Instru\u00e7\u00f5es para uso<br \/>A dilui\u00e7\u00e3o deve ser preparada pr\u00f3ximo ou no momento do uso sob agita\u00e7\u00e3o constante at\u00e9 obter uma suspens\u00e3o homog\u00eanea.<br \/>Prepara\u00e7\u00e3o da Suspens\u00e3o<br \/>Medir a quantidade recomendada de Butox P CE 25 e fazer uma pr\u00e9-mistura em um balde com 2 a 4 litros de \u00e1gua. Agitar at\u00e9 formar uma mistura homog\u00eanea.<br \/>Colocar esta emuls\u00e3o no pulverizador e agitando sempre completar o volume com o restante da \u00e1gua necess\u00e1ria para a pulveriza\u00e7\u00e3o dos bovinos a serem tratados.<br \/>M\u00e9todo de Aplica\u00e7\u00e3o<br \/>Qualquer tipo de pulverizador manual ou mec\u00e2nico poder\u00e1 ser utilizado tomando cuidado para que o jato tenha press\u00e3o adequada para penetrar por baixo dos pelos onde est\u00e3o agarrados os carrapatos.<br \/>Para pulverizar um bovino adulto e um equino adulto o consumo de l\u00edquido n\u00e3o deve ser inferior a 5 litros.<br \/>Molhar toda a pelagem n\u00e3o se esquecendo das partes mais comumente infectadas que s\u00e3o: entrepernas patas t\u00e1bua do pesco\u00e7o cabe\u00e7a pavilh\u00e3o auricular interno regi\u00e3o do per\u00edneo e base da cauda.<\/p>\n<p>Garantia do vendedor: 7 dias<\/p>","protected":false},"excerpt":{"rendered":"<p>Butox MSD 20mL&#8211; Carrapaticida Mosquicida e Sarnicida;&#8211; Pode ser utilizado em bovinos e equinos;&#8211; Trata e previne infesta\u00e7\u00e3o de pulgas e carrapatos;&#8211; Uso recomendado em ambientes como repelente;&#8211; Bovinos e equinos somente por pulveriza\u00e7\u00e3o;&#8211; N\u00e3o utilizar em outros animais;&#8211; Produto proibido para ingest\u00e3o.Butox \u00e9 um carrapaticida mosquicida e sarnicida \u00e0 base de Deltametrina.&#8211; Como carrapaticida [&hellip;]<\/p>\n","protected":false},"featured_media":1410784673,"comment_status":"open","ping_status":"closed","template":"","meta":{"googlesitekit_rrm_CAow0N7NCw:productID":"","content-type":"","pmpro_default_level":"","_themeisle_gutenberg_block_has_review":false},"product_brand":[],"product_cat":[268],"product_tag":[],"class_list":{"0":"post-1410784674","1":"product","2":"type-product","3":"status-publish","4":"has-post-thumbnail","6":"product_cat-tratamentos-anti-pulgas","7":"pmpro-has-access","9":"first","10":"instock","11":"taxable","12":"shipping-taxable","13":"purchasable","14":"product-type-simple"},"_links":{"self":[{"href":"https:\/\/dinhosreef.com\/en\/wp-json\/wp\/v2\/product\/1410784674","targetHints":{"allow":["GET"]}}],"collection":[{"href":"https:\/\/dinhosreef.com\/en\/wp-json\/wp\/v2\/product"}],"about":[{"href":"https:\/\/dinhosreef.com\/en\/wp-json\/wp\/v2\/types\/product"}],"replies":[{"embeddable":true,"href":"https:\/\/dinhosreef.com\/en\/wp-json\/wp\/v2\/comments?post=1410784674"}],"wp:featuredmedia":[{"embeddable":true,"href":"https:\/\/dinhosreef.com\/en\/wp-json\/wp\/v2\/media\/1410784673"}],"wp:attachment":[{"href":"https:\/\/dinhosreef.com\/en\/wp-json\/wp\/v2\/media?parent=1410784674"}],"wp:term":[{"taxonomy":"product_brand","embeddable":true,"href":"https:\/\/dinhosreef.com\/en\/wp-json\/wp\/v2\/product_brand?post=1410784674"},{"taxonomy":"product_cat","embeddable":true,"href":"https:\/\/dinhosreef.com\/en\/wp-json\/wp\/v2\/product_cat?post=1410784674"},{"taxonomy":"product_tag","embeddable":true,"href":"https:\/\/dinhosreef.com\/en\/wp-json\/wp\/v2\/product_tag?post=1410784674"}],"curies":[{"name":"wp","href":"https:\/\/api.w.org\/{rel}","templated":true}]}}