{"id":1410784676,"date":"2025-07-25T10:47:35","date_gmt":"2025-07-25T13:47:35","guid":{"rendered":"https:\/\/dinhosreef.com\/produto\/tapete-higienico-stop-pads-60x55-c-6un\/"},"modified":"2026-04-17T15:55:14","modified_gmt":"2026-04-17T18:55:14","slug":"tapete-higienico-stop-pads-60x55-c-6un","status":"publish","type":"product","link":"https:\/\/dinhosreef.com\/en\/product\/tapete-higienico-stop-pads-60x55-c-6un\/","title":{"rendered":"TAPETE HIGIENICO STOP PADS 60X55 C\/6UN"},"content":{"rendered":"<h2 class=\"sc-dcJsrY iVJGKX\" data-testid=\"product-detail-label\">Informa\u00e7\u00f5es do Produto<\/h2>\n<p><span class=\"sc-dcJsrY jZKEso\" data-testid=\"product-detail-title\">TAPETE HIGI\u00caNICO PARA C\u00c3ES E GATOS STOP PADS 60cm x 55cm- 6 UN<\/span><\/p>\n<div class=\"sc-iGgWBj jEOEJZ sc-cyJUJa jcMbIy\" data-testid=\"product-detail-description\">\n<div class=\"sc-iGgWBj eWtIHQ sc-eHKzgQ hoibsp\" data-testid=\"rich-content-container\">Tapete higi\u00eanico Stop Pads indicado para uso em apartamentos e resid\u00eancias, c\u00e3es adultos e filhotes de pequeno porte. Cont\u00eam atrativo canino org\u00e2nico, barreira anti vazamentos e fita adesiva. Pode ser usado tanto para c\u00e3es f\u00eameas quanto machos, entretanto para c\u00e3es f\u00eameas e filhotes recomenda-se o uso do tapete aberto fixando os adesivos no ch\u00e3o. No caso do macho, fixe os adesivos na parede e no ch\u00e3o diretamente, assim o ambiente ficar\u00e1 protegido contra odores e vazamentos. Durante os primeiros dias de uso delimite a \u00e1rea de circula\u00e7\u00e3o de seu cachorro para que ele tenha acesso mais frequente ao tapete, leve seu cachorro varias vezes ao dia para perto do tapete ou coloque-o sobre a superf\u00edcie para que sinta o cheiro do atrativo. Caso seu pet urine em outro local, leve-o imediatamente para o tapete, aproveite e sempre que ele fizer suas necessidades no tapete ofere\u00e7a um petisco ou com carinho como sinal de recompensa. Apresenta\u00e7\u00e3o: Embalagens contendo 6 unidades. Dimens\u00f5es: De 60 cm x 55 cm cada. Especifica\u00e7\u00f5es: Indicado: C\u00e3o Porte: Mini e pequeno Idade: Filhote, adulto e s\u00eanior<\/div>\n<\/p><\/div>","protected":false},"excerpt":{"rendered":"<p>Informa\u00e7\u00f5es do Produto TAPETE HIGI\u00caNICO PARA C\u00c3ES E GATOS STOP PADS 60cm x 55cm- 6 UN Tapete higi\u00eanico Stop Pads indicado para uso em apartamentos e resid\u00eancias, c\u00e3es adultos e filhotes de pequeno porte. Cont\u00eam atrativo canino org\u00e2nico, barreira anti vazamentos e fita adesiva. Pode ser usado tanto para c\u00e3es f\u00eameas quanto machos, entretanto para [&hellip;]<\/p>\n","protected":false},"featured_media":1410784675,"comment_status":"open","ping_status":"closed","template":"","meta":{"googlesitekit_rrm_CAow0N7NCw:productID":"","content-type":"","pmpro_default_level":"","_themeisle_gutenberg_block_has_review":false},"product_brand":[],"product_cat":[164],"product_tag":[],"class_list":{"0":"post-1410784676","1":"product","2":"type-product","3":"status-publish","4":"has-post-thumbnail","6":"product_cat-pet-shop","7":"pmpro-has-access","9":"first","10":"instock","11":"taxable","12":"shipping-taxable","13":"purchasable","14":"product-type-simple"},"_links":{"self":[{"href":"https:\/\/dinhosreef.com\/en\/wp-json\/wp\/v2\/product\/1410784676","targetHints":{"allow":["GET"]}}],"collection":[{"href":"https:\/\/dinhosreef.com\/en\/wp-json\/wp\/v2\/product"}],"about":[{"href":"https:\/\/dinhosreef.com\/en\/wp-json\/wp\/v2\/types\/product"}],"replies":[{"embeddable":true,"href":"https:\/\/dinhosreef.com\/en\/wp-json\/wp\/v2\/comments?post=1410784676"}],"wp:featuredmedia":[{"embeddable":true,"href":"https:\/\/dinhosreef.com\/en\/wp-json\/wp\/v2\/media\/1410784675"}],"wp:attachment":[{"href":"https:\/\/dinhosreef.com\/en\/wp-json\/wp\/v2\/media?parent=1410784676"}],"wp:term":[{"taxonomy":"product_brand","embeddable":true,"href":"https:\/\/dinhosreef.com\/en\/wp-json\/wp\/v2\/product_brand?post=1410784676"},{"taxonomy":"product_cat","embeddable":true,"href":"https:\/\/dinhosreef.com\/en\/wp-json\/wp\/v2\/product_cat?post=1410784676"},{"taxonomy":"product_tag","embeddable":true,"href":"https:\/\/dinhosreef.com\/en\/wp-json\/wp\/v2\/product_tag?post=1410784676"}],"curies":[{"name":"wp","href":"https:\/\/api.w.org\/{rel}","templated":true}]}}