{"id":1410784678,"date":"2025-07-25T10:47:37","date_gmt":"2025-07-25T13:47:37","guid":{"rendered":"https:\/\/dinhosreef.com\/produto\/tapete-higienico-stop-pads-60x55-c-30un\/"},"modified":"2026-04-17T15:55:12","modified_gmt":"2026-04-17T18:55:12","slug":"tapete-higienico-stop-pads-60x55-c-30un","status":"publish","type":"product","link":"https:\/\/dinhosreef.com\/en\/product\/tapete-higienico-stop-pads-60x55-c-30un\/","title":{"rendered":"TAPETE HIGIENICO STOP PADS 60X55 C\/30UN"},"content":{"rendered":"<h2 class=\"WjNdTR\">Descri\u00e7\u00e3o do produto<\/h2>\n<div class=\"Gf4Ro0\">\n<div class=\"e8lZp3\">\n<p class=\"QN2lPu\">TAPETE HIGI\u00caNICO STOP PADS SUPER SLIM 60X55 30 UNIDADES Tapete Higi\u00eanico Stop Pads Super Slim, \u00e9 \u00d3timo para quem n\u00e3o tem muito espa\u00e7o para ficar armazenando aqueles pacotes enormes de tapete higi\u00eanico, n\u00e3o se preocupe n\u00e3o \u00e9 porque que o pacote \u00e9 pequeno, que ele n\u00e3o absorve mais que os outros comuns, Pelo ao contr\u00e1rio, o tapete Super Slim, ele tem 6 camadas de prote\u00e7\u00e3o, \u00fanico tapete com barreiras de prote\u00e7\u00e3o anti- vazamento pelas laterais, com Fibras de Celulose 100% Naturais, Ele \u00e9 super fino com uma alta absor\u00e7\u00e3o, ele cont\u00e9m um super gel mais eficaz com a maior reten\u00e7\u00e3o dos l\u00edquidos. MEDIDAS : 60X55 CN CONT\u00c9M 30 UNIDADES TAPETE SUPER SLIM ABSOR\u00c7\u00c3O PREMIUM.<\/p>\n<\/p><\/div>\n<\/p><\/div>","protected":false},"excerpt":{"rendered":"<p>Descri\u00e7\u00e3o do produto TAPETE HIGI\u00caNICO STOP PADS SUPER SLIM 60X55 30 UNIDADES Tapete Higi\u00eanico Stop Pads Super Slim, \u00e9 \u00d3timo para quem n\u00e3o tem muito espa\u00e7o para ficar armazenando aqueles pacotes enormes de tapete higi\u00eanico, n\u00e3o se preocupe n\u00e3o \u00e9 porque que o pacote \u00e9 pequeno, que ele n\u00e3o absorve mais que os outros comuns, [&hellip;]<\/p>\n","protected":false},"featured_media":1410784677,"comment_status":"open","ping_status":"closed","template":"","meta":{"googlesitekit_rrm_CAow0N7NCw:productID":"","content-type":"","pmpro_default_level":"","_themeisle_gutenberg_block_has_review":false},"product_brand":[],"product_cat":[164],"product_tag":[],"class_list":{"0":"post-1410784678","1":"product","2":"type-product","3":"status-publish","4":"has-post-thumbnail","6":"product_cat-pet-shop","7":"pmpro-has-access","9":"first","10":"instock","11":"taxable","12":"shipping-taxable","13":"purchasable","14":"product-type-simple"},"_links":{"self":[{"href":"https:\/\/dinhosreef.com\/en\/wp-json\/wp\/v2\/product\/1410784678","targetHints":{"allow":["GET"]}}],"collection":[{"href":"https:\/\/dinhosreef.com\/en\/wp-json\/wp\/v2\/product"}],"about":[{"href":"https:\/\/dinhosreef.com\/en\/wp-json\/wp\/v2\/types\/product"}],"replies":[{"embeddable":true,"href":"https:\/\/dinhosreef.com\/en\/wp-json\/wp\/v2\/comments?post=1410784678"}],"wp:featuredmedia":[{"embeddable":true,"href":"https:\/\/dinhosreef.com\/en\/wp-json\/wp\/v2\/media\/1410784677"}],"wp:attachment":[{"href":"https:\/\/dinhosreef.com\/en\/wp-json\/wp\/v2\/media?parent=1410784678"}],"wp:term":[{"taxonomy":"product_brand","embeddable":true,"href":"https:\/\/dinhosreef.com\/en\/wp-json\/wp\/v2\/product_brand?post=1410784678"},{"taxonomy":"product_cat","embeddable":true,"href":"https:\/\/dinhosreef.com\/en\/wp-json\/wp\/v2\/product_cat?post=1410784678"},{"taxonomy":"product_tag","embeddable":true,"href":"https:\/\/dinhosreef.com\/en\/wp-json\/wp\/v2\/product_tag?post=1410784678"}],"curies":[{"name":"wp","href":"https:\/\/api.w.org\/{rel}","templated":true}]}}