{"id":1410784688,"date":"2025-07-25T21:28:50","date_gmt":"2025-07-26T00:28:50","guid":{"rendered":"https:\/\/dinhosreef.com\/produto\/comida-para-peixes-poytara-tropicais-dia-a-dia-formato-extrusado\/"},"modified":"2025-12-01T15:59:44","modified_gmt":"2025-12-01T18:59:44","slug":"comida-para-peixes-poytara-tropicais-dia-a-dia-formato-extrusado","status":"publish","type":"product","link":"https:\/\/dinhosreef.com\/en\/product\/comida-para-peixes-poytara-tropicais-dia-a-dia-formato-extrusado\/","title":{"rendered":"Comida Para Peixes Poytara Tropicais Dia A Dia Formato Extrusado"},"content":{"rendered":"<p>Principais Caracter\u00edsticas:<br \/>\nI &#8211; Suplementada com imunoestimulantes;<br \/>\nII &#8211; Cont\u00e9m artr\u00f3podes;<br \/>\nIII &#8211; Alimenta\u00e7\u00e3o pac\u00edfica entre os peixes do aqu\u00e1rio;<br \/>\nIV &#8211; Formato em crisps;<br \/>\nV &#8211; Gr\u00e2nulos disformes;<br \/>\nVI &#8211; Fontes de carotenoides;<br \/>\nVII &#8211; Intensifica a colora\u00e7\u00e3o;<br \/>\nVIII &#8211; Com astaxantina e betacaroteno.<\/p>\n<p>Descri\u00e7\u00e3o:<br \/>\nPoytara Tropicais Dia a Dia \u00e9 um alimento extrusado completo, desenvolvido e aprimorado para os habitantes de aqu\u00e1rios comunit\u00e1rios, com base em estudos das m\u00e9dias das exig\u00eancias nutricionais das mais diversas esp\u00e9cies.<\/p>\n<p>Composto por pequenas part\u00edculas disformes semiflutuantes que afundam lentamente e possibilitam que os peixes de todos os n\u00edveis da coluna de \u00e1gua se alimentem pacificamente.<br \/>\nA Poytara considerou a exig\u00eancia das esp\u00e9cies de peixes tropicais, sua dieta na natureza e os ingredientes mais assimil\u00e1veis pelas diferentes esp\u00e9cies, e desenvolveu uma formula\u00e7\u00e3o contendo artr\u00f3podes, ingredientes purificados e ingredientes incontest\u00e1veis quanto aos seus resultados. Como farinha de peixe, farinha de salm\u00e3o, farinha de lula, farinha de art\u00eamia, betacaroteno, p\u00e1prica, extrato de yucca e astaxantina.<br \/>\nCom ingredientes naturais e altamente selecionados tornam este alimento completo para uma nutri\u00e7\u00e3o de qualidade, al\u00e9m de suplementa\u00e7\u00e3o de aditivos nutricionais que melhoraram a imunidade e proporcionam o realce das cores.<\/p>\n<p>Modo de usar: sugerimos que ofere\u00e7a Poytara Tropicais Dia a Dia duas ou tr\u00eas vezes ao dia, em quantidade suficiente para o completo consumo em poucos minutos, ou at\u00e9 que cesse a voracidade dos peixes. Peixes ornamentais habitantes de aqu\u00e1rios comunit\u00e1rios podem apresentar h\u00e1bitos alimentares bastante distintos e a frequ\u00eancia alimentar recomendada \u00e9 a satisfat\u00f3ria para a maioria das esp\u00e9cies.<\/p>\n<p>Peixes indicados: Acar\u00e1 bandeira, Acar\u00e1 disco, Barbo sumatra, Beijador, Betta, Colisa, Cruzeiro do sul, Espada, Guppy, Kinguio, Labeo bicolor, Mato grosso, Molin\u00e9sia, Neon, Paulistinha, Platy, Ramireze, Tricogaster leeri, Zebra cicl\u00eddeo africano<\/p>\n<p>Atributos do Produto:<br \/>\nMarca: Poytara<br \/>\nModelo: Tropicais Dia a Dia 420g<br \/>\nTipo de Pet: Peixes<br \/>\nTipo de \u00c1gua: Doce<br \/>\nFormato Alimento: Gr\u00e3os<br \/>\nPeso L\u00edq. Produto (Kg): 0,42<br \/>\nComposi\u00e7\u00e3o|Formula\u00e7\u00e3o: Farinha de Peixe, Farinha de Salm\u00e3o, Farinha de Lula, Farinha de Art\u00eamia, Protenose, Farinha de Arroz, Farinha de Trigo, \u00f3leo de Peixe, Astaxantina, Betacaroteno, DI-Metionina, L-Treonina, L-Triptofano, Extrato de Levedura, Sal, Extrato de Yucca, P\u00e1prica, Premix Vitam\u00ednico e Mineral, Aditivos Conservantes, Antioxidante, Adsorvente de Micotoxinas, Probi\u00f3tico, Prebi\u00f3tico e Multienzim\u00e1tico.<br \/>\nEventuais substitutivos: Gl\u00faten de Trigo, Milho, Amido de Milho, Farelo de Soja, L-Lisina, Fosfato Monoc\u00e1lcico e \u00f3leo de Soja.<\/p>\n<p>Vitamina A UI\/Kg (M\u00edn.) 17500, Vitamina D3 UI\/Kg (M\u00edn.) 4375, Vitamina E UI\/Kg (M\u00edn.) 218,75, Vitamina K3 mg\/Kg (M\u00edn.) 21,875, Vitamina B1 mg\/Kg (M\u00edn.) 32,813, Vitamina B2 mg\/Kg (M\u00edn.) 32,813, Vitamina B6 mg\/Kg (M\u00edn.) 21,875, Vitamina B12 \u00b5g\/Kg (M\u00edn.) 43,75, Vitamina C mg\/Kg (M\u00edn.) 500, Niacina mg\/Kg (M\u00edn.) 175, \u00c1cido Pantot\u00eanico mg\/Kg (M\u00edn.) 87,5, \u00c1cido F\u00f3lico mg\/Kg (M\u00edn.) 10,938, Biotina mg\/Kg (M\u00edn.) 1,094, Colina mg\/Kg (M\u00edn.) 875, Cobre mg\/Kg (M\u00edn.) 10,938, Ferro mg\/Kg (M\u00edn.) 109,375, Mangan\u00eas mg\/Kg (M\u00edn.) 32,813, Cobalto mg\/Kg (M\u00edn.) 0,219, Iodo mg\/Kg (M\u00edn.) 1,094, Zinco mg\/Kg (M\u00edn.) 109,375<\/p>","protected":false},"excerpt":{"rendered":"<p>Principais Caracter\u00edsticas: I &#8211; Suplementada com imunoestimulantes; II &#8211; Cont\u00e9m artr\u00f3podes; III &#8211; Alimenta\u00e7\u00e3o pac\u00edfica entre os peixes do aqu\u00e1rio; IV &#8211; Formato em crisps; V &#8211; Gr\u00e2nulos disformes; VI &#8211; Fontes de carotenoides; VII &#8211; Intensifica a colora\u00e7\u00e3o; VIII &#8211; Com astaxantina e betacaroteno. Descri\u00e7\u00e3o: Poytara Tropicais Dia a Dia \u00e9 um alimento extrusado [&hellip;]<\/p>\n","protected":false},"featured_media":1410784685,"comment_status":"open","ping_status":"closed","template":"","meta":{"googlesitekit_rrm_CAow0N7NCw:productID":"","content-type":"","pmpro_default_level":"","_themeisle_gutenberg_block_has_review":false},"product_brand":[380],"product_cat":[57],"product_tag":[],"class_list":{"0":"post-1410784688","1":"product","2":"type-product","3":"status-publish","4":"has-post-thumbnail","6":"product_brand-poytara","7":"product_cat-alimentos","8":"aux-has-gallery","9":"pmpro-has-access","11":"first","12":"instock","13":"taxable","14":"shipping-taxable","15":"purchasable","16":"product-type-simple"},"_links":{"self":[{"href":"https:\/\/dinhosreef.com\/en\/wp-json\/wp\/v2\/product\/1410784688","targetHints":{"allow":["GET"]}}],"collection":[{"href":"https:\/\/dinhosreef.com\/en\/wp-json\/wp\/v2\/product"}],"about":[{"href":"https:\/\/dinhosreef.com\/en\/wp-json\/wp\/v2\/types\/product"}],"replies":[{"embeddable":true,"href":"https:\/\/dinhosreef.com\/en\/wp-json\/wp\/v2\/comments?post=1410784688"}],"wp:featuredmedia":[{"embeddable":true,"href":"https:\/\/dinhosreef.com\/en\/wp-json\/wp\/v2\/media\/1410784685"}],"wp:attachment":[{"href":"https:\/\/dinhosreef.com\/en\/wp-json\/wp\/v2\/media?parent=1410784688"}],"wp:term":[{"taxonomy":"product_brand","embeddable":true,"href":"https:\/\/dinhosreef.com\/en\/wp-json\/wp\/v2\/product_brand?post=1410784688"},{"taxonomy":"product_cat","embeddable":true,"href":"https:\/\/dinhosreef.com\/en\/wp-json\/wp\/v2\/product_cat?post=1410784688"},{"taxonomy":"product_tag","embeddable":true,"href":"https:\/\/dinhosreef.com\/en\/wp-json\/wp\/v2\/product_tag?post=1410784688"}],"curies":[{"name":"wp","href":"https:\/\/api.w.org\/{rel}","templated":true}]}}