{"id":1410784696,"date":"2025-07-25T21:29:07","date_gmt":"2025-07-26T00:29:07","guid":{"rendered":"https:\/\/dinhosreef.com\/produto\/racao-poytara-marinhos-black-line-pellets-p-1mm-45g\/"},"modified":"2026-04-09T17:24:14","modified_gmt":"2026-04-09T20:24:14","slug":"racao-poytara-marinhos-black-line-pellets-p-1mm-45g","status":"publish","type":"product","link":"https:\/\/dinhosreef.com\/en\/product\/racao-poytara-marinhos-black-line-pellets-p-1mm-45g\/","title":{"rendered":"Ra\u00e7\u00e3o Poytara Marinhos Black Line Pellets P 1mm 45g"},"content":{"rendered":"<h1 id=\"titulo_novo_produto\" style=\"font-size: var(--font-size-big); margin: 0px; font-family: var(--font-family-primary); color: #e4e6eb; padding: 0px; letter-spacing: var(--letter-spacing); background-color: #242526;\" data-i18n=\"Produto:productStepByStep.form.titleNewProduct\">Ra\u00e7\u00e3o Poytara Marinhos Black Line Pellets P 1mm 45g<\/h1>\n<hr \/>\n<p>Principais Caracter\u00edsticas:<\/p>\n<p>I &#8211; Composta por gr\u00e3os bicoloridos, um rico em prote\u00edna de origem animal e outro com alta suplementa\u00e7\u00e3o de spirulina e algas marinhas;<\/p>\n<p>II &#8211; Proporciona efeitos ben\u00e9ficos sobre o sistema imune, crescimento e regenera\u00e7\u00e3o celular;<\/p>\n<p>III &#8211; Auxilia na promo\u00e7\u00e3o de uma excelente colora\u00e7\u00e3o natural e sa\u00fade dos peixes;<\/p>\n<p>IV &#8211; Livre de transg\u00eanicos e sem corantes artificiais;<\/p>\n<p>V &#8211; Possui 1,0 mm de di\u00e2metro;<\/p>\n<p>VI &#8211; Possui nucleot\u00eddeos e amino\u00e1cidos;<\/p>\n<p>VII &#8211; Com alho, \u00f4mega 3 e spirulina;<\/p>\n<p>VIII &#8211; Livre de transg\u00eanicos e sem corantes artificiais.<\/p>\n<p>Descri\u00e7\u00e3o:<\/p>\n<p>A Poytara Marinhos Black Line \u00e9 um alimento completo super premium em gr\u00e2nulos que atende as exig\u00eancias de uma ampla gama de peixes marinhos on\u00edvoros, inclusive pelos marinhos carn\u00edvoros, que poder\u00e3o consumi-la sem contraindica\u00e7\u00f5es, e at\u00e9 de alguns crust\u00e1ceos, como os camar\u00f5es.<\/p>\n<p>Este alimento possui gr\u00e2nulos de 1 mm de di\u00e2metro que afundam lentamente tornando-se ideal para todos os peixes marinhos que se alimentam nas camadas intermedi\u00e1rias e no fundo, com aproveitamento integral de cada part\u00edcula.<\/p>\n<p>Enriquecido por diversos ingredientes de origem marinha, como farinha de peixe, lula, crust\u00e1ceos, krill, algas marinhas e spirulina, cont\u00e9m em sua composi\u00e7\u00e3o 50% de prote\u00ednas de alta digestibilidade proporcionando nutri\u00e7\u00e3o completa. Al\u00e9m disso, possui altos n\u00edveis de \u00e1cidos graxos poliinsaturados, cerca de 10% de extrato et\u00e9reo, fornecendo componentes altamente energ\u00e9ticos, formados por diferentes tipos de \u00e1cidos graxos, alguns deles essenciais para a sa\u00fade e o crescimento dos peixes.<\/p>\n<p>O correto balanceamento de amino\u00e1cidos \u00e9 o fator que promove a todos os peixes a taxa de crescimento satisfat\u00f3ria e os n\u00edveis de lip\u00eddeos, de \u00f4mega 3 e das vitaminas receberam especial suplementa\u00e7\u00e3o.<\/p>\n<p>Um detalhe que faz toda diferen\u00e7a na Marinhos Black Line \u00e9 que ela \u00e9 composta por dois tipos de gr\u00e2nulos, um rico em prote\u00edna de origem animal e outro com alta suplementa\u00e7\u00e3o de spirulina e algas marinhas, na propor\u00e7\u00e3o perfeita para fornecer para todos os peixes on\u00edvoros a fra\u00e7\u00e3o de prote\u00edna vegetal necess\u00e1ria para seu desenvolvimento. Sem contar que ra\u00e7\u00f5es que cont\u00e9m spirulina melhoram a condi\u00e7\u00e3o org\u00e2nica dos peixes ornamentais, aumentando a sua imunidade.<\/p>\n<p>A Marinhos Black Line n\u00e3o possui ingredientes transg\u00eanicos, como derivados de soja e milho, e n\u00e3o cont\u00e9m corantes artificiais, proporcionando uma alimenta\u00e7\u00e3o mais saud\u00e1vel a seus peixes.<\/p>\n<p>Modo de uso: sugerimos que ofere\u00e7a Poytara Marinhos Black Line de duas a tr\u00eas vezes ao dia, em quantidade suficiente para o completo consumo em poucos minutos. Este alimento poder\u00e1 ser utilizado simult\u00e2nea ou alternadamente com outros da Categoria Marinhos Black Line, de acordo com o h\u00e1bito alimentar da esp\u00e9cie em quest\u00e3o.<\/p>\n<p>Peixes indicados: todas as esp\u00e9cies de peixes marinhos on\u00edvoros e carn\u00edvoros como Peixe palha\u00e7o, Yellow tang, Blue tang, Angelfish, Lionfish, Peixe-borboleta, Donzelinha, Peixe-mandarim<\/p>\n<p>Atributos do Produto:<\/p>\n<p>Marca: Poytara<\/p>\n<p>Modelo: Marinhos Black Line 45g<\/p>\n<p>Tipo de Pet: Peixes<\/p>\n<p>Tipo de \u00c1gua: Salgada<\/p>\n<p>Formato Alimento: Gr\u00e3os<\/p>\n<p>Peso L\u00edq. Produto (Kg): 0,045<\/p>\n<p>Composi\u00e7\u00e3o|Formula\u00e7\u00e3o: Farinha de Peixe, Farinha de Lula, Farinha de Crust\u00e1ceos, Spirulina (m\u00edn. 15%), Algas Marinhas, Gl\u00faten de Trigo, Krill, Farinha de Insetos, Hidrolisado de Prote\u00edna Marinha, Algas Marinhas Calc\u00e1rias, \u00d3leo de F\u00edgado de Bacalhau, \u00d3leo de Peixe, \u00d3leo de Alho (m\u00edn. 0,1%), Astaxantina (m\u00edn. 200 mg), Betacaroteno (m\u00edn. 50 mg), Probi\u00f3tico, Nucleot\u00eddeos (m\u00edn. 500 mg), Suplemento Vitam\u00ednico e Mineral, \u00c1cido Propi\u00f4nico, Vitamina A, Vitamina D3, Vitamina E, Vitamina K3 (Menadiona), Vitamina B1 (Tiamina), Vitamina B2 (Riboflavina), Vitamina B6 (Piridoxina), Vitamina B12 (Cianocobalamina), Vitamina C (\u00c1cido Asc\u00f3rbico Monofosfatado), \u00c1cido Nicot\u00ednico, \u00c1cido Pantot\u00eanico, Cloreto de Colina, \u00c1cido F\u00f3lico, Biotina, Inositol, Sulfato de Cobalto, Iodato de C\u00e1lcio, Ferro Quelatado, Zinco Quelatado, Sel\u00eanio Org\u00e2nico, Aditivo Conservante (\u00c1cido Propi\u00f4nico) e Antioxidante (Vitamina E).<\/p>\n<p>Eventuais Substitutivos: G\u00earmen de Trigo, Fosfato Monoc\u00e1lcico, Farinha de Mexilh\u00e3o, Ervilha.<\/p>\n<p>Vitamina A UI\/Kg (M\u00edn.) 30000, Vitamina D3 UI\/Kg (M\u00edn.) 7500, Vitamina E UI\/Kg (M\u00edn.) 375, Vitamina K3 mg\/Kg (M\u00edn.) 37,5, Vitamina B1 mg\/Kg (M\u00edn.) 56,25, Vitamina B2 mg\/Kg (M\u00edn.) 56,25, Vitamina B6 mg\/Kg (M\u00edn.) 37,5, Vitamina B12 \u00b5g\/Kg (M\u00edn.) 75, Vitamina C mg\/Kg (M\u00edn.) 1000, Niacina mg\/Kg (M\u00edn.) 300, \u00c1cido Pantot\u00eanico mg\/Kg (M\u00edn.) 150, \u00c1cido F\u00f3lico mg\/Kg (M\u00edn.) 18,75, Biotina mg\/Kg (M\u00edn.) 1,88, Colina mg\/Kg (M\u00edn.) 1500, Ferro mg\/Kg (M\u00edn.) 187,5, Mangan\u00eas mg\/Kg (M\u00edn.) 56,25, Cobalto mg\/Kg (M\u00edn.) 0,38, Iodo mg\/Kg (M\u00edn.) 1,88, Zinco mg\/Kg (M\u00edn.) 187,5<\/p>","protected":false},"excerpt":{"rendered":"<p>Ra\u00e7\u00e3o Poytara Marinhos Black Line Pellets P 1mm 45g Principais Caracter\u00edsticas: I &#8211; Composta por gr\u00e3os bicoloridos, um rico em prote\u00edna de origem animal e outro com alta suplementa\u00e7\u00e3o de spirulina e algas marinhas; II &#8211; Proporciona efeitos ben\u00e9ficos sobre o sistema imune, crescimento e regenera\u00e7\u00e3o celular; III &#8211; Auxilia na promo\u00e7\u00e3o de uma excelente [&hellip;]<\/p>\n","protected":false},"featured_media":1410786218,"comment_status":"open","ping_status":"closed","template":"","meta":{"googlesitekit_rrm_CAow0N7NCw:productID":"","content-type":"","pmpro_default_level":"","_themeisle_gutenberg_block_has_review":false},"product_brand":[380],"product_cat":[57],"product_tag":[],"class_list":{"0":"post-1410784696","1":"product","2":"type-product","3":"status-publish","4":"has-post-thumbnail","6":"product_brand-poytara","7":"product_cat-alimentos","8":"pmpro-has-access","10":"first","11":"instock","12":"taxable","13":"shipping-taxable","14":"purchasable","15":"product-type-simple"},"_links":{"self":[{"href":"https:\/\/dinhosreef.com\/en\/wp-json\/wp\/v2\/product\/1410784696","targetHints":{"allow":["GET"]}}],"collection":[{"href":"https:\/\/dinhosreef.com\/en\/wp-json\/wp\/v2\/product"}],"about":[{"href":"https:\/\/dinhosreef.com\/en\/wp-json\/wp\/v2\/types\/product"}],"replies":[{"embeddable":true,"href":"https:\/\/dinhosreef.com\/en\/wp-json\/wp\/v2\/comments?post=1410784696"}],"wp:featuredmedia":[{"embeddable":true,"href":"https:\/\/dinhosreef.com\/en\/wp-json\/wp\/v2\/media\/1410786218"}],"wp:attachment":[{"href":"https:\/\/dinhosreef.com\/en\/wp-json\/wp\/v2\/media?parent=1410784696"}],"wp:term":[{"taxonomy":"product_brand","embeddable":true,"href":"https:\/\/dinhosreef.com\/en\/wp-json\/wp\/v2\/product_brand?post=1410784696"},{"taxonomy":"product_cat","embeddable":true,"href":"https:\/\/dinhosreef.com\/en\/wp-json\/wp\/v2\/product_cat?post=1410784696"},{"taxonomy":"product_tag","embeddable":true,"href":"https:\/\/dinhosreef.com\/en\/wp-json\/wp\/v2\/product_tag?post=1410784696"}],"curies":[{"name":"wp","href":"https:\/\/api.w.org\/{rel}","templated":true}]}}